{"id":294143,"date":"2026-03-26T09:02:45","date_gmt":"2026-03-26T08:02:45","guid":{"rendered":"https:\/\/megacase.com\/?post_type=product&#038;p=294143"},"modified":"2026-03-26T13:41:35","modified_gmt":"2026-03-26T12:41:35","slug":"etui-de-protection-pour-controleur-pioneer-ddj-flx-10-avec-glissiere","status":"publish","type":"product","link":"https:\/\/megacase.com\/fr\/produit\/etui-de-protection-pour-controleur-pioneer-ddj-flx-10-avec-glissiere\/","title":{"rendered":"\u00c9tui de protection pour contr\u00f4leur Pioneer DDJ FLX 10 avec glissi\u00e8re"},"content":{"rendered":"<p>Protection professionnelle pour DJ. Notre \u00e9tui de protection sp\u00e9cialement con\u00e7u pour le contr\u00f4leur Pioneer DDJ FLX 10 allie robustesse et ergonomie, pour les DJ les plus exigeants.<\/p>\n<p>\u00c0 l&rsquo;int\u00e9rieur, le fond et le couvercle sont dot\u00e9s d&rsquo;un rembourrage en mousse moul\u00e9e sur mesure, parfaitement adapt\u00e9 au Pioneer DDJ FLX 10.<\/p>\n<p>La glissi\u00e8re int\u00e9gr\u00e9e pour ordinateur portable assure un rangement s\u00e9curis\u00e9, tandis que le passage de c\u00e2ble de 10 cm de large \u00e0 l&rsquo;arri\u00e8re garantit une gestion impeccable des c\u00e2bles.<\/p>\n<p>Chaque chose \u00e0 sa place, \u00e0 port\u00e9e de main. <\/p>\n<p>Caract\u00e9ristiques :<br \/>\nContreplaqu\u00e9 ph\u00e9nolique brun de 6,8 mm<br \/>\nProfil\u00e9 aluminium 22 x 22 mm<br \/>\n4 \u00e9querres moyennes<br \/>\n4 \u00e9querres petites<br \/>\n4 fermoirs papillon<br \/>\n3 poign\u00e9es pliantes \u00e9troites<br \/>\n8 petites boules de protection en acier aux coins<br \/>\n4 pieds en caoutchouc 38 x 10 mm<br \/>\nRembourrage en mousse sur mesure pour le fond et le couvercle<\/p>\n<p>Fabriqu\u00e9 en Allemagne<br \/>\nDimensions ext\u00e9rieures (L x P x H) : 826 x 545 x 205 mm<br \/>\nPoids : 12,6 kg<\/p>\n","protected":false},"excerpt":{"rendered":"<p>Protection professionnelle pour DJ. Notre \u00e9tui de protection sp\u00e9cialement con\u00e7u pour le contr\u00f4leur Pioneer DDJ FLX 10 allie robustesse et<\/p>\n","protected":false},"featured_media":294088,"template":"","meta":{"_acf_changed":false},"product_brand":[],"product_cat":[13730],"product_tag":[],"class_list":{"0":"post-294143","1":"product","2":"type-product","3":"status-publish","4":"has-post-thumbnail","6":"product_cat-dj-cases-fr","8":"first","9":"instock","10":"taxable","11":"shipping-taxable","12":"purchasable","13":"product-type-simple"},"acf":[],"_links":{"self":[{"href":"https:\/\/megacase.com\/fr\/wp-json\/wp\/v2\/product\/294143","targetHints":{"allow":["GET"]}}],"collection":[{"href":"https:\/\/megacase.com\/fr\/wp-json\/wp\/v2\/product"}],"about":[{"href":"https:\/\/megacase.com\/fr\/wp-json\/wp\/v2\/types\/product"}],"wp:featuredmedia":[{"embeddable":true,"href":"https:\/\/megacase.com\/fr\/wp-json\/wp\/v2\/media\/294088"}],"wp:attachment":[{"href":"https:\/\/megacase.com\/fr\/wp-json\/wp\/v2\/media?parent=294143"}],"wp:term":[{"taxonomy":"product_brand","embeddable":true,"href":"https:\/\/megacase.com\/fr\/wp-json\/wp\/v2\/product_brand?post=294143"},{"taxonomy":"product_cat","embeddable":true,"href":"https:\/\/megacase.com\/fr\/wp-json\/wp\/v2\/product_cat?post=294143"},{"taxonomy":"product_tag","embeddable":true,"href":"https:\/\/megacase.com\/fr\/wp-json\/wp\/v2\/product_tag?post=294143"}],"curies":[{"name":"wp","href":"https:\/\/api.w.org\/{rel}","templated":true}]}}