{"id":294007,"date":"2026-03-26T09:02:45","date_gmt":"2026-03-26T08:02:45","guid":{"rendered":"https:\/\/megacase.com\/?post_type=product&#038;p=294007"},"modified":"2026-03-26T13:41:35","modified_gmt":"2026-03-26T12:41:35","slug":"etui-de-guitare-sur-mesure-effet-noyer-abk","status":"publish","type":"product","link":"https:\/\/megacase.com\/fr\/produit\/etui-de-guitare-sur-mesure-effet-noyer-abk\/","title":{"rendered":"\u00c9tui de guitare sur mesure effet noyer ABK"},"content":{"rendered":"<p>D\u00e9couvrez l&rsquo;\u00e9tui de guitare \u00e9lectrique ultime avec une incrustation personnalis\u00e9e !<\/p>\n<p>Prot\u00e9gez votre guitare \u00e9lectrique avec style et s\u00e9curit\u00e9 gr\u00e2ce \u00e0 notre \u00e9tui haut de gamme fabriqu\u00e9 en Allemagne.<\/p>\n<p>Gr\u00e2ce \u00e0 sa conception sur mesure, l&rsquo;\u00e9tui \u00e9pouse parfaitement les formes de votre guitare \u00e9lectrique.<\/p>\n<p>Pour une fabrication pr\u00e9cise, nous pouvons \u00eatre amen\u00e9s \u00e0 prendre les mesures de votre guitare.<\/p>\n<p>Caract\u00e9ristiques :<br \/>\nContreplaqu\u00e9 effet noyer 6,8 mm<br \/>\nProfil\u00e9 aluminium 22 x 22 mm<br \/>\n4 coins en L moyens<br \/>\n2 mini fermetures papillon<br \/>\n2 grandes charni\u00e8res de verrouillage<br \/>\n1 poign\u00e9e en tissu<br \/>\n8 petits coins \u00e0 billes en acier<br \/>\n4 pieds en caoutchouc 25 x 11 mm<\/p>\n<p>Fabriqu\u00e9 en Allemagne, notre \u00e9tui de guitare \u00e9lectrique r\u00e9pond aux normes de qualit\u00e9 les plus exigeantes.<\/p>\n<p>Dimensions ext\u00e9rieures : L x P x H 1216 x 460 x 156 mm<br \/>\nPoids : 9 kg<br \/>\nOffrez \u00e0 votre guitare la protection qu&rsquo;elle m\u00e9rite \u2013 avec notre \u00e9tui !<\/p>\n<p>*Veuillez noter que le produit r\u00e9el peut diff\u00e9rer des images pr\u00e9sent\u00e9es.*<\/p>\n","protected":false},"excerpt":{"rendered":"<p>D\u00e9couvrez l&rsquo;\u00e9tui de guitare \u00e9lectrique ultime avec une incrustation personnalis\u00e9e ! Prot\u00e9gez votre guitare \u00e9lectrique avec style et s\u00e9curit\u00e9 gr\u00e2ce<\/p>\n","protected":false},"featured_media":294003,"template":"","meta":{"_acf_changed":false},"product_brand":[],"product_cat":[16364],"product_tag":[],"class_list":{"0":"post-294007","1":"product","2":"type-product","3":"status-publish","4":"has-post-thumbnail","6":"product_cat-cases-fuer-gitarre-und-bass-fr","8":"first","9":"instock","10":"taxable","11":"shipping-taxable","12":"purchasable","13":"product-type-simple"},"acf":[],"_links":{"self":[{"href":"https:\/\/megacase.com\/fr\/wp-json\/wp\/v2\/product\/294007","targetHints":{"allow":["GET"]}}],"collection":[{"href":"https:\/\/megacase.com\/fr\/wp-json\/wp\/v2\/product"}],"about":[{"href":"https:\/\/megacase.com\/fr\/wp-json\/wp\/v2\/types\/product"}],"wp:featuredmedia":[{"embeddable":true,"href":"https:\/\/megacase.com\/fr\/wp-json\/wp\/v2\/media\/294003"}],"wp:attachment":[{"href":"https:\/\/megacase.com\/fr\/wp-json\/wp\/v2\/media?parent=294007"}],"wp:term":[{"taxonomy":"product_brand","embeddable":true,"href":"https:\/\/megacase.com\/fr\/wp-json\/wp\/v2\/product_brand?post=294007"},{"taxonomy":"product_cat","embeddable":true,"href":"https:\/\/megacase.com\/fr\/wp-json\/wp\/v2\/product_cat?post=294007"},{"taxonomy":"product_tag","embeddable":true,"href":"https:\/\/megacase.com\/fr\/wp-json\/wp\/v2\/product_tag?post=294007"}],"curies":[{"name":"wp","href":"https:\/\/api.w.org\/{rel}","templated":true}]}}