{"id":293874,"date":"2026-03-26T09:02:45","date_gmt":"2026-03-26T08:02:45","guid":{"rendered":"https:\/\/megacase.com\/?post_type=product&#038;p=293874"},"modified":"2026-03-26T13:52:54","modified_gmt":"2026-03-26T12:52:54","slug":"coffret-a-accessoires-110-x-40-x-40-cm","status":"publish","type":"product","link":"https:\/\/megacase.com\/fr\/produit\/coffret-a-accessoires-110-x-40-x-40-cm\/","title":{"rendered":"Coffret \u00e0 accessoires 110 x 40 x 40 cm"},"content":{"rendered":"<p>Dites adieu aux c\u00e2bles emm\u00eal\u00e9s et aux pi\u00e8ces qui tra\u00eenent ! Ce coffret \u00e0 accessoires robuste vous permet de ranger et d&rsquo;organiser vos accessoires lors du transport et du stockage. Id\u00e9al pour les c\u00e2bles, les outils et les accessoires techniques.<\/p>\n<p>Gr\u00e2ce au jeu de s\u00e9parateurs optionnel (r\u00e9f. 251870), l&rsquo;int\u00e9rieur est personnalisable et optimis\u00e9. Chaque \u00e9l\u00e9ment reste \u00e0 sa place et est toujours \u00e0 port\u00e9e de main.<\/p>\n<p>Caract\u00e9ristiques :<br \/>\nContreplaqu\u00e9 de 6,8 mm recouvert de r\u00e9sine ph\u00e9nolique brune<br \/>\nProfil\u00e9 en aluminium 30 x 30 mm<br \/>\n4 \u00e9querres moyennes en L<br \/>\n2 fermetures papillon moyennes \u00e0 ressort<br \/>\n2 grandes charni\u00e8res de verrouillage<br \/>\n2 poign\u00e9es pliantes moyennes<br \/>\n4 \u00e9querres \u00e0 billes en acier<br \/>\n4 \u00e9querres \u00e0 billes en acier empilables (fond)<\/p>\n<p>Fabriqu\u00e9 en Allemagne<br \/>\nDimensions ext\u00e9rieures : (L x H x P) 1145 x 440 x 440 mm<br \/>\nPoids : 14,2 kg<\/p>\n","protected":false},"excerpt":{"rendered":"<p>Dites adieu aux c\u00e2bles emm\u00eal\u00e9s et aux pi\u00e8ces qui tra\u00eenent ! Ce coffret \u00e0 accessoires robuste vous permet de ranger<\/p>\n","protected":false},"featured_media":293867,"template":"","meta":{"_acf_changed":false},"product_brand":[],"product_cat":[16336,13693],"product_tag":[],"class_list":{"0":"post-293874","1":"product","2":"type-product","3":"status-publish","4":"has-post-thumbnail","6":"product_cat-uncategorized-fr","7":"product_cat-truhen-cases-fr","9":"first","10":"instock","11":"taxable","12":"shipping-taxable","13":"purchasable","14":"product-type-simple"},"acf":[],"_links":{"self":[{"href":"https:\/\/megacase.com\/fr\/wp-json\/wp\/v2\/product\/293874","targetHints":{"allow":["GET"]}}],"collection":[{"href":"https:\/\/megacase.com\/fr\/wp-json\/wp\/v2\/product"}],"about":[{"href":"https:\/\/megacase.com\/fr\/wp-json\/wp\/v2\/types\/product"}],"wp:featuredmedia":[{"embeddable":true,"href":"https:\/\/megacase.com\/fr\/wp-json\/wp\/v2\/media\/293867"}],"wp:attachment":[{"href":"https:\/\/megacase.com\/fr\/wp-json\/wp\/v2\/media?parent=293874"}],"wp:term":[{"taxonomy":"product_brand","embeddable":true,"href":"https:\/\/megacase.com\/fr\/wp-json\/wp\/v2\/product_brand?post=293874"},{"taxonomy":"product_cat","embeddable":true,"href":"https:\/\/megacase.com\/fr\/wp-json\/wp\/v2\/product_cat?post=293874"},{"taxonomy":"product_tag","embeddable":true,"href":"https:\/\/megacase.com\/fr\/wp-json\/wp\/v2\/product_tag?post=293874"}],"curies":[{"name":"wp","href":"https:\/\/api.w.org\/{rel}","templated":true}]}}