{"id":293681,"date":"2016-01-12T00:00:00","date_gmt":"2016-01-11T23:00:00","guid":{"rendered":"https:\/\/megacase.com\/product\/baie-rack-19-pour-scanners-avec-rails-reglables\/"},"modified":"2026-04-09T13:03:30","modified_gmt":"2026-04-09T11:03:30","slug":"baie-rack-19-pour-scanners-avec-rails-reglables","status":"publish","type":"product","link":"https:\/\/megacase.com\/fr\/produit\/baie-rack-19-pour-scanners-avec-rails-reglables\/","title":{"rendered":"Baie rack 19&Prime; pour scanners avec rails r\u00e9glables"},"content":{"rendered":"<p>Cette baie rack compacte et robuste est id\u00e9ale pour l&rsquo;installation d&rsquo;appareils 19&Prime; tels que des scanners. Avec une hauteur de 4U (profondeur d&rsquo;encastrement de 20 cm) et une profondeur d&rsquo;encastrement de 8,5 cm \u00e0 partir des rails, elle offre une solution compacte et fonctionnelle pour une utilisation mobile.<\/p>\n<p>Le couvercle amovible permet un acc\u00e8s rapide aux composants internes. Les rails r\u00e9glables en continu sont particuli\u00e8rement pratiques et permettent une installation flexible. Toute la visserie n\u00e9cessaire au montage est fournie. Quatre pieds en caoutchouc assurent la stabilit\u00e9.<\/p>\n<p>Caract\u00e9ristiques :<br \/>\nContreplaqu\u00e9 ph\u00e9nolique brun de 6,8 mm<br \/>\nProfil\u00e9 aluminium 22 x 22 mm<br \/>\n2 fermetures \u00e0 clip avec \u0153illets<br \/>\n1 poign\u00e9e de transport<br \/>\n8 coins \u00e0 billes en acier<br \/>\n4 pieds en caoutchouc 25 x 15 mm<br \/>\nRail r\u00e9glable en continu<br \/>\nKit de visserie<\/p>\n<p>** Remarque : Les appareils pr\u00e9sent\u00e9s sont \u00e0 titre indicatif seulement et ne font PAS partie de l&rsquo;offre.<\/p>\n<p>Fabriqu\u00e9 en Allemagne<br \/>\nDimensions ext\u00e9rieures (L x P x H) : env. 56,3 x 23,8 x 16,4 cm<br \/>\nPoids : env. 3,8 kg<\/p>\n","protected":false},"excerpt":{"rendered":"<p>Cette baie rack compacte et robuste est id\u00e9ale pour l&rsquo;installation d&rsquo;appareils 19&Prime; tels que des scanners. Avec une hauteur de<\/p>\n","protected":false},"featured_media":293733,"template":"","meta":{"_acf_changed":false},"product_brand":[],"product_cat":[13691],"product_tag":[],"class_list":{"0":"post-293681","1":"product","2":"type-product","3":"status-publish","4":"has-post-thumbnail","6":"product_cat-koffer-cases-fr","8":"first","9":"instock","10":"taxable","11":"shipping-taxable","12":"purchasable","13":"product-type-simple"},"acf":[],"_links":{"self":[{"href":"https:\/\/megacase.com\/fr\/wp-json\/wp\/v2\/product\/293681","targetHints":{"allow":["GET"]}}],"collection":[{"href":"https:\/\/megacase.com\/fr\/wp-json\/wp\/v2\/product"}],"about":[{"href":"https:\/\/megacase.com\/fr\/wp-json\/wp\/v2\/types\/product"}],"wp:featuredmedia":[{"embeddable":true,"href":"https:\/\/megacase.com\/fr\/wp-json\/wp\/v2\/media\/293733"}],"wp:attachment":[{"href":"https:\/\/megacase.com\/fr\/wp-json\/wp\/v2\/media?parent=293681"}],"wp:term":[{"taxonomy":"product_brand","embeddable":true,"href":"https:\/\/megacase.com\/fr\/wp-json\/wp\/v2\/product_brand?post=293681"},{"taxonomy":"product_cat","embeddable":true,"href":"https:\/\/megacase.com\/fr\/wp-json\/wp\/v2\/product_cat?post=293681"},{"taxonomy":"product_tag","embeddable":true,"href":"https:\/\/megacase.com\/fr\/wp-json\/wp\/v2\/product_tag?post=293681"}],"curies":[{"name":"wp","href":"https:\/\/api.w.org\/{rel}","templated":true}]}}