{"id":292224,"date":"2026-03-18T15:40:00","date_gmt":"2026-03-18T14:40:00","guid":{"rendered":"https:\/\/megacase.com\/product\/6u-eco-ii-rack-36\/"},"modified":"2026-04-09T13:01:45","modified_gmt":"2026-04-09T11:01:45","slug":"6u-eco-ii-rack-36","status":"publish","type":"product","link":"https:\/\/megacase.com\/fr\/produit\/6u-eco-ii-rack-36\/","title":{"rendered":"6U Eco II rack 36"},"content":{"rendered":"<p>\u00c9quip\u00e9 de rails avant r\u00e9glables, ce rack vous permet d&rsquo;installer facilement vos appareils 19 pouces \u00e0 l&rsquo;aide des vis fournies.<\/p>\n<p>Hauteur utile\u00a0: 6U<br \/>\nProfondeur d&rsquo;installation\u00a0: 33\u00a0cm<br \/>\nPlastique double paroi 7\u00a0mm<br \/>\nC\u00f4t\u00e9s en aluminium 22\u00a0x\u00a022\u00a0mm \/ 25\u00a0x\u00a025\u00a0mm<br \/>\n4\u00a0verrous de fixation<br \/>\n1\u00a0poign\u00e9e de transport<br \/>\n4\u00a0pieds en caoutchouc<br \/>\nCoins \u00e0 billes en acier<br \/>\nRail r\u00e9glable avec visserie<\/p>\n<p>Dimensions ext\u00e9rieures approximatives (L\u00a0x\u00a0H\u00a0x\u00a0P)\u00a0: 535\u00a0x\u00a0273\u00a0x\u00a0475\u00a0mm<br \/>\nPoids\u00a0: 5,1\u00a0kg<\/p>\n","protected":false},"excerpt":{"rendered":"<p>\u00c9quip\u00e9 de rails avant r\u00e9glables, ce rack vous permet d&rsquo;installer facilement vos appareils 19 pouces \u00e0 l&rsquo;aide des vis fournies.<\/p>\n","protected":false},"featured_media":292251,"template":"","meta":{"_acf_changed":false},"product_brand":[],"product_cat":[13593],"product_tag":[],"class_list":{"0":"post-292224","1":"product","2":"type-product","3":"status-publish","4":"has-post-thumbnail","6":"product_cat-racks-fr","8":"first","9":"instock","10":"taxable","11":"shipping-taxable","12":"purchasable","13":"product-type-simple"},"acf":[],"_links":{"self":[{"href":"https:\/\/megacase.com\/fr\/wp-json\/wp\/v2\/product\/292224","targetHints":{"allow":["GET"]}}],"collection":[{"href":"https:\/\/megacase.com\/fr\/wp-json\/wp\/v2\/product"}],"about":[{"href":"https:\/\/megacase.com\/fr\/wp-json\/wp\/v2\/types\/product"}],"wp:featuredmedia":[{"embeddable":true,"href":"https:\/\/megacase.com\/fr\/wp-json\/wp\/v2\/media\/292251"}],"wp:attachment":[{"href":"https:\/\/megacase.com\/fr\/wp-json\/wp\/v2\/media?parent=292224"}],"wp:term":[{"taxonomy":"product_brand","embeddable":true,"href":"https:\/\/megacase.com\/fr\/wp-json\/wp\/v2\/product_brand?post=292224"},{"taxonomy":"product_cat","embeddable":true,"href":"https:\/\/megacase.com\/fr\/wp-json\/wp\/v2\/product_cat?post=292224"},{"taxonomy":"product_tag","embeddable":true,"href":"https:\/\/megacase.com\/fr\/wp-json\/wp\/v2\/product_tag?post=292224"}],"curies":[{"name":"wp","href":"https:\/\/api.w.org\/{rel}","templated":true}]}}