{"id":292199,"date":"2026-03-18T14:24:50","date_gmt":"2026-03-18T13:24:50","guid":{"rendered":"https:\/\/megacase.com\/product\/10u-eco-wood-rack-40\/"},"modified":"2026-04-09T12:37:42","modified_gmt":"2026-04-09T10:37:42","slug":"10u-eco-wood-rack-40","status":"publish","type":"product","link":"https:\/\/megacase.com\/fr\/produit\/10u-eco-wood-rack-40\/","title":{"rendered":"10U Eco Wood Rack 40"},"content":{"rendered":"<p>Hauteur utile\u00a0: 10U<br \/>\nProfondeur d&rsquo;installation\u00a0: 38,5\u00a0cm<br \/>\n\u00c9paisseur\u00a0: 6,8\u00a0mm<br \/>\nCouleur\u00a0: Rev\u00eatement en r\u00e9sine ph\u00e9nolique marron<br \/>\nProfil\u00e9s aluminium 22\u00a0x\u00a022\u00a0mm et 25\u00a0x\u00a025\u00a0mm<br \/>\n2\u00a0poign\u00e9es rabattables<br \/>\n4\u00a0verrous \u00e0 enclenchement<br \/>\n4\u00a0grands pieds en caoutchouc<br \/>\nCoins \u00e0 billes en acier<br \/>\nRail de rack r\u00e9glable en continu, visserie de montage incluse<\/p>\n<p>Dimensions externes (L\u00a0x\u00a0H\u00a0x\u00a0P)\u00a0: 535\u00a0x\u00a0498\u00a0x\u00a0506\u00a0mm<br \/>\nPoids\u00a0: 11\u00a0kg<\/p>\n","protected":false},"excerpt":{"rendered":"<p>Hauteur utile\u00a0: 10U Profondeur d&rsquo;installation\u00a0: 38,5\u00a0cm \u00c9paisseur\u00a0: 6,8\u00a0mm Couleur\u00a0: Rev\u00eatement en r\u00e9sine ph\u00e9nolique marron Profil\u00e9s aluminium 22\u00a0x\u00a022\u00a0mm et 25\u00a0x\u00a025\u00a0mm 2\u00a0poign\u00e9es<\/p>\n","protected":false},"featured_media":292523,"template":"","meta":{"_acf_changed":false},"product_brand":[],"product_cat":[13593],"product_tag":[],"class_list":{"0":"post-292199","1":"product","2":"type-product","3":"status-publish","4":"has-post-thumbnail","6":"product_cat-racks-fr","8":"first","9":"instock","10":"taxable","11":"shipping-taxable","12":"purchasable","13":"product-type-simple"},"acf":[],"_links":{"self":[{"href":"https:\/\/megacase.com\/fr\/wp-json\/wp\/v2\/product\/292199","targetHints":{"allow":["GET"]}}],"collection":[{"href":"https:\/\/megacase.com\/fr\/wp-json\/wp\/v2\/product"}],"about":[{"href":"https:\/\/megacase.com\/fr\/wp-json\/wp\/v2\/types\/product"}],"wp:featuredmedia":[{"embeddable":true,"href":"https:\/\/megacase.com\/fr\/wp-json\/wp\/v2\/media\/292523"}],"wp:attachment":[{"href":"https:\/\/megacase.com\/fr\/wp-json\/wp\/v2\/media?parent=292199"}],"wp:term":[{"taxonomy":"product_brand","embeddable":true,"href":"https:\/\/megacase.com\/fr\/wp-json\/wp\/v2\/product_brand?post=292199"},{"taxonomy":"product_cat","embeddable":true,"href":"https:\/\/megacase.com\/fr\/wp-json\/wp\/v2\/product_cat?post=292199"},{"taxonomy":"product_tag","embeddable":true,"href":"https:\/\/megacase.com\/fr\/wp-json\/wp\/v2\/product_tag?post=292199"}],"curies":[{"name":"wp","href":"https:\/\/api.w.org\/{rel}","templated":true}]}}