{"id":292191,"date":"2026-03-18T14:15:21","date_gmt":"2026-03-18T13:15:21","guid":{"rendered":"https:\/\/megacase.com\/product\/6u-eco-wood-rack-40\/"},"modified":"2026-04-09T12:35:30","modified_gmt":"2026-04-09T10:35:30","slug":"6u-eco-wood-rack-40","status":"publish","type":"product","link":"https:\/\/megacase.com\/fr\/produit\/6u-eco-wood-rack-40\/","title":{"rendered":"6U Eco Wood Rack 40"},"content":{"rendered":"<p>Les racks 19&Prime; sont id\u00e9aux pour installer amplificateurs de puissance, unit\u00e9s d&rsquo;effets, \u00e9galiseurs et tous les appareils 19&Prime; courants, quelle que soit leur profondeur d&rsquo;encastrement. La conception de ce flight case permet un acc\u00e8s facile des deux c\u00f4t\u00e9s, facilitant ainsi le remplacement des composants. Ferm\u00e9, le rack offre une protection optimale pendant le transport. Pour plus de confort, optez pour les roulettes. Disponibles avec ou sans freins (roues bleues), elles am\u00e9liorent consid\u00e9rablement la maniabilit\u00e9. Chaque rack 19&Prime; Megacase est garanti \u00ab\u00a0Fabriqu\u00e9 en Allemagne\u00a0\u00bb.<\/p>\n<p>Hauteur d&rsquo;installation\u00a0: 6U<br \/>\nProfondeur d&rsquo;installation\u00a0: 38,5\u00a0cm<br \/>\nContreplaqu\u00e9 de 6,8\u00a0mm<br \/>\nCouleur\u00a0: Marron, rev\u00eatement en r\u00e9sine ph\u00e9nolique<br \/>\nProfil\u00e9 aluminium 22\u00a0x\u00a022\u00a0mm \/ 25\u00a0x\u00a025\u00a0mm<br \/>\n2 poign\u00e9es rabattables<br \/>\n4 fermetures \u00e0 pression<br \/>\nPieds en caoutchouc<br \/>\nCoins \u00e0 billes en acier<br \/>\nRail de rack r\u00e9glable en continu, visserie de montage incluse<\/p>\n<p>Dimensions ext\u00e9rieures (L\u00a0x\u00a0H\u00a0x\u00a0P)\u00a0: env. 535\u00a0x\u00a0318\u00a0x\u00a0506\u00a0mm<br \/>\nPoids\u00a0: env. 8,5\u00a0kg<\/p>\n","protected":false},"excerpt":{"rendered":"<p>Les racks 19&Prime; sont id\u00e9aux pour installer amplificateurs de puissance, unit\u00e9s d&rsquo;effets, \u00e9galiseurs et tous les appareils 19&Prime; courants, quelle<\/p>\n","protected":false},"featured_media":292595,"template":"","meta":{"_acf_changed":false},"product_brand":[],"product_cat":[13593],"product_tag":[],"class_list":{"0":"post-292191","1":"product","2":"type-product","3":"status-publish","4":"has-post-thumbnail","6":"product_cat-racks-fr","8":"first","9":"instock","10":"taxable","11":"shipping-taxable","12":"purchasable","13":"product-type-simple"},"acf":[],"_links":{"self":[{"href":"https:\/\/megacase.com\/fr\/wp-json\/wp\/v2\/product\/292191","targetHints":{"allow":["GET"]}}],"collection":[{"href":"https:\/\/megacase.com\/fr\/wp-json\/wp\/v2\/product"}],"about":[{"href":"https:\/\/megacase.com\/fr\/wp-json\/wp\/v2\/types\/product"}],"wp:featuredmedia":[{"embeddable":true,"href":"https:\/\/megacase.com\/fr\/wp-json\/wp\/v2\/media\/292595"}],"wp:attachment":[{"href":"https:\/\/megacase.com\/fr\/wp-json\/wp\/v2\/media?parent=292191"}],"wp:term":[{"taxonomy":"product_brand","embeddable":true,"href":"https:\/\/megacase.com\/fr\/wp-json\/wp\/v2\/product_brand?post=292191"},{"taxonomy":"product_cat","embeddable":true,"href":"https:\/\/megacase.com\/fr\/wp-json\/wp\/v2\/product_cat?post=292191"},{"taxonomy":"product_tag","embeddable":true,"href":"https:\/\/megacase.com\/fr\/wp-json\/wp\/v2\/product_tag?post=292191"}],"curies":[{"name":"wp","href":"https:\/\/api.w.org\/{rel}","templated":true}]}}