{"id":292186,"date":"2026-03-18T14:11:37","date_gmt":"2026-03-18T13:11:37","guid":{"rendered":"https:\/\/megacase.com\/product\/5u-eco-wood-rack-40\/"},"modified":"2026-04-09T12:34:08","modified_gmt":"2026-04-09T10:34:08","slug":"5u-eco-wood-rack-40","status":"publish","type":"product","link":"https:\/\/megacase.com\/fr\/produit\/5u-eco-wood-rack-40\/","title":{"rendered":"5U Eco Wood Rack 40"},"content":{"rendered":"<p>Hauteur d&rsquo;installation\u00a0: 5U<\/p>\n<p>Profondeur d&rsquo;installation\u00a0: 37\u00a0cm<\/p>\n<p>Panneaux\u00a0: multiplex 6,8\u00a0mm<br \/>\nCouleur\u00a0: R\u00e9sine ph\u00e9nolique marron<br \/>\nProfil\u00e9s aluminium 22\u00a0x\u00a022\u00a0mm \/ 25\u00a0x\u00a025\u00a0mm<br \/>\n2\u00a0poign\u00e9es rabattables<br \/>\n4\u00a0verrous \u00e0 pression<br \/>\nPieds en caoutchouc<br \/>\nCoins \u00e0 billes en acier<br \/>\nRail de rack r\u00e9glable en continu avec visserie de montage<br \/>\nDimensions ext\u00e9rieures (L\u00a0x\u00a0H\u00a0x\u00a0P)\u00a0: env. 535\u00a0x\u00a0273\u00a0x\u00a0506\u00a0mm<br \/>\nPoids\u00a0: env. 8,1\u00a0kg<\/p>\n","protected":false},"excerpt":{"rendered":"<p>Hauteur d&rsquo;installation\u00a0: 5U Profondeur d&rsquo;installation\u00a0: 37\u00a0cm Panneaux\u00a0: multiplex 6,8\u00a0mm Couleur\u00a0: R\u00e9sine ph\u00e9nolique marron Profil\u00e9s aluminium 22\u00a0x\u00a022\u00a0mm \/ 25\u00a0x\u00a025\u00a0mm 2\u00a0poign\u00e9es rabattables<\/p>\n","protected":false},"featured_media":292631,"template":"","meta":{"_acf_changed":false},"product_brand":[],"product_cat":[13593],"product_tag":[],"class_list":{"0":"post-292186","1":"product","2":"type-product","3":"status-publish","4":"has-post-thumbnail","6":"product_cat-racks-fr","8":"first","9":"instock","10":"taxable","11":"shipping-taxable","12":"purchasable","13":"product-type-simple"},"acf":[],"_links":{"self":[{"href":"https:\/\/megacase.com\/fr\/wp-json\/wp\/v2\/product\/292186","targetHints":{"allow":["GET"]}}],"collection":[{"href":"https:\/\/megacase.com\/fr\/wp-json\/wp\/v2\/product"}],"about":[{"href":"https:\/\/megacase.com\/fr\/wp-json\/wp\/v2\/types\/product"}],"wp:featuredmedia":[{"embeddable":true,"href":"https:\/\/megacase.com\/fr\/wp-json\/wp\/v2\/media\/292631"}],"wp:attachment":[{"href":"https:\/\/megacase.com\/fr\/wp-json\/wp\/v2\/media?parent=292186"}],"wp:term":[{"taxonomy":"product_brand","embeddable":true,"href":"https:\/\/megacase.com\/fr\/wp-json\/wp\/v2\/product_brand?post=292186"},{"taxonomy":"product_cat","embeddable":true,"href":"https:\/\/megacase.com\/fr\/wp-json\/wp\/v2\/product_cat?post=292186"},{"taxonomy":"product_tag","embeddable":true,"href":"https:\/\/megacase.com\/fr\/wp-json\/wp\/v2\/product_tag?post=292186"}],"curies":[{"name":"wp","href":"https:\/\/api.w.org\/{rel}","templated":true}]}}