{"id":292180,"date":"2026-03-18T14:06:11","date_gmt":"2026-03-18T13:06:11","guid":{"rendered":"https:\/\/megacase.com\/product\/3u-eco-wood-rack-40\/"},"modified":"2026-04-09T12:17:14","modified_gmt":"2026-04-09T10:17:14","slug":"3u-eco-wood-rack-40","status":"publish","type":"product","link":"https:\/\/megacase.com\/fr\/produit\/3u-eco-wood-rack-40\/","title":{"rendered":"3U Eco Wood Rack 40"},"content":{"rendered":"<p>Le rack en bois Eco 3U poss\u00e8de une profondeur de 40 cm, permettant l&rsquo;installation d&rsquo;appareils d&rsquo;une profondeur maximale de 37 cm.<\/p>\n<p>Hauteur d&rsquo;installation\u00a0: 3U<br \/>\nProfondeur d&rsquo;installation\u00a0: 38,5 cm<br \/>\nContreplaqu\u00e9 de 6,8 mm<br \/>\nCouleur\u00a0: Brun, rev\u00eatement en r\u00e9sine ph\u00e9nolique<br \/>\nProfil\u00e9s en aluminium 22 x 22 mm \/ 25 x 25 mm<br \/>\n2 poign\u00e9es rabattables<br \/>\n4 fermetures \u00e0 clip<br \/>\nPieds en caoutchouc<br \/>\nCoins \u00e0 billes en acier<br \/>\nRail r\u00e9glable en continu, visserie de montage incluse<br \/>\nFabriqu\u00e9 en Allemagne<\/p>\n<p>Dimensions ext\u00e9rieures\u00a0:L x H x P\u00a0: 535 x 183 x 506 mm<br \/>\nPoids\u00a0: 6,8 kg<\/p>\n","protected":false},"excerpt":{"rendered":"<p>Le rack en bois Eco 3U poss\u00e8de une profondeur de 40 cm, permettant l&rsquo;installation d&rsquo;appareils d&rsquo;une profondeur maximale de 37<\/p>\n","protected":false},"featured_media":292671,"template":"","meta":{"_acf_changed":false},"product_brand":[],"product_cat":[13593],"product_tag":[],"class_list":{"0":"post-292180","1":"product","2":"type-product","3":"status-publish","4":"has-post-thumbnail","6":"product_cat-racks-fr","8":"first","9":"instock","10":"taxable","11":"shipping-taxable","12":"purchasable","13":"product-type-simple"},"acf":[],"_links":{"self":[{"href":"https:\/\/megacase.com\/fr\/wp-json\/wp\/v2\/product\/292180","targetHints":{"allow":["GET"]}}],"collection":[{"href":"https:\/\/megacase.com\/fr\/wp-json\/wp\/v2\/product"}],"about":[{"href":"https:\/\/megacase.com\/fr\/wp-json\/wp\/v2\/types\/product"}],"wp:featuredmedia":[{"embeddable":true,"href":"https:\/\/megacase.com\/fr\/wp-json\/wp\/v2\/media\/292671"}],"wp:attachment":[{"href":"https:\/\/megacase.com\/fr\/wp-json\/wp\/v2\/media?parent=292180"}],"wp:term":[{"taxonomy":"product_brand","embeddable":true,"href":"https:\/\/megacase.com\/fr\/wp-json\/wp\/v2\/product_brand?post=292180"},{"taxonomy":"product_cat","embeddable":true,"href":"https:\/\/megacase.com\/fr\/wp-json\/wp\/v2\/product_cat?post=292180"},{"taxonomy":"product_tag","embeddable":true,"href":"https:\/\/megacase.com\/fr\/wp-json\/wp\/v2\/product_tag?post=292180"}],"curies":[{"name":"wp","href":"https:\/\/api.w.org\/{rel}","templated":true}]}}