{"id":292178,"date":"2026-03-18T13:59:41","date_gmt":"2026-03-18T12:59:41","guid":{"rendered":"https:\/\/megacase.com\/product\/2u-eco-wood-rack-40\/"},"modified":"2026-03-26T13:41:45","modified_gmt":"2026-03-26T12:41:45","slug":"2u-eco-wood-rack-40","status":"publish","type":"product","link":"https:\/\/megacase.com\/fr\/produit\/2u-eco-wood-rack-40\/","title":{"rendered":"2U Eco Wood Rack 40"},"content":{"rendered":"<p>La s\u00e9rie Eco est id\u00e9ale pour les appareils 19 pouces compacts et l\u00e9gers.<\/p>\n<p>Hauteur d&rsquo;installation\u00a0: 2U<br \/>\nProfondeur d&rsquo;installation\u00a0: 37\u00a0cm<br \/>\nProfondeur du meuble\u00a0: 40\u00a0cm<br \/>\nContreplaqu\u00e9 multiplex 6,8\u00a0mm<br \/>\nCouleur\u00a0: marron<br \/>\nProfil\u00e9s aluminium 22\u00a0x\u00a022\u00a0mm \/ 25\u00a0x\u00a025\u00a0mm<br \/>\n2 poign\u00e9es rabattables<br \/>\n8 verrous \u00e0 enclenchement<br \/>\nPieds en caoutchouc<br \/>\nCoins \u00e0 billes en acier<br \/>\nRail de rack r\u00e9glable en continu avec visserie de montage<\/p>\n<p>Dimensions ext\u00e9rieures (L\u00a0x\u00a0H\u00a0x\u00a0P)\u00a0: 535\u00a0x\u00a0148\u00a0x\u00a0506\u00a0mm<br \/>\nPoids\u00a0: 6,5\u00a0kg<\/p>\n","protected":false},"excerpt":{"rendered":"<p>La s\u00e9rie Eco est id\u00e9ale pour les appareils 19 pouces compacts et l\u00e9gers. Hauteur d&rsquo;installation\u00a0: 2U Profondeur d&rsquo;installation\u00a0: 37\u00a0cm Profondeur<\/p>\n","protected":false},"featured_media":292711,"template":"","meta":{"_acf_changed":false},"product_brand":[],"product_cat":[13593],"product_tag":[],"class_list":{"0":"post-292178","1":"product","2":"type-product","3":"status-publish","4":"has-post-thumbnail","6":"product_cat-racks-fr","8":"first","9":"instock","10":"taxable","11":"shipping-taxable","12":"purchasable","13":"product-type-simple"},"acf":[],"_links":{"self":[{"href":"https:\/\/megacase.com\/fr\/wp-json\/wp\/v2\/product\/292178","targetHints":{"allow":["GET"]}}],"collection":[{"href":"https:\/\/megacase.com\/fr\/wp-json\/wp\/v2\/product"}],"about":[{"href":"https:\/\/megacase.com\/fr\/wp-json\/wp\/v2\/types\/product"}],"wp:featuredmedia":[{"embeddable":true,"href":"https:\/\/megacase.com\/fr\/wp-json\/wp\/v2\/media\/292711"}],"wp:attachment":[{"href":"https:\/\/megacase.com\/fr\/wp-json\/wp\/v2\/media?parent=292178"}],"wp:term":[{"taxonomy":"product_brand","embeddable":true,"href":"https:\/\/megacase.com\/fr\/wp-json\/wp\/v2\/product_brand?post=292178"},{"taxonomy":"product_cat","embeddable":true,"href":"https:\/\/megacase.com\/fr\/wp-json\/wp\/v2\/product_cat?post=292178"},{"taxonomy":"product_tag","embeddable":true,"href":"https:\/\/megacase.com\/fr\/wp-json\/wp\/v2\/product_tag?post=292178"}],"curies":[{"name":"wp","href":"https:\/\/api.w.org\/{rel}","templated":true}]}}