{"id":292172,"date":"2026-03-18T13:48:02","date_gmt":"2026-03-18T12:48:02","guid":{"rendered":"https:\/\/megacase.com\/product\/20u-live-rack-45\/"},"modified":"2026-04-09T12:16:08","modified_gmt":"2026-04-09T10:16:08","slug":"20u-live-rack-45","status":"publish","type":"product","link":"https:\/\/megacase.com\/fr\/produit\/20u-live-rack-45\/","title":{"rendered":"20U Live Rack 45"},"content":{"rendered":"<p>Avec des roues bleues frein\u00e9es et non frein\u00e9es, la maniabilit\u00e9 est nettement am\u00e9lior\u00e9e.<br \/>\nChaque rack 19 pouces Megacase est garanti \u00ab\u00a0Fabriqu\u00e9 en Allemagne\u00a0\u00bb.<\/p>\n<p>Hauteur utile\u00a0: 20U<br \/>\nProfondeur du caisson\u00a0: 45\u00a0cm<br \/>\nProfondeur utile\u00a0: 42\u00a0cm \u2013 sp\u00e9cialement con\u00e7ue pour les amplificateurs de puissance \u00e0 grande profondeur d\u2019encastrement (s\u00e9rie t.amp TA)<br \/>\n2 couvercles<br \/>\nContreplaqu\u00e9 multiplex de 6,8\u00a0mm<br \/>\nRev\u00eatement en r\u00e9sine ph\u00e9nolique marron<br \/>\nCh\u00e2ssis en aluminium 25\/25\u00a0mm<br \/>\n8 fermetures papillon \u00e0 ressort<br \/>\n4 poign\u00e9es rabattables<br \/>\n4 pieds en caoutchouc<br \/>\nRail de rack r\u00e9glable en continu avec bordure en caoutchouc<br \/>\nKit de visserie inclus<br \/>\nCoins \u00e0 billes en acier<\/p>\n<p>Dimensions ext\u00e9rieures approximatives (L x P x H)\u00a0: 55 x 60,5 x 94,5\u00a0cm<br \/>\nPoids approximatif\u00a0: 20,5\u00a0kg<\/p>\n","protected":false},"excerpt":{"rendered":"<p>Avec des roues bleues frein\u00e9es et non frein\u00e9es, la maniabilit\u00e9 est nettement am\u00e9lior\u00e9e. Chaque rack 19 pouces Megacase est garanti<\/p>\n","protected":false},"featured_media":294177,"template":"","meta":{"_acf_changed":false},"product_brand":[],"product_cat":[13593],"product_tag":[],"class_list":{"0":"post-292172","1":"product","2":"type-product","3":"status-publish","4":"has-post-thumbnail","6":"product_cat-racks-fr","8":"first","9":"instock","10":"taxable","11":"shipping-taxable","12":"purchasable","13":"product-type-simple"},"acf":[],"_links":{"self":[{"href":"https:\/\/megacase.com\/fr\/wp-json\/wp\/v2\/product\/292172","targetHints":{"allow":["GET"]}}],"collection":[{"href":"https:\/\/megacase.com\/fr\/wp-json\/wp\/v2\/product"}],"about":[{"href":"https:\/\/megacase.com\/fr\/wp-json\/wp\/v2\/types\/product"}],"wp:featuredmedia":[{"embeddable":true,"href":"https:\/\/megacase.com\/fr\/wp-json\/wp\/v2\/media\/294177"}],"wp:attachment":[{"href":"https:\/\/megacase.com\/fr\/wp-json\/wp\/v2\/media?parent=292172"}],"wp:term":[{"taxonomy":"product_brand","embeddable":true,"href":"https:\/\/megacase.com\/fr\/wp-json\/wp\/v2\/product_brand?post=292172"},{"taxonomy":"product_cat","embeddable":true,"href":"https:\/\/megacase.com\/fr\/wp-json\/wp\/v2\/product_cat?post=292172"},{"taxonomy":"product_tag","embeddable":true,"href":"https:\/\/megacase.com\/fr\/wp-json\/wp\/v2\/product_tag?post=292172"}],"curies":[{"name":"wp","href":"https:\/\/api.w.org\/{rel}","templated":true}]}}