{"id":292170,"date":"2026-03-18T13:43:08","date_gmt":"2026-03-18T12:43:08","guid":{"rendered":"https:\/\/megacase.com\/product\/20u-live-rack-45-wheel\/"},"modified":"2026-04-09T12:14:35","modified_gmt":"2026-04-09T10:14:35","slug":"20u-live-rack-45-wheel","status":"publish","type":"product","link":"https:\/\/megacase.com\/fr\/produit\/20u-live-rack-45-wheel\/","title":{"rendered":"20U Live Rack 45 + wheel"},"content":{"rendered":"<p>Les quatre roulettes pivotantes de 100 mm de diam\u00e8tre supportent une charge de 480 kg. La profondeur d&rsquo;installation depuis le rail de rack est de 42 cm.<br \/>\nLes couvercles ont une profondeur de 5 cm.<\/p>\n<p>Hauteur utile : 20U<br \/>\nProfondeur du caisson : 45 cm<br \/>\nProfondeur utile : 42 cm \u2013 sp\u00e9cialement con\u00e7ue pour les amplificateurs de puissance \u00e0 grande profondeur d&rsquo;installation (s\u00e9rie t.amp TA)<\/p>\n<p>2 couvercles<br \/>\nContreplaqu\u00e9 de 6,8 mm<br \/>\nRev\u00eatement en r\u00e9sine ph\u00e9nolique marron<br \/>\nCh\u00e2ssis en aluminium 25 x 25 mm<br \/>\n8 fermetures papillon \u00e0 ressort<br \/>\n4 poign\u00e9es rabattables<br \/>\nRail de rack r\u00e9glable en continu avec bordure en caoutchouc<br \/>\nKit de visserie inclus<br \/>\nCoins \u00e0 billes en acier<br \/>\n4 roulettes pivotantes de 100 mm \u2013 dont 2 avec frein<\/p>\n<p>Dimensions ext\u00e9rieures approximatives (L x P x H) : 555 x 605 x 1085 mm<br \/>\nPoids approximatif : 28,3 kg<br \/>\nFabriqu\u00e9 en Allemagne<\/p>\n","protected":false},"excerpt":{"rendered":"<p>Les quatre roulettes pivotantes de 100 mm de diam\u00e8tre supportent une charge de 480 kg. La profondeur d&rsquo;installation depuis le<\/p>\n","protected":false},"featured_media":294217,"template":"","meta":{"_acf_changed":false},"product_brand":[],"product_cat":[13593],"product_tag":[],"class_list":{"0":"post-292170","1":"product","2":"type-product","3":"status-publish","4":"has-post-thumbnail","6":"product_cat-racks-fr","8":"first","9":"instock","10":"taxable","11":"shipping-taxable","12":"purchasable","13":"product-type-simple"},"acf":[],"_links":{"self":[{"href":"https:\/\/megacase.com\/fr\/wp-json\/wp\/v2\/product\/292170","targetHints":{"allow":["GET"]}}],"collection":[{"href":"https:\/\/megacase.com\/fr\/wp-json\/wp\/v2\/product"}],"about":[{"href":"https:\/\/megacase.com\/fr\/wp-json\/wp\/v2\/types\/product"}],"wp:featuredmedia":[{"embeddable":true,"href":"https:\/\/megacase.com\/fr\/wp-json\/wp\/v2\/media\/294217"}],"wp:attachment":[{"href":"https:\/\/megacase.com\/fr\/wp-json\/wp\/v2\/media?parent=292170"}],"wp:term":[{"taxonomy":"product_brand","embeddable":true,"href":"https:\/\/megacase.com\/fr\/wp-json\/wp\/v2\/product_brand?post=292170"},{"taxonomy":"product_cat","embeddable":true,"href":"https:\/\/megacase.com\/fr\/wp-json\/wp\/v2\/product_cat?post=292170"},{"taxonomy":"product_tag","embeddable":true,"href":"https:\/\/megacase.com\/fr\/wp-json\/wp\/v2\/product_tag?post=292170"}],"curies":[{"name":"wp","href":"https:\/\/api.w.org\/{rel}","templated":true}]}}