{"id":292164,"date":"2026-03-18T13:36:02","date_gmt":"2026-03-18T12:36:02","guid":{"rendered":"https:\/\/megacase.com\/product\/18u-live-rack-45\/"},"modified":"2026-04-09T12:13:05","modified_gmt":"2026-04-09T10:13:05","slug":"18u-live-rack-45","status":"publish","type":"product","link":"https:\/\/megacase.com\/fr\/produit\/18u-live-rack-45\/","title":{"rendered":"18U Live Rack 45"},"content":{"rendered":"<p>L&rsquo;avant et l&rsquo;arri\u00e8re de ce rack sont s\u00e9curis\u00e9s par huit fermetures papillon.<\/p>\n<p>Hauteur utile\u00a0: 18U<br \/>\nProfondeur du caisson\u00a0: 45\u00a0cm<br \/>\nProfondeur utile\u00a0: 42\u00a0cm \u2013 sp\u00e9cialement con\u00e7ue pour les amplificateurs de puissance \u00e0 grande profondeur d&rsquo;encastrement (s\u00e9rie t.amp TA)<br \/>\nContreplaqu\u00e9 de 6,8\u00a0mm<br \/>\nCouleur\u00a0: marron<br \/>\nChambres en aluminium de 25\u00a0x\u00a025\u00a0mm<br \/>\n2\u00a0couvercles<br \/>\n8\u00a0fermoirs papillon \u00e0 ressort<br \/>\n4\u00a0poign\u00e9es rabattables<br \/>\n4\u00a0pieds en caoutchouc<br \/>\nRail de rack r\u00e9glable en continu avec bordure en caoutchouc<br \/>\nVis incluses<br \/>\nCoins \u00e0 billes en acier<\/p>\n<p>Dimensions ext\u00e9rieures approximatives (L\u00a0x\u00a0P\u00a0x\u00a0H)\u00a0: 550\u00a0x\u00a0595\u00a0x\u00a0865\u00a0mm<br \/>\nPoids approximatif\u00a0: 19,5\u00a0kg<br \/>\nFabriqu\u00e9 en Allemagne<\/p>\n","protected":false},"excerpt":{"rendered":"<p>L&rsquo;avant et l&rsquo;arri\u00e8re de ce rack sont s\u00e9curis\u00e9s par huit fermetures papillon. Hauteur utile\u00a0: 18U Profondeur du caisson\u00a0: 45\u00a0cm Profondeur<\/p>\n","protected":false},"featured_media":294177,"template":"","meta":{"_acf_changed":false},"product_brand":[],"product_cat":[13593],"product_tag":[],"class_list":{"0":"post-292164","1":"product","2":"type-product","3":"status-publish","4":"has-post-thumbnail","6":"product_cat-racks-fr","8":"first","9":"instock","10":"taxable","11":"shipping-taxable","12":"purchasable","13":"product-type-simple"},"acf":[],"_links":{"self":[{"href":"https:\/\/megacase.com\/fr\/wp-json\/wp\/v2\/product\/292164","targetHints":{"allow":["GET"]}}],"collection":[{"href":"https:\/\/megacase.com\/fr\/wp-json\/wp\/v2\/product"}],"about":[{"href":"https:\/\/megacase.com\/fr\/wp-json\/wp\/v2\/types\/product"}],"wp:featuredmedia":[{"embeddable":true,"href":"https:\/\/megacase.com\/fr\/wp-json\/wp\/v2\/media\/294177"}],"wp:attachment":[{"href":"https:\/\/megacase.com\/fr\/wp-json\/wp\/v2\/media?parent=292164"}],"wp:term":[{"taxonomy":"product_brand","embeddable":true,"href":"https:\/\/megacase.com\/fr\/wp-json\/wp\/v2\/product_brand?post=292164"},{"taxonomy":"product_cat","embeddable":true,"href":"https:\/\/megacase.com\/fr\/wp-json\/wp\/v2\/product_cat?post=292164"},{"taxonomy":"product_tag","embeddable":true,"href":"https:\/\/megacase.com\/fr\/wp-json\/wp\/v2\/product_tag?post=292164"}],"curies":[{"name":"wp","href":"https:\/\/api.w.org\/{rel}","templated":true}]}}