{"id":292162,"date":"2026-03-18T13:31:40","date_gmt":"2026-03-18T12:31:40","guid":{"rendered":"https:\/\/megacase.com\/product\/18u-live-rack-45-wheel\/"},"modified":"2026-04-09T12:07:24","modified_gmt":"2026-04-09T10:07:24","slug":"18u-live-rack-45-wheel","status":"publish","type":"product","link":"https:\/\/megacase.com\/fr\/produit\/18u-live-rack-45-wheel\/","title":{"rendered":"18U Live Rack 45 + wheel"},"content":{"rendered":"<p>Le rack est \u00e9quip\u00e9 de quatre roulettes pivotantes de 100 mm. Deux de ces roulettes sont munies de freins pour une stabilit\u00e9 optimale.<\/p>\n<p>Hauteur utile : 18U<br \/>\nProfondeur du caisson : 45 cm<br \/>\nProfondeur utile : 42 cm \u2013 sp\u00e9cialement con\u00e7ue pour les amplificateurs de puissance \u00e0 grande profondeur d&rsquo;encastrement (s\u00e9rie t.amp TA)<br \/>\n2 couvercles<br \/>\nContreplaqu\u00e9 de 6,8 mm<br \/>\nRev\u00eatement en r\u00e9sine ph\u00e9nolique marron<br \/>\nCh\u00e2ssis en aluminium 25 x 25 mm<br \/>\n8 fermetures papillon \u00e0 ressort<br \/>\n2 poign\u00e9es rabattables<br \/>\nRail de rack r\u00e9glable en continu avec bordure en caoutchouc<br \/>\nVis incluses<br \/>\nCoins \u00e0 billes en acier<br \/>\n4 roulettes pivotantes de 100 mm \u2013 2 avec freins<br \/>\nDimensions ext\u00e9rieures : 555 x 605 x 1010 mm<br \/>\nPoids : 26,2 kg<\/p>\n","protected":false},"excerpt":{"rendered":"<p>Le rack est \u00e9quip\u00e9 de quatre roulettes pivotantes de 100 mm. Deux de ces roulettes sont munies de freins pour<\/p>\n","protected":false},"featured_media":294301,"template":"","meta":{"_acf_changed":false},"product_brand":[],"product_cat":[13593],"product_tag":[],"class_list":{"0":"post-292162","1":"product","2":"type-product","3":"status-publish","4":"has-post-thumbnail","6":"product_cat-racks-fr","8":"first","9":"instock","10":"taxable","11":"shipping-taxable","12":"purchasable","13":"product-type-simple"},"acf":[],"_links":{"self":[{"href":"https:\/\/megacase.com\/fr\/wp-json\/wp\/v2\/product\/292162","targetHints":{"allow":["GET"]}}],"collection":[{"href":"https:\/\/megacase.com\/fr\/wp-json\/wp\/v2\/product"}],"about":[{"href":"https:\/\/megacase.com\/fr\/wp-json\/wp\/v2\/types\/product"}],"wp:featuredmedia":[{"embeddable":true,"href":"https:\/\/megacase.com\/fr\/wp-json\/wp\/v2\/media\/294301"}],"wp:attachment":[{"href":"https:\/\/megacase.com\/fr\/wp-json\/wp\/v2\/media?parent=292162"}],"wp:term":[{"taxonomy":"product_brand","embeddable":true,"href":"https:\/\/megacase.com\/fr\/wp-json\/wp\/v2\/product_brand?post=292162"},{"taxonomy":"product_cat","embeddable":true,"href":"https:\/\/megacase.com\/fr\/wp-json\/wp\/v2\/product_cat?post=292162"},{"taxonomy":"product_tag","embeddable":true,"href":"https:\/\/megacase.com\/fr\/wp-json\/wp\/v2\/product_tag?post=292162"}],"curies":[{"name":"wp","href":"https:\/\/api.w.org\/{rel}","templated":true}]}}