{"id":292158,"date":"2026-03-18T13:18:50","date_gmt":"2026-03-18T12:18:50","guid":{"rendered":"https:\/\/megacase.com\/product\/15u-live-rack-45\/"},"modified":"2026-04-09T12:04:59","modified_gmt":"2026-04-09T10:04:59","slug":"15u-live-rack-45","status":"publish","type":"product","link":"https:\/\/megacase.com\/fr\/produit\/15u-live-rack-45\/","title":{"rendered":"15U Live Rack 45"},"content":{"rendered":"<p>Ce rack est \u00e9quip\u00e9 de pieds en caoutchouc, ce qui le rend id\u00e9al pour les installations permanentes.<br \/>\nGr\u00e2ce \u00e0 ses poign\u00e9es rabattables, il se transporte facilement sur les chantiers.<\/p>\n<p>Double porte Live<br \/>\nHauteur utile\u00a0: 15U<br \/>\nProfondeur du caisson\u00a0: 45\u00a0cm<br \/>\nProfondeur d&rsquo;encastrement\u00a0: 42\u00a0cm<br \/>\n2 panneaux sup\u00e9rieurs<br \/>\nPanneaux en contreplaqu\u00e9 6,8\u00a0mm<br \/>\nRev\u00eatement en r\u00e9sine ph\u00e9nolique marron<br \/>\nCh\u00e2ssis en aluminium 25\u00a0x\u00a025\u00a0mm<br \/>\n8 fermetures papillon \u00e0 ressort (taille moyenne)<br \/>\n4 poign\u00e9es rabattables (taille moyenne)<br \/>\n4 pieds en caoutchouc (38\u00a0x\u00a025\u00a0mm)<br \/>\nRail de rack r\u00e9glable en continu avec bordure en caoutchouc<br \/>\nKit de visserie inclus<br \/>\nCoins \u00e0 billes en acier (taille moyenne)<br \/>\nDimensions ext\u00e9rieures\u00a0: L\u00a0x\u00a0H\u00a0x\u00a0P 55\u00a0x\u00a073\u00a0x\u00a059,5\u00a0mm<br \/>\nPoids\u00a0: env. 17,8\u00a0kg<\/p>\n","protected":false},"excerpt":{"rendered":"<p>Ce rack est \u00e9quip\u00e9 de pieds en caoutchouc, ce qui le rend id\u00e9al pour les installations permanentes. Gr\u00e2ce \u00e0 ses<\/p>\n","protected":false},"featured_media":294357,"template":"","meta":{"_acf_changed":false},"product_brand":[],"product_cat":[13593],"product_tag":[],"class_list":{"0":"post-292158","1":"product","2":"type-product","3":"status-publish","4":"has-post-thumbnail","6":"product_cat-racks-fr","8":"first","9":"instock","10":"taxable","11":"shipping-taxable","12":"purchasable","13":"product-type-simple"},"acf":[],"_links":{"self":[{"href":"https:\/\/megacase.com\/fr\/wp-json\/wp\/v2\/product\/292158","targetHints":{"allow":["GET"]}}],"collection":[{"href":"https:\/\/megacase.com\/fr\/wp-json\/wp\/v2\/product"}],"about":[{"href":"https:\/\/megacase.com\/fr\/wp-json\/wp\/v2\/types\/product"}],"wp:featuredmedia":[{"embeddable":true,"href":"https:\/\/megacase.com\/fr\/wp-json\/wp\/v2\/media\/294357"}],"wp:attachment":[{"href":"https:\/\/megacase.com\/fr\/wp-json\/wp\/v2\/media?parent=292158"}],"wp:term":[{"taxonomy":"product_brand","embeddable":true,"href":"https:\/\/megacase.com\/fr\/wp-json\/wp\/v2\/product_brand?post=292158"},{"taxonomy":"product_cat","embeddable":true,"href":"https:\/\/megacase.com\/fr\/wp-json\/wp\/v2\/product_cat?post=292158"},{"taxonomy":"product_tag","embeddable":true,"href":"https:\/\/megacase.com\/fr\/wp-json\/wp\/v2\/product_tag?post=292158"}],"curies":[{"name":"wp","href":"https:\/\/api.w.org\/{rel}","templated":true}]}}