{"id":292154,"date":"2026-03-18T13:13:48","date_gmt":"2026-03-18T12:13:48","guid":{"rendered":"https:\/\/megacase.com\/product\/5u-live-rack-45-wheel\/"},"modified":"2026-04-09T12:03:18","modified_gmt":"2026-04-09T10:03:18","slug":"5u-live-rack-45-wheel","status":"publish","type":"product","link":"https:\/\/megacase.com\/fr\/produit\/5u-live-rack-45-wheel\/","title":{"rendered":"5U Live Rack 45 wheel"},"content":{"rendered":"<p>Le rack Live Rack 15U poss\u00e8de une profondeur de 45 cm.<br \/>\nSa profondeur d&rsquo;installation de 42 cm permet d&rsquo;y loger des \u00e9quipements plus profonds.<br \/>\nLe couvercle ajoute 5 cm \u00e0 la profondeur.<br \/>\nLes quatre roulettes pivotantes facilitent le transport jusqu&rsquo;au lieu de performance.<\/p>\n<p>Hauteur utile : 15U<br \/>\nProfondeur utile de 45 cm \u2013 sp\u00e9cialement con\u00e7ue pour les amplificateurs de puissance \u00e0 grande profondeur d&rsquo;installation (s\u00e9rie t.amp TA)<br \/>\n2 couvercles<br \/>\nContreplaqu\u00e9 de 6,8 mm<br \/>\nCouleur : Brun avec rev\u00eatement en r\u00e9sine ph\u00e9nolique<br \/>\nCh\u00e2ssis en aluminium 25 x 25 mm<br \/>\n8 fermetures papillon \u00e0 ressort<br \/>\n4 poign\u00e9es rabattables<br \/>\nRail de rack r\u00e9glable en continu avec bordure en caoutchouc<br \/>\nKit de visserie inclus<br \/>\nCoins \u00e0 billes en acier<br \/>\n4 roulettes pivotantes de 100 mm \u2013 2 avec freins<br \/>\nDimensions ext\u00e9rieures (L x H x P) : 550 x 860 x 595 mm<br \/>\nPoids : 25,33 kg<\/p>\n","protected":false},"excerpt":{"rendered":"<p>Le rack Live Rack 15U poss\u00e8de une profondeur de 45 cm. Sa profondeur d&rsquo;installation de 42 cm permet d&rsquo;y loger<\/p>\n","protected":false},"featured_media":294401,"template":"","meta":{"_acf_changed":false},"product_brand":[],"product_cat":[13593],"product_tag":[],"class_list":{"0":"post-292154","1":"product","2":"type-product","3":"status-publish","4":"has-post-thumbnail","6":"product_cat-racks-fr","8":"first","9":"instock","10":"taxable","11":"shipping-taxable","12":"purchasable","13":"product-type-simple"},"acf":[],"_links":{"self":[{"href":"https:\/\/megacase.com\/fr\/wp-json\/wp\/v2\/product\/292154","targetHints":{"allow":["GET"]}}],"collection":[{"href":"https:\/\/megacase.com\/fr\/wp-json\/wp\/v2\/product"}],"about":[{"href":"https:\/\/megacase.com\/fr\/wp-json\/wp\/v2\/types\/product"}],"wp:featuredmedia":[{"embeddable":true,"href":"https:\/\/megacase.com\/fr\/wp-json\/wp\/v2\/media\/294401"}],"wp:attachment":[{"href":"https:\/\/megacase.com\/fr\/wp-json\/wp\/v2\/media?parent=292154"}],"wp:term":[{"taxonomy":"product_brand","embeddable":true,"href":"https:\/\/megacase.com\/fr\/wp-json\/wp\/v2\/product_brand?post=292154"},{"taxonomy":"product_cat","embeddable":true,"href":"https:\/\/megacase.com\/fr\/wp-json\/wp\/v2\/product_cat?post=292154"},{"taxonomy":"product_tag","embeddable":true,"href":"https:\/\/megacase.com\/fr\/wp-json\/wp\/v2\/product_tag?post=292154"}],"curies":[{"name":"wp","href":"https:\/\/api.w.org\/{rel}","templated":true}]}}