{"id":292148,"date":"2026-03-18T13:04:04","date_gmt":"2026-03-18T12:04:04","guid":{"rendered":"https:\/\/megacase.com\/product\/12u-live-rack-45\/"},"modified":"2026-04-09T12:02:27","modified_gmt":"2026-04-09T10:02:27","slug":"12u-live-rack-45","status":"publish","type":"product","link":"https:\/\/megacase.com\/fr\/produit\/12u-live-rack-45\/","title":{"rendered":"12U Live Rack 45"},"content":{"rendered":"<p>Les racks 19 pouces sont id\u00e9aux pour installer des amplificateurs de puissance, des unit\u00e9s d&rsquo;effets, des \u00e9galiseurs et tous les appareils 19 pouces courants, quelle que soit leur profondeur d&rsquo;encastrement. La conception de ce flight case permet un acc\u00e8s ais\u00e9 des deux c\u00f4t\u00e9s. Remplacer les composants est un jeu d&rsquo;enfant. Ferm\u00e9, le rack offre une protection optimale pendant le transport. Pour plus de confort, optez pour les roulettes pivotantes en option. \u00c9quip\u00e9es de roues bleues avec ou sans frein, elles am\u00e9liorent consid\u00e9rablement la maniabilit\u00e9. Chaque rack 19&Prime; Megacase est garanti \u00ab\u00a0Fabriqu\u00e9 en Allemagne\u00a0\u00bb.<\/p>\n<p>Double Door Live<br \/>\n12U<br \/>\nProfondeur du bo\u00eetier\u00a0: 45\u00a0cm<br \/>\nProfondeur de montage\u00a0: 42\u00a0cm<br \/>\nCoque multiplex 6,8\u00a0mm<br \/>\nCouleur\u00a0: Marron avec rev\u00eatement en r\u00e9sine ph\u00e9nolique<br \/>\nC\u00f4t\u00e9 aluminium 25\u00a0x\u00a025<br \/>\n8 fermetures papillon moyennes \u00e0 ressort<br \/>\n4 poign\u00e9es rabattables moyennes<br \/>\n8 coins \u00e0 billes moyens<br \/>\n4 pieds en caoutchouc 38\u00a0x\u00a025<br \/>\nRail de rack avec bordure en caoutchouc<br \/>\nKit de visserie<\/p>\n<p>Dimensions ext\u00e9rieures (L\u00a0x\u00a0P\u00a0x\u00a0H)\u00a0: 555\u00a0x\u00a0602\u00a0x\u00a0600\u00a0mm<br \/>\nPoids\u00a0: 15,7\u00a0kg<br \/>\nFabriqu\u00e9 en Allemagne<\/p>\n","protected":false},"excerpt":{"rendered":"<p>Les racks 19 pouces sont id\u00e9aux pour installer des amplificateurs de puissance, des unit\u00e9s d&rsquo;effets, des \u00e9galiseurs et tous les<\/p>\n","protected":false},"featured_media":294457,"template":"","meta":{"_acf_changed":false},"product_brand":[],"product_cat":[13593],"product_tag":[],"class_list":{"0":"post-292148","1":"product","2":"type-product","3":"status-publish","4":"has-post-thumbnail","6":"product_cat-racks-fr","8":"first","9":"instock","10":"taxable","11":"shipping-taxable","12":"purchasable","13":"product-type-simple"},"acf":[],"_links":{"self":[{"href":"https:\/\/megacase.com\/fr\/wp-json\/wp\/v2\/product\/292148","targetHints":{"allow":["GET"]}}],"collection":[{"href":"https:\/\/megacase.com\/fr\/wp-json\/wp\/v2\/product"}],"about":[{"href":"https:\/\/megacase.com\/fr\/wp-json\/wp\/v2\/types\/product"}],"wp:featuredmedia":[{"embeddable":true,"href":"https:\/\/megacase.com\/fr\/wp-json\/wp\/v2\/media\/294457"}],"wp:attachment":[{"href":"https:\/\/megacase.com\/fr\/wp-json\/wp\/v2\/media?parent=292148"}],"wp:term":[{"taxonomy":"product_brand","embeddable":true,"href":"https:\/\/megacase.com\/fr\/wp-json\/wp\/v2\/product_brand?post=292148"},{"taxonomy":"product_cat","embeddable":true,"href":"https:\/\/megacase.com\/fr\/wp-json\/wp\/v2\/product_cat?post=292148"},{"taxonomy":"product_tag","embeddable":true,"href":"https:\/\/megacase.com\/fr\/wp-json\/wp\/v2\/product_tag?post=292148"}],"curies":[{"name":"wp","href":"https:\/\/api.w.org\/{rel}","templated":true}]}}