{"id":292147,"date":"2026-03-19T13:37:46","date_gmt":"2026-03-19T12:37:46","guid":{"rendered":"https:\/\/megacase.com\/?post_type=product&#038;p=292147"},"modified":"2026-04-09T12:42:23","modified_gmt":"2026-04-09T10:42:23","slug":"2he-eco-ii-rack-36","status":"publish","type":"product","link":"https:\/\/megacase.com\/fr\/produit\/2he-eco-ii-rack-36\/","title":{"rendered":"2HE ECO II Rack 36"},"content":{"rendered":"<p>S\u00e9rie Eco Rack \u2013 l\u00e9g\u00e8re, robuste et polyvalente. La solution id\u00e9ale pour les musiciens, les ing\u00e9nieurs du son et tous ceux qui souhaitent transporter leur mat\u00e9riel 19 pouces en toute s\u00e9curit\u00e9, facilement et avec flexibilit\u00e9.<\/p>\n<p>La s\u00e9rie Eco Rack s\u00e9duit non seulement par son prix attractif, mais aussi par son poids exceptionnellement l\u00e9ger, gr\u00e2ce \u00e0 sa construction en plastique \u00e0 double paroi.<br \/>\nCe rack est compatible avec tous les appareils 19 pouces et, avec ses 2U (2 RU = 9 cm de hauteur utile), offre un espace g\u00e9n\u00e9reux pour les amplificateurs de puissance, les unit\u00e9s d&rsquo;effets, les \u00e9galiseurs et autres composants 19 pouces courants, quelle que soit leur profondeur d&rsquo;encastrement.<br \/>\nLa conception du flight case permet un acc\u00e8s des deux c\u00f4t\u00e9s et un remplacement ais\u00e9 des composants.<br \/>\nUne fois ferm\u00e9, le rack assure une protection optimale pendant le transport.<\/p>\n<p>Caract\u00e9ristiques :<br \/>\nPlastique noir double paroi 7 mm<br \/>\nProfil\u00e9 aluminium 22 x 22 \/ 25 x 25 mm<br \/>\n8 \u00e9querres moyennes<br \/>\n4 fermetures \u00e0 pression avec \u0153illets<br \/>\n1 poign\u00e9e de transport<br \/>\n8 coins \u00e0 billes en acier<br \/>\n4 pieds en caoutchouc<br \/>\nProfondeur d\u2019installation : 33 cm<br \/>\n2 rails de rack r\u00e9glables en continu avec visserie<\/p>\n<p>Fabriqu\u00e9 en Allemagne<br \/>\nDimensions ext\u00e9rieures (L x H x P) : 535 x 148 x 475 mm<br \/>\nPoids : 3,9 kg<\/p>\n","protected":false},"excerpt":{"rendered":"<p>S\u00e9rie Eco Rack \u2013 l\u00e9g\u00e8re, robuste et polyvalente. La solution id\u00e9ale pour les musiciens, les ing\u00e9nieurs du son et tous<\/p>\n","protected":false},"featured_media":294489,"template":"","meta":{"_acf_changed":false},"product_brand":[],"product_cat":[13593],"product_tag":[],"class_list":{"0":"post-292147","1":"product","2":"type-product","3":"status-publish","4":"has-post-thumbnail","6":"product_cat-racks-fr","8":"first","9":"instock","10":"taxable","11":"shipping-taxable","12":"purchasable","13":"product-type-simple"},"acf":[],"_links":{"self":[{"href":"https:\/\/megacase.com\/fr\/wp-json\/wp\/v2\/product\/292147","targetHints":{"allow":["GET"]}}],"collection":[{"href":"https:\/\/megacase.com\/fr\/wp-json\/wp\/v2\/product"}],"about":[{"href":"https:\/\/megacase.com\/fr\/wp-json\/wp\/v2\/types\/product"}],"wp:featuredmedia":[{"embeddable":true,"href":"https:\/\/megacase.com\/fr\/wp-json\/wp\/v2\/media\/294489"}],"wp:attachment":[{"href":"https:\/\/megacase.com\/fr\/wp-json\/wp\/v2\/media?parent=292147"}],"wp:term":[{"taxonomy":"product_brand","embeddable":true,"href":"https:\/\/megacase.com\/fr\/wp-json\/wp\/v2\/product_brand?post=292147"},{"taxonomy":"product_cat","embeddable":true,"href":"https:\/\/megacase.com\/fr\/wp-json\/wp\/v2\/product_cat?post=292147"},{"taxonomy":"product_tag","embeddable":true,"href":"https:\/\/megacase.com\/fr\/wp-json\/wp\/v2\/product_tag?post=292147"}],"curies":[{"name":"wp","href":"https:\/\/api.w.org\/{rel}","templated":true}]}}