{"id":292142,"date":"2026-03-18T12:39:40","date_gmt":"2026-03-18T11:39:40","guid":{"rendered":"https:\/\/megacase.com\/product\/12u-live-rack-45-wheel\/"},"modified":"2026-04-09T12:00:06","modified_gmt":"2026-04-09T10:00:06","slug":"12u-live-rack-45-wheel","status":"publish","type":"product","link":"https:\/\/megacase.com\/fr\/produit\/12u-live-rack-45-wheel\/","title":{"rendered":"12U Live Rack 45 wheel"},"content":{"rendered":"<p>Ce rack, \u00e9quip\u00e9 de quatre roulettes pivotantes, est un alli\u00e9 fiable pour les applications les plus exigeantes.<\/p>\n<p>Les roulettes supportent une charge maximale de 480 kg.<\/p>\n<p>Rack Live 45 12U avec roulettes frein\u00e9es<br \/>\nProfondeur du caisson : 45 cm<br \/>\nProfondeur utile : 42 cm \u2013 sp\u00e9cialement con\u00e7u pour les amplificateurs de puissance \u00e0 grande profondeur d&rsquo;encastrement (s\u00e9rie t.amp TA)<br \/>\n2 couvercles<br \/>\nContreplaqu\u00e9 6,8 mm<br \/>\nFinition marron avec rev\u00eatement en r\u00e9sine ph\u00e9nolique<br \/>\nCh\u00e2ssis en aluminium 25 x 25 mm<br \/>\n8 fermetures papillon \u00e0 ressort<br \/>\n4 poign\u00e9es rabattables<br \/>\nRail de rack r\u00e9glable en continu avec bordure en caoutchouc<br \/>\nVis incluses<br \/>\nCoins \u00e0 billes en acier<br \/>\n4 roulettes pivotantes de 100 mm, dont 2 avec freins<\/p>\n<p>Dimensions ext\u00e9rieures (L x P x H) : 555 x 605 x 725 mm<br \/>\nPoids : 23,7 kg<br \/>\nFabriqu\u00e9 en Allemagne<\/p>\n","protected":false},"excerpt":{"rendered":"<p>Ce rack, \u00e9quip\u00e9 de quatre roulettes pivotantes, est un alli\u00e9 fiable pour les applications les plus exigeantes. Les roulettes supportent<\/p>\n","protected":false},"featured_media":294557,"template":"","meta":{"_acf_changed":false},"product_brand":[],"product_cat":[13593],"product_tag":[],"class_list":{"0":"post-292142","1":"product","2":"type-product","3":"status-publish","4":"has-post-thumbnail","6":"product_cat-racks-fr","8":"first","9":"instock","10":"taxable","11":"shipping-taxable","12":"purchasable","13":"product-type-simple"},"acf":[],"_links":{"self":[{"href":"https:\/\/megacase.com\/fr\/wp-json\/wp\/v2\/product\/292142","targetHints":{"allow":["GET"]}}],"collection":[{"href":"https:\/\/megacase.com\/fr\/wp-json\/wp\/v2\/product"}],"about":[{"href":"https:\/\/megacase.com\/fr\/wp-json\/wp\/v2\/types\/product"}],"wp:featuredmedia":[{"embeddable":true,"href":"https:\/\/megacase.com\/fr\/wp-json\/wp\/v2\/media\/294557"}],"wp:attachment":[{"href":"https:\/\/megacase.com\/fr\/wp-json\/wp\/v2\/media?parent=292142"}],"wp:term":[{"taxonomy":"product_brand","embeddable":true,"href":"https:\/\/megacase.com\/fr\/wp-json\/wp\/v2\/product_brand?post=292142"},{"taxonomy":"product_cat","embeddable":true,"href":"https:\/\/megacase.com\/fr\/wp-json\/wp\/v2\/product_cat?post=292142"},{"taxonomy":"product_tag","embeddable":true,"href":"https:\/\/megacase.com\/fr\/wp-json\/wp\/v2\/product_tag?post=292142"}],"curies":[{"name":"wp","href":"https:\/\/api.w.org\/{rel}","templated":true}]}}