{"id":292134,"date":"2026-03-18T12:27:58","date_gmt":"2026-03-18T11:27:58","guid":{"rendered":"https:\/\/megacase.com\/product\/15u-live-rack-40\/"},"modified":"2026-03-26T13:41:47","modified_gmt":"2026-03-26T12:41:47","slug":"15u-live-rack-40","status":"publish","type":"product","link":"https:\/\/megacase.com\/fr\/produit\/15u-live-rack-40\/","title":{"rendered":"15U Live Rack 40"},"content":{"rendered":"<p>Le rack Live Rack 15U est un alli\u00e9 fiable pour vos concerts. Ses quatre poign\u00e9es rabattables facilitent son transport.<\/p>\n<p>Hauteur utile\u00a0: 15U<\/p>\n<p>Profondeur du caisson\u00a0: 40\u00a0cm<\/p>\n<p>Profondeur utile\u00a0: 37\u00a0cm<br \/>\n2 couvercles<br \/>\nContreplaqu\u00e9 de 6,8\u00a0mm<br \/>\nCouleur\u00a0: Brun, rev\u00eatement en r\u00e9sine ph\u00e9nolique<br \/>\nChambres en aluminium 25\u00a0x\u00a025\u00a0mm<br \/>\n8 fermetures papillon \u00e0 ressort<br \/>\n4 poign\u00e9es rabattables<br \/>\n4 pieds en caoutchouc<br \/>\nRail de rack r\u00e9glable en continu avec bordure en caoutchouc<br \/>\nKit de visserie inclus<br \/>\nCoins \u00e0 billes en acier<\/p>\n<p>Dimensions ext\u00e9rieures (L\u00a0x\u00a0H\u00a0x\u00a0P)\u00a0: 550\u00a0x\u00a0730\u00a0x\u00a0545\u00a0mm<br \/>\nPoids\u00a0: 17,2\u00a0kg<br \/>\nFabriqu\u00e9 en Allemagne<\/p>\n","protected":false},"excerpt":{"rendered":"<p>Le rack Live Rack 15U est un alli\u00e9 fiable pour vos concerts. Ses quatre poign\u00e9es rabattables facilitent son transport. Hauteur<\/p>\n","protected":false},"featured_media":294593,"template":"","meta":{"_acf_changed":false},"product_brand":[],"product_cat":[13593],"product_tag":[],"class_list":{"0":"post-292134","1":"product","2":"type-product","3":"status-publish","4":"has-post-thumbnail","6":"product_cat-racks-fr","8":"first","9":"instock","10":"taxable","11":"shipping-taxable","12":"purchasable","13":"product-type-simple"},"acf":[],"_links":{"self":[{"href":"https:\/\/megacase.com\/fr\/wp-json\/wp\/v2\/product\/292134","targetHints":{"allow":["GET"]}}],"collection":[{"href":"https:\/\/megacase.com\/fr\/wp-json\/wp\/v2\/product"}],"about":[{"href":"https:\/\/megacase.com\/fr\/wp-json\/wp\/v2\/types\/product"}],"wp:featuredmedia":[{"embeddable":true,"href":"https:\/\/megacase.com\/fr\/wp-json\/wp\/v2\/media\/294593"}],"wp:attachment":[{"href":"https:\/\/megacase.com\/fr\/wp-json\/wp\/v2\/media?parent=292134"}],"wp:term":[{"taxonomy":"product_brand","embeddable":true,"href":"https:\/\/megacase.com\/fr\/wp-json\/wp\/v2\/product_brand?post=292134"},{"taxonomy":"product_cat","embeddable":true,"href":"https:\/\/megacase.com\/fr\/wp-json\/wp\/v2\/product_cat?post=292134"},{"taxonomy":"product_tag","embeddable":true,"href":"https:\/\/megacase.com\/fr\/wp-json\/wp\/v2\/product_tag?post=292134"}],"curies":[{"name":"wp","href":"https:\/\/api.w.org\/{rel}","templated":true}]}}