{"id":292129,"date":"2026-03-18T12:22:59","date_gmt":"2026-03-18T11:22:59","guid":{"rendered":"https:\/\/megacase.com\/product\/12u-live-rack-40\/"},"modified":"2026-03-26T13:41:48","modified_gmt":"2026-03-26T12:41:48","slug":"12u-live-rack-40","status":"publish","type":"product","link":"https:\/\/megacase.com\/fr\/produit\/12u-live-rack-40\/","title":{"rendered":"12U Live Rack 40"},"content":{"rendered":"<p>Gr\u00e2ce \u00e0 ses quatre poign\u00e9es rabattables int\u00e9gr\u00e9es, ce rack se transporte facilement \u00e0 deux.<\/p>\n<p>Hauteur utile\u00a0: 12U<\/p>\n<p>Profondeur du caisson\u00a0: 40\u00a0cm<\/p>\n<p>Profondeur utile\u00a0: 37\u00a0cm<br \/>\n2 couvercles<br \/>\nContreplaqu\u00e9 ph\u00e9nolique brun de 6,8\u00a0mm<br \/>\nCh\u00e2ssis en aluminium de 25\u00a0x\u00a025\u00a0mm<br \/>\n8 fermetures papillon \u00e0 ressort<br \/>\n4 poign\u00e9es rabattables<br \/>\n4 pieds en caoutchouc<br \/>\nRail r\u00e9glable en continu avec bordure en caoutchouc<br \/>\nVis incluses<br \/>\nCoins \u00e0 billes en acier<br \/>\nLes rails sont \u00e9quip\u00e9s d\u2019\u00e9crous en quantit\u00e9 suffisante.<\/p>\n<p>Dimensions ext\u00e9rieures (L\u00a0x\u00a0P\u00a0x\u00a0H)\u00a0: 555\u00a0x\u00a0555\u00a0x\u00a0595\u00a0mm<br \/>\nPoids\u00a0: 15\u00a0kg<br \/>\nFabriqu\u00e9 en Bavi\u00e8re<\/p>\n","protected":false},"excerpt":{"rendered":"<p>Gr\u00e2ce \u00e0 ses quatre poign\u00e9es rabattables int\u00e9gr\u00e9es, ce rack se transporte facilement \u00e0 deux. Hauteur utile\u00a0: 12U Profondeur du caisson\u00a0:<\/p>\n","protected":false},"featured_media":294609,"template":"","meta":{"_acf_changed":false},"product_brand":[],"product_cat":[13593],"product_tag":[],"class_list":{"0":"post-292129","1":"product","2":"type-product","3":"status-publish","4":"has-post-thumbnail","6":"product_cat-racks-fr","8":"first","9":"instock","10":"taxable","11":"shipping-taxable","12":"purchasable","13":"product-type-simple"},"acf":[],"_links":{"self":[{"href":"https:\/\/megacase.com\/fr\/wp-json\/wp\/v2\/product\/292129","targetHints":{"allow":["GET"]}}],"collection":[{"href":"https:\/\/megacase.com\/fr\/wp-json\/wp\/v2\/product"}],"about":[{"href":"https:\/\/megacase.com\/fr\/wp-json\/wp\/v2\/types\/product"}],"wp:featuredmedia":[{"embeddable":true,"href":"https:\/\/megacase.com\/fr\/wp-json\/wp\/v2\/media\/294609"}],"wp:attachment":[{"href":"https:\/\/megacase.com\/fr\/wp-json\/wp\/v2\/media?parent=292129"}],"wp:term":[{"taxonomy":"product_brand","embeddable":true,"href":"https:\/\/megacase.com\/fr\/wp-json\/wp\/v2\/product_brand?post=292129"},{"taxonomy":"product_cat","embeddable":true,"href":"https:\/\/megacase.com\/fr\/wp-json\/wp\/v2\/product_cat?post=292129"},{"taxonomy":"product_tag","embeddable":true,"href":"https:\/\/megacase.com\/fr\/wp-json\/wp\/v2\/product_tag?post=292129"}],"curies":[{"name":"wp","href":"https:\/\/api.w.org\/{rel}","templated":true}]}}