{"id":292124,"date":"2026-03-18T12:18:58","date_gmt":"2026-03-18T11:18:58","guid":{"rendered":"https:\/\/megacase.com\/product\/10u-live-rack-40\/"},"modified":"2026-03-26T13:41:48","modified_gmt":"2026-03-26T12:41:48","slug":"10u-live-rack-40","status":"publish","type":"product","link":"https:\/\/megacase.com\/fr\/produit\/10u-live-rack-40\/","title":{"rendered":"10U Live Rack 40"},"content":{"rendered":"<p>La s\u00e9rie Live se caract\u00e9rise par l&rsquo;utilisation de contreplaqu\u00e9 et de robustes fermetures papillon, assurant une protection durable et s\u00e9curis\u00e9e de votre mat\u00e9riel.<\/p>\n<p>Hauteur utile\u00a0: 10U<\/p>\n<p>Profondeur du caisson\u00a0: 40\u00a0cm<\/p>\n<p>Profondeur utile\u00a0: 37\u00a0cm<br \/>\n2\u00a0couvercles<br \/>\nPlaqu\u00e9 6,8\u00a0mm<br \/>\nFinition ph\u00e9nolique marron<br \/>\nCh\u00e2ssis en aluminium 25\u00a0x\u00a025\u00a0mm<br \/>\n4\u00a0fermoirs papillon \u00e0 ressort<br \/>\n2\u00a0poign\u00e9es rabattables<br \/>\n4\u00a0pieds en caoutchouc<br \/>\nRail de rack r\u00e9glable en continu avec bordure en caoutchouc<br \/>\nKit de visserie inclus<br \/>\nCoins \u00e0 billes en acier<br \/>\nDimensions ext\u00e9rieures\u00a0: L\u00a0x\u00a0P\u00a0x\u00a0H\u00a0: 555\u00a0x\u00a0555\u00a0x\u00a0515\u00a0mm<br \/>\nPoids\u00a0: env. 12,9\u00a0kg<br \/>\nFabriqu\u00e9 en Allemagne<\/p>\n","protected":false},"excerpt":{"rendered":"<p>La s\u00e9rie Live se caract\u00e9rise par l&rsquo;utilisation de contreplaqu\u00e9 et de robustes fermetures papillon, assurant une protection durable et s\u00e9curis\u00e9e<\/p>\n","protected":false},"featured_media":294657,"template":"","meta":{"_acf_changed":false},"product_brand":[],"product_cat":[13593],"product_tag":[],"class_list":{"0":"post-292124","1":"product","2":"type-product","3":"status-publish","4":"has-post-thumbnail","6":"product_cat-racks-fr","8":"first","9":"instock","10":"taxable","11":"shipping-taxable","12":"purchasable","13":"product-type-simple"},"acf":[],"_links":{"self":[{"href":"https:\/\/megacase.com\/fr\/wp-json\/wp\/v2\/product\/292124","targetHints":{"allow":["GET"]}}],"collection":[{"href":"https:\/\/megacase.com\/fr\/wp-json\/wp\/v2\/product"}],"about":[{"href":"https:\/\/megacase.com\/fr\/wp-json\/wp\/v2\/types\/product"}],"wp:featuredmedia":[{"embeddable":true,"href":"https:\/\/megacase.com\/fr\/wp-json\/wp\/v2\/media\/294657"}],"wp:attachment":[{"href":"https:\/\/megacase.com\/fr\/wp-json\/wp\/v2\/media?parent=292124"}],"wp:term":[{"taxonomy":"product_brand","embeddable":true,"href":"https:\/\/megacase.com\/fr\/wp-json\/wp\/v2\/product_brand?post=292124"},{"taxonomy":"product_cat","embeddable":true,"href":"https:\/\/megacase.com\/fr\/wp-json\/wp\/v2\/product_cat?post=292124"},{"taxonomy":"product_tag","embeddable":true,"href":"https:\/\/megacase.com\/fr\/wp-json\/wp\/v2\/product_tag?post=292124"}],"curies":[{"name":"wp","href":"https:\/\/api.w.org\/{rel}","templated":true}]}}