{"id":292106,"date":"2026-03-18T11:58:28","date_gmt":"2026-03-18T10:58:28","guid":{"rendered":"https:\/\/megacase.com\/product\/5u-live-rack-40\/"},"modified":"2026-04-09T11:51:21","modified_gmt":"2026-04-09T09:51:21","slug":"5u-live-rack-40","status":"publish","type":"product","link":"https:\/\/megacase.com\/fr\/produit\/5u-live-rack-40\/","title":{"rendered":"5U Live Rack 40"},"content":{"rendered":"<p>Baie de brassage robuste avec une hauteur d&rsquo;installation de 5U. Gr\u00e2ce \u00e0 sa construction \u00e0 fermeture papillon, elle est id\u00e9ale m\u00eame pour les environnements les plus exigeants. La profondeur de 40 cm du caisson permet une profondeur d&rsquo;installation de 37 cm \u00e0 partir du rail de rack.<\/p>\n<p>Hauteur utile : 5U<\/p>\n<p>Profondeur du caisson : 40 cm<\/p>\n<p>Profondeur utile : 37 cm<br \/>\n2 panneaux sup\u00e9rieurs<br \/>\nContreplaqu\u00e9 6,8 mm<br \/>\nRev\u00eatement en r\u00e9sine ph\u00e9nolique marron<br \/>\nCh\u00e2ssis en aluminium 25 x 25 mm<br \/>\n4 fermetures papillon \u00e0 ressort<br \/>\n2 poign\u00e9es rabattables<br \/>\n4 pieds en caoutchouc<br \/>\nRail de rack r\u00e9glable en continu avec bordure en caoutchouc<br \/>\nKit de visserie inclus<br \/>\nCoins \u00e0 billes en acier<br \/>\nDimensions externes (L x H x P) : 550 x 280 x 545 mm<br \/>\nPoids : 9,7 kg<br \/>\nFabriqu\u00e9 en Allemagne<\/p>\n","protected":false},"excerpt":{"rendered":"<p>Baie de brassage robuste avec une hauteur d&rsquo;installation de 5U. Gr\u00e2ce \u00e0 sa construction \u00e0 fermeture papillon, elle est id\u00e9ale<\/p>\n","protected":false},"featured_media":294769,"template":"","meta":{"_acf_changed":false},"product_brand":[],"product_cat":[13593],"product_tag":[],"class_list":{"0":"post-292106","1":"product","2":"type-product","3":"status-publish","4":"has-post-thumbnail","6":"product_cat-racks-fr","8":"first","9":"instock","10":"taxable","11":"shipping-taxable","12":"purchasable","13":"product-type-simple"},"acf":[],"_links":{"self":[{"href":"https:\/\/megacase.com\/fr\/wp-json\/wp\/v2\/product\/292106","targetHints":{"allow":["GET"]}}],"collection":[{"href":"https:\/\/megacase.com\/fr\/wp-json\/wp\/v2\/product"}],"about":[{"href":"https:\/\/megacase.com\/fr\/wp-json\/wp\/v2\/types\/product"}],"wp:featuredmedia":[{"embeddable":true,"href":"https:\/\/megacase.com\/fr\/wp-json\/wp\/v2\/media\/294769"}],"wp:attachment":[{"href":"https:\/\/megacase.com\/fr\/wp-json\/wp\/v2\/media?parent=292106"}],"wp:term":[{"taxonomy":"product_brand","embeddable":true,"href":"https:\/\/megacase.com\/fr\/wp-json\/wp\/v2\/product_brand?post=292106"},{"taxonomy":"product_cat","embeddable":true,"href":"https:\/\/megacase.com\/fr\/wp-json\/wp\/v2\/product_cat?post=292106"},{"taxonomy":"product_tag","embeddable":true,"href":"https:\/\/megacase.com\/fr\/wp-json\/wp\/v2\/product_tag?post=292106"}],"curies":[{"name":"wp","href":"https:\/\/api.w.org\/{rel}","templated":true}]}}