{"id":292096,"date":"2026-03-19T08:59:20","date_gmt":"2026-03-19T07:59:20","guid":{"rendered":"https:\/\/megacase.com\/?post_type=product&#038;p=292096"},"modified":"2026-04-09T13:21:16","modified_gmt":"2026-04-09T11:21:16","slug":"etui-de-transport-pour-lecteur-cd-pioneer-cdj-3000","status":"publish","type":"product","link":"https:\/\/megacase.com\/fr\/produit\/etui-de-transport-pour-lecteur-cd-pioneer-cdj-3000\/","title":{"rendered":"\u00c9tui de transport pour lecteur CD Pioneer CDJ-3000"},"content":{"rendered":"<p>Cet \u00e9tui de transport haut de gamme a \u00e9t\u00e9 sp\u00e9cialement con\u00e7u pour le Pioneer CDJ-3000 et offre une protection optimale et une fonctionnalit\u00e9 maximale pour une utilisation nomade.<\/p>\n<p>L&rsquo;appareil peut \u00eatre utilis\u00e9 directement dans l&rsquo;\u00e9tui ; toutes les connexions restent facilement accessibles, m\u00eame avec le couvercle ouvert. Un passage de c\u00e2ble int\u00e9gr\u00e9 de 10 cm assure une gestion propre et s\u00e9curis\u00e9e des c\u00e2bles. Le rembourrage en mousse sur mesure du fond et du couvercle garantit un maintien parfait et prot\u00e8ge efficacement le lecteur des chocs.<\/p>\n<p>Caract\u00e9ristiques :<br \/>\nContreplaqu\u00e9 ph\u00e9nolique brun de 6,8 mm<br \/>\nProfil\u00e9 en aluminium de 25 x 25 mm<br \/>\n2 fermetures papillon moyennes<br \/>\n1 poign\u00e9e de transport<br \/>\n8 coins \u00e0 billes en acier moyens<br \/>\n4 pieds en caoutchouc<br \/>\nRembourrage en mousse<\/p>\n<p>** Remarque : Les appareils pr\u00e9sent\u00e9s sont \u00e0 titre indicatif seulement et ne font PAS partie de l&rsquo;offre.<\/p>\n<p>Fabriqu\u00e9 en Allemagne<br \/>\nDimensions ext\u00e9rieures (L x P x H) : 410 x 565 x 220 mm<br \/>\nPoids : 5,9 kg \/ avec lecteur : 11,4 kg<\/p>\n","protected":false},"excerpt":{"rendered":"<p>Cet \u00e9tui de transport haut de gamme a \u00e9t\u00e9 sp\u00e9cialement con\u00e7u pour le Pioneer CDJ-3000 et offre une protection optimale<\/p>\n","protected":false},"featured_media":293262,"template":"","meta":{"_acf_changed":false},"product_brand":[],"product_cat":[16391,13730],"product_tag":[],"class_list":{"0":"post-292096","1":"product","2":"type-product","3":"status-publish","4":"has-post-thumbnail","6":"product_cat-recording-cases-fr","7":"product_cat-dj-cases-fr","9":"first","10":"instock","11":"taxable","12":"shipping-taxable","13":"purchasable","14":"product-type-simple"},"acf":[],"_links":{"self":[{"href":"https:\/\/megacase.com\/fr\/wp-json\/wp\/v2\/product\/292096","targetHints":{"allow":["GET"]}}],"collection":[{"href":"https:\/\/megacase.com\/fr\/wp-json\/wp\/v2\/product"}],"about":[{"href":"https:\/\/megacase.com\/fr\/wp-json\/wp\/v2\/types\/product"}],"wp:featuredmedia":[{"embeddable":true,"href":"https:\/\/megacase.com\/fr\/wp-json\/wp\/v2\/media\/293262"}],"wp:attachment":[{"href":"https:\/\/megacase.com\/fr\/wp-json\/wp\/v2\/media?parent=292096"}],"wp:term":[{"taxonomy":"product_brand","embeddable":true,"href":"https:\/\/megacase.com\/fr\/wp-json\/wp\/v2\/product_brand?post=292096"},{"taxonomy":"product_cat","embeddable":true,"href":"https:\/\/megacase.com\/fr\/wp-json\/wp\/v2\/product_cat?post=292096"},{"taxonomy":"product_tag","embeddable":true,"href":"https:\/\/megacase.com\/fr\/wp-json\/wp\/v2\/product_tag?post=292096"}],"curies":[{"name":"wp","href":"https:\/\/api.w.org\/{rel}","templated":true}]}}