{"id":292078,"date":"2026-03-18T09:57:03","date_gmt":"2026-03-18T08:57:03","guid":{"rendered":"https:\/\/megacase.com\/product\/2u-live-rack-40\/"},"modified":"2026-03-26T13:41:50","modified_gmt":"2026-03-26T12:41:50","slug":"2u-live-rack-40","status":"publish","type":"product","link":"https:\/\/megacase.com\/fr\/produit\/2u-live-rack-40\/","title":{"rendered":"2U Live Rack 40"},"content":{"rendered":"<p>Baie de brassage compacte \u00e0 double porte, hauteur d&rsquo;installation 2U. Son ch\u00e2ssis de 40 cm de profondeur offre une profondeur d&rsquo;encastrement de 37 cm depuis le rail. Les panneaux avant et arri\u00e8re sont amovibles.<\/p>\n<p>Hauteur utile\u00a0: 2U<\/p>\n<p>Profondeur utile\u00a0: 37 cm<\/p>\n<p>2 panneaux<br \/>\nContreplaqu\u00e9 6,8 mm<br \/>\nRev\u00eatement en r\u00e9sine ph\u00e9nolique marron<br \/>\nCh\u00e2ssis en aluminium 22 x 22 \/ 25 x 25 mm<br \/>\n4 fermetures papillon \u00e0 ressort<br \/>\n2 poign\u00e9es rabattables<br \/>\n4 pieds en caoutchouc<br \/>\nRail r\u00e9glable en continu avec bordure en caoutchouc<br \/>\nKit de visserie inclus<br \/>\nCoins plats en acier<br \/>\nDimensions ext\u00e9rieures (L x H x P)\u00a0: 550 x 150 x 545 mm<br \/>\nPoids\u00a0: env. 7 kg<br \/>\nFabriqu\u00e9 en Allemagne<\/p>\n","protected":false},"excerpt":{"rendered":"<p>Baie de brassage compacte \u00e0 double porte, hauteur d&rsquo;installation 2U. Son ch\u00e2ssis de 40 cm de profondeur offre une profondeur<\/p>\n","protected":false},"featured_media":294809,"template":"","meta":{"_acf_changed":false},"product_brand":[],"product_cat":[13593],"product_tag":[],"class_list":{"0":"post-292078","1":"product","2":"type-product","3":"status-publish","4":"has-post-thumbnail","6":"product_cat-racks-fr","8":"first","9":"instock","10":"taxable","11":"shipping-taxable","12":"purchasable","13":"product-type-simple"},"acf":[],"_links":{"self":[{"href":"https:\/\/megacase.com\/fr\/wp-json\/wp\/v2\/product\/292078","targetHints":{"allow":["GET"]}}],"collection":[{"href":"https:\/\/megacase.com\/fr\/wp-json\/wp\/v2\/product"}],"about":[{"href":"https:\/\/megacase.com\/fr\/wp-json\/wp\/v2\/types\/product"}],"wp:featuredmedia":[{"embeddable":true,"href":"https:\/\/megacase.com\/fr\/wp-json\/wp\/v2\/media\/294809"}],"wp:attachment":[{"href":"https:\/\/megacase.com\/fr\/wp-json\/wp\/v2\/media?parent=292078"}],"wp:term":[{"taxonomy":"product_brand","embeddable":true,"href":"https:\/\/megacase.com\/fr\/wp-json\/wp\/v2\/product_brand?post=292078"},{"taxonomy":"product_cat","embeddable":true,"href":"https:\/\/megacase.com\/fr\/wp-json\/wp\/v2\/product_cat?post=292078"},{"taxonomy":"product_tag","embeddable":true,"href":"https:\/\/megacase.com\/fr\/wp-json\/wp\/v2\/product_tag?post=292078"}],"curies":[{"name":"wp","href":"https:\/\/api.w.org\/{rel}","templated":true}]}}