{"id":292076,"date":"2026-03-19T08:41:01","date_gmt":"2026-03-19T07:41:01","guid":{"rendered":"https:\/\/megacase.com\/?post_type=product&#038;p=292076"},"modified":"2026-04-09T14:43:55","modified_gmt":"2026-04-09T12:43:55","slug":"valise-avec-insert-live-system-insert-non-inclus","status":"publish","type":"product","link":"https:\/\/megacase.com\/fr\/produit\/valise-avec-insert-live-system-insert-non-inclus\/","title":{"rendered":"Valise avec insert Live System phenol"},"content":{"rendered":"<p>Cette valise pratique, compacte et robuste est id\u00e9ale pour une utilisation avec un insert en mousse bicolore.<br \/>\nElle offre une protection optimale et une grande flexibilit\u00e9 d&rsquo;utilisation.<\/p>\n<p>La valise est livr\u00e9e sans insert ; des inserts adapt\u00e9s sont disponibles en option et peuvent \u00eatre personnalis\u00e9s selon vos besoins.<\/p>\n<p>La mousse alv\u00e9ol\u00e9e int\u00e9gr\u00e9e au couvercle assure une protection suppl\u00e9mentaire et un rangement s\u00e9curis\u00e9 du contenu pendant le transport.<\/p>\n<p>Caract\u00e9ristiques :<br \/>\nContreplaqu\u00e9 de 6,8 mm recouvert de r\u00e9sine ph\u00e9nolique brune<br \/>\nProfil\u00e9 en aluminium 22 x 22 mm<br \/>\n4 petites \u00e9querres en L<br \/>\n2 mini-fermoirs papillon<br \/>\n2 grandes charni\u00e8res de verrouillage<br \/>\n1 poign\u00e9e de transport<br \/>\n8 coins \u00e0 billes en acier<br \/>\nMousse alv\u00e9ol\u00e9e dans le couvercle<\/p>\n<p>Fabriqu\u00e9 en Allemagne<br \/>\nDimensions ext\u00e9rieures approximatives (L x P x H) : 445 x 415 x 130 mm<br \/>\nPoids approximatif : 4,3 kg<\/p>\n","protected":false},"excerpt":{"rendered":"<p>Cette valise pratique, compacte et robuste est id\u00e9ale pour une utilisation avec un insert en mousse bicolore. Elle offre une<\/p>\n","protected":false},"featured_media":293016,"template":"","meta":{"_acf_changed":false},"product_brand":[],"product_cat":[16321],"product_tag":[],"class_list":{"0":"post-292076","1":"product","2":"type-product","3":"status-publish","4":"has-post-thumbnail","6":"product_cat-case-fuer-pa-equipment-fr","8":"first","9":"instock","10":"taxable","11":"shipping-taxable","12":"purchasable","13":"product-type-simple"},"acf":[],"_links":{"self":[{"href":"https:\/\/megacase.com\/fr\/wp-json\/wp\/v2\/product\/292076","targetHints":{"allow":["GET"]}}],"collection":[{"href":"https:\/\/megacase.com\/fr\/wp-json\/wp\/v2\/product"}],"about":[{"href":"https:\/\/megacase.com\/fr\/wp-json\/wp\/v2\/types\/product"}],"wp:featuredmedia":[{"embeddable":true,"href":"https:\/\/megacase.com\/fr\/wp-json\/wp\/v2\/media\/293016"}],"wp:attachment":[{"href":"https:\/\/megacase.com\/fr\/wp-json\/wp\/v2\/media?parent=292076"}],"wp:term":[{"taxonomy":"product_brand","embeddable":true,"href":"https:\/\/megacase.com\/fr\/wp-json\/wp\/v2\/product_brand?post=292076"},{"taxonomy":"product_cat","embeddable":true,"href":"https:\/\/megacase.com\/fr\/wp-json\/wp\/v2\/product_cat?post=292076"},{"taxonomy":"product_tag","embeddable":true,"href":"https:\/\/megacase.com\/fr\/wp-json\/wp\/v2\/product_tag?post=292076"}],"curies":[{"name":"wp","href":"https:\/\/api.w.org\/{rel}","templated":true}]}}