{"id":292064,"date":"2026-03-18T09:28:38","date_gmt":"2026-03-18T08:28:38","guid":{"rendered":"https:\/\/megacase.com\/product\/3u-live-rack-40-2\/"},"modified":"2026-04-09T11:46:29","modified_gmt":"2026-04-09T09:46:29","slug":"3u-live-rack-40-2","status":"publish","type":"product","link":"https:\/\/megacase.com\/fr\/produit\/3u-live-rack-40-2\/","title":{"rendered":"3U Live Rack 40"},"content":{"rendered":"<p>Rack compact pour consoles de mixage, hauteur de montage 3U et profondeur d&rsquo;armoire de 40 cm. La profondeur d&rsquo;encastrement depuis le rail de rack est de 37 cm.<\/p>\n<p>Hauteur utile : 3U<\/p>\n<p>Profondeur d&rsquo;armoire : 40 cm<\/p>\n<p>Profondeur utile : 37 cm<br \/>\n2 couvercles<br \/>\nContreplaqu\u00e9 6,8 mm<br \/>\nFinition marron avec rev\u00eatement en r\u00e9sine ph\u00e9nolique<br \/>\nCh\u00e2ssis en aluminium 25 x 25 mm<br \/>\n4 fermetures papillon \u00e0 ressort<br \/>\n2 poign\u00e9es rabattables<br \/>\n4 pieds en caoutchouc<br \/>\nRail de rack r\u00e9glable en continu avec bordure en caoutchouc<br \/>\nKit de visserie inclus<br \/>\nCoins \u00e0 billes en acier<br \/>\nDimensions ext\u00e9rieures approximatives (L x P x H) : 550 x 545 x 190 mm<br \/>\nPoids approximatif : 8 kg<br \/>\nFabriqu\u00e9 en Allemagne<\/p>\n","protected":false},"excerpt":{"rendered":"<p>Rack compact pour consoles de mixage, hauteur de montage 3U et profondeur d&rsquo;armoire de 40 cm. La profondeur d&rsquo;encastrement depuis<\/p>\n","protected":false},"featured_media":294901,"template":"","meta":{"_acf_changed":false},"product_brand":[],"product_cat":[13593],"product_tag":[],"class_list":{"0":"post-292064","1":"product","2":"type-product","3":"status-publish","4":"has-post-thumbnail","6":"product_cat-racks-fr","8":"first","9":"instock","10":"taxable","11":"shipping-taxable","12":"purchasable","13":"product-type-simple"},"acf":[],"_links":{"self":[{"href":"https:\/\/megacase.com\/fr\/wp-json\/wp\/v2\/product\/292064","targetHints":{"allow":["GET"]}}],"collection":[{"href":"https:\/\/megacase.com\/fr\/wp-json\/wp\/v2\/product"}],"about":[{"href":"https:\/\/megacase.com\/fr\/wp-json\/wp\/v2\/types\/product"}],"wp:featuredmedia":[{"embeddable":true,"href":"https:\/\/megacase.com\/fr\/wp-json\/wp\/v2\/media\/294901"}],"wp:attachment":[{"href":"https:\/\/megacase.com\/fr\/wp-json\/wp\/v2\/media?parent=292064"}],"wp:term":[{"taxonomy":"product_brand","embeddable":true,"href":"https:\/\/megacase.com\/fr\/wp-json\/wp\/v2\/product_brand?post=292064"},{"taxonomy":"product_cat","embeddable":true,"href":"https:\/\/megacase.com\/fr\/wp-json\/wp\/v2\/product_cat?post=292064"},{"taxonomy":"product_tag","embeddable":true,"href":"https:\/\/megacase.com\/fr\/wp-json\/wp\/v2\/product_tag?post=292064"}],"curies":[{"name":"wp","href":"https:\/\/api.w.org\/{rel}","templated":true}]}}