{"id":292050,"date":"2026-03-26T09:02:48","date_gmt":"2026-03-26T08:02:48","guid":{"rendered":"https:\/\/megacase.com\/?post_type=product&#038;p=292050"},"modified":"2026-03-26T13:52:52","modified_gmt":"2026-03-26T12:52:52","slug":"etui-pour-pedales-kemper-profiler-stage-mk2-avec-pedale-dexpression-mission-engineering-ep-1-2","status":"publish","type":"product","link":"https:\/\/megacase.com\/fr\/produit\/etui-pour-pedales-kemper-profiler-stage-mk2-avec-pedale-dexpression-mission-engineering-ep-1-2\/","title":{"rendered":"\u00c9tui pour p\u00e9dales Kemper Profiler Stage \/ MK2 avec p\u00e9dale d&rsquo;expression Mission Engineering EP-1"},"content":{"rendered":"<p>Cet \u00e9tui rigide sur mesure offre une protection optimale et une praticit\u00e9 maximale pour le Kemper Profiler Stage \/ MK2, incluant une p\u00e9dale d&rsquo;expression Mission Engineering EP-1.<\/p>\n<p>Le rembourrage en mousse int\u00e9gr\u00e9 assure un maintien parfait et prot\u00e8ge efficacement les appareils des chocs et des contraintes li\u00e9es au transport. Le couvercle amovible permet un acc\u00e8s rapide, les deux appareils pouvant \u00eatre utilis\u00e9s directement depuis la base \u2013 id\u00e9al pour une utilisation imm\u00e9diate sur sc\u00e8ne ou en r\u00e9p\u00e9tition.<\/p>\n<p>Caract\u00e9ristiques :<br \/>\nContreplaqu\u00e9 laqu\u00e9 color\u00e9 de 6,8 mm \u2013 coloris au choix dans notre nuancier<br \/>\nProfil\u00e9 aluminium 22 x 22 mm<br \/>\n4 coins en L moyens<br \/>\n2 mini-fermoirs papillon<br \/>\n1 poign\u00e9e en cuir<br \/>\n8 petits coins \u00e0 billes en acier<br \/>\n4 pieds en caoutchouc 38 x 10 mm<br \/>\nRembourrage en mousse<\/p>\n<p>Fabriqu\u00e9 en Allemagne<br \/>\nDimensions ext\u00e9rieures (L x P x H) : 684 x \u200b\u200b426 x 146 mm<br \/>\nPoids : 6,2 kg<\/p>\n","protected":false},"excerpt":{"rendered":"<p>Cet \u00e9tui rigide sur mesure offre une protection optimale et une praticit\u00e9 maximale pour le Kemper Profiler Stage \/ MK2,<\/p>\n","protected":false},"featured_media":292871,"template":"","meta":{"_acf_changed":false},"product_brand":[],"product_cat":[16365],"product_tag":[],"class_list":{"0":"post-292050","1":"product","2":"type-product","3":"status-publish","4":"has-post-thumbnail","6":"product_cat-pedalcase-fr","8":"first","9":"instock","10":"taxable","11":"shipping-taxable","12":"purchasable","13":"product-type-simple"},"acf":[],"_links":{"self":[{"href":"https:\/\/megacase.com\/fr\/wp-json\/wp\/v2\/product\/292050","targetHints":{"allow":["GET"]}}],"collection":[{"href":"https:\/\/megacase.com\/fr\/wp-json\/wp\/v2\/product"}],"about":[{"href":"https:\/\/megacase.com\/fr\/wp-json\/wp\/v2\/types\/product"}],"wp:featuredmedia":[{"embeddable":true,"href":"https:\/\/megacase.com\/fr\/wp-json\/wp\/v2\/media\/292871"}],"wp:attachment":[{"href":"https:\/\/megacase.com\/fr\/wp-json\/wp\/v2\/media?parent=292050"}],"wp:term":[{"taxonomy":"product_brand","embeddable":true,"href":"https:\/\/megacase.com\/fr\/wp-json\/wp\/v2\/product_brand?post=292050"},{"taxonomy":"product_cat","embeddable":true,"href":"https:\/\/megacase.com\/fr\/wp-json\/wp\/v2\/product_cat?post=292050"},{"taxonomy":"product_tag","embeddable":true,"href":"https:\/\/megacase.com\/fr\/wp-json\/wp\/v2\/product_tag?post=292050"}],"curies":[{"name":"wp","href":"https:\/\/api.w.org\/{rel}","templated":true}]}}