{"id":291837,"date":"2026-03-26T09:02:48","date_gmt":"2026-03-26T08:02:48","guid":{"rendered":"https:\/\/megacase.com\/?post_type=product&#038;p=291837"},"modified":"2026-03-26T13:52:51","modified_gmt":"2026-03-26T12:52:51","slug":"etui-de-rangement-pour-console-de-mixage-numerique-yamaha-mgx-16-16v","status":"publish","type":"product","link":"https:\/\/megacase.com\/fr\/produit\/etui-de-rangement-pour-console-de-mixage-numerique-yamaha-mgx-16-16v\/","title":{"rendered":"\u00c9tui de rangement pour console de mixage num\u00e9rique Yamaha MGX-16 \/ 16V"},"content":{"rendered":"<p>\u00c9tui robuste en contreplaqu\u00e9 noir, con\u00e7u sp\u00e9cifiquement pour la console de mixage num\u00e9rique Yamaha MGX-16 \/ 16V.<\/p>\n<p>La base permet un acc\u00e8s direct \u00e0 la console tout en la maintenant fermement en place.<\/p>\n<p>L&rsquo;int\u00e9rieur est doubl\u00e9 de mousse pour une protection optimale.<\/p>\n<p>Un passage de c\u00e2bles de 10 cm \u00e0 l&rsquo;arri\u00e8re de la console assure une gestion soign\u00e9e des c\u00e2bles.<\/p>\n<p>Contreplaqu\u00e9 noir 6,5 mm<br \/>\nChambres en aluminium 30\/30<br \/>\n4 coins en L moyens<br \/>\n2 fermetures papillon moyennes<br \/>\n1 poign\u00e9e en cuir<br \/>\n8 coins \u00e0 billes en acier moyens<br \/>\n4 pieds en caoutchouc<br \/>\nMousse de protection<\/p>\n<p>**Remarque : Les appareils pr\u00e9sent\u00e9s sur les images sont uniquement \u00e0 titre d&rsquo;illustration et ne sont PAS inclus dans l&rsquo;offre.<\/p>\n<p>Fabriqu\u00e9 en Allemagne<br \/>\nDimensions ext\u00e9rieures : L x P x H 488 x 510 x 178 mm<br \/>\nPoids : 5,6 kg<\/p>\n","protected":false},"excerpt":{"rendered":"<p>\u00c9tui robuste en contreplaqu\u00e9 noir, con\u00e7u sp\u00e9cifiquement pour la console de mixage num\u00e9rique Yamaha MGX-16 \/ 16V. La base permet<\/p>\n","protected":false},"featured_media":291834,"template":"","meta":{"_acf_changed":false},"product_brand":[],"product_cat":[13828,16321],"product_tag":[],"class_list":{"0":"post-291837","1":"product","2":"type-product","3":"status-publish","4":"has-post-thumbnail","6":"product_cat-mischpult-cases-fr","7":"product_cat-case-fuer-pa-equipment-fr","9":"first","10":"instock","11":"taxable","12":"shipping-taxable","13":"purchasable","14":"product-type-simple"},"acf":[],"_links":{"self":[{"href":"https:\/\/megacase.com\/fr\/wp-json\/wp\/v2\/product\/291837","targetHints":{"allow":["GET"]}}],"collection":[{"href":"https:\/\/megacase.com\/fr\/wp-json\/wp\/v2\/product"}],"about":[{"href":"https:\/\/megacase.com\/fr\/wp-json\/wp\/v2\/types\/product"}],"wp:featuredmedia":[{"embeddable":true,"href":"https:\/\/megacase.com\/fr\/wp-json\/wp\/v2\/media\/291834"}],"wp:attachment":[{"href":"https:\/\/megacase.com\/fr\/wp-json\/wp\/v2\/media?parent=291837"}],"wp:term":[{"taxonomy":"product_brand","embeddable":true,"href":"https:\/\/megacase.com\/fr\/wp-json\/wp\/v2\/product_brand?post=291837"},{"taxonomy":"product_cat","embeddable":true,"href":"https:\/\/megacase.com\/fr\/wp-json\/wp\/v2\/product_cat?post=291837"},{"taxonomy":"product_tag","embeddable":true,"href":"https:\/\/megacase.com\/fr\/wp-json\/wp\/v2\/product_tag?post=291837"}],"curies":[{"name":"wp","href":"https:\/\/api.w.org\/{rel}","templated":true}]}}