{"id":291750,"date":"2026-03-26T09:02:49","date_gmt":"2026-03-26T08:02:49","guid":{"rendered":"https:\/\/megacase.com\/?post_type=product&#038;p=291750"},"modified":"2026-03-26T13:52:51","modified_gmt":"2026-03-26T12:52:51","slug":"valise-de-transport-professionnelle-pour-apelabs-marvel-spots-6-en-1","status":"publish","type":"product","link":"https:\/\/megacase.com\/fr\/produit\/valise-de-transport-professionnelle-pour-apelabs-marvel-spots-6-en-1\/","title":{"rendered":"Valise de transport professionnelle pour ApeLabs Marvel Spots 6-en-1"},"content":{"rendered":"<p>Valise de transport professionnelle robuste en polypropyl\u00e8ne noir, \u00e9quip\u00e9e de quatre roulettes pivotantes, dont deux avec freins.<\/p>\n<p>L&rsquo;int\u00e9rieur est dot\u00e9 d&rsquo;un rembourrage en mousse sur mesure et d&rsquo;un agencement pratique.<\/p>\n<p>Cette valise est con\u00e7ue pour contenir six ApeLabs Marvel Spots, incluant ApeLabs Connect, les antennes et la t\u00e9l\u00e9commande.<\/p>\n<p>Un compartiment rembourr\u00e9 de 150 mm de large est situ\u00e9 sur le c\u00f4t\u00e9 droit.<\/p>\n<p>Le couvercle est \u00e9quip\u00e9 de quatre logements pour les roues et d&rsquo;un porte-\u00e9tiquettes.<\/p>\n<p>Plateau en polypropyl\u00e8ne noir de 9 mm<br \/>\nProfil\u00e9 en aluminium de 30 x 30 mm<br \/>\n8 \u00e9querres en L<br \/>\n2 fermetures papillon moyennes<br \/>\n2 supports de couvercle avec syst\u00e8me d&rsquo;arr\u00eat automatique<br \/>\n4 poign\u00e9es pliantes moyennes<br \/>\n8 \u00e9querres \u00e0 billes en acier<br \/>\n4 logements pour les roues<br \/>\n1 porte-\u00e9tiquettes<br \/>\nMousse de protection<\/p>\n<p>**Remarque : Les appareils pr\u00e9sent\u00e9s sont \u00e0 titre indicatif uniquement et ne sont PAS inclus dans l&rsquo;offre.<\/p>\n<p>Fabriqu\u00e9 en Allemagne<br \/>\nDimensions ext\u00e9rieures : L x P x H 788 x 598 x 490 mm<br \/>\nPoids : 27,2 kg<\/p>\n","protected":false},"excerpt":{"rendered":"<p>Valise de transport professionnelle robuste en polypropyl\u00e8ne noir, \u00e9quip\u00e9e de quatre roulettes pivotantes, dont deux avec freins. L&rsquo;int\u00e9rieur est dot\u00e9<\/p>\n","protected":false},"featured_media":291743,"template":"","meta":{"_acf_changed":false},"product_brand":[],"product_cat":[16329],"product_tag":[],"class_list":{"0":"post-291750","1":"product","2":"type-product","3":"status-publish","4":"has-post-thumbnail","6":"product_cat-cases-fuer-lichtequipment-fr","8":"first","9":"instock","10":"taxable","11":"shipping-taxable","12":"purchasable","13":"product-type-simple"},"acf":[],"_links":{"self":[{"href":"https:\/\/megacase.com\/fr\/wp-json\/wp\/v2\/product\/291750","targetHints":{"allow":["GET"]}}],"collection":[{"href":"https:\/\/megacase.com\/fr\/wp-json\/wp\/v2\/product"}],"about":[{"href":"https:\/\/megacase.com\/fr\/wp-json\/wp\/v2\/types\/product"}],"wp:featuredmedia":[{"embeddable":true,"href":"https:\/\/megacase.com\/fr\/wp-json\/wp\/v2\/media\/291743"}],"wp:attachment":[{"href":"https:\/\/megacase.com\/fr\/wp-json\/wp\/v2\/media?parent=291750"}],"wp:term":[{"taxonomy":"product_brand","embeddable":true,"href":"https:\/\/megacase.com\/fr\/wp-json\/wp\/v2\/product_brand?post=291750"},{"taxonomy":"product_cat","embeddable":true,"href":"https:\/\/megacase.com\/fr\/wp-json\/wp\/v2\/product_cat?post=291750"},{"taxonomy":"product_tag","embeddable":true,"href":"https:\/\/megacase.com\/fr\/wp-json\/wp\/v2\/product_tag?post=291750"}],"curies":[{"name":"wp","href":"https:\/\/api.w.org\/{rel}","templated":true}]}}