{"id":291654,"date":"2026-03-26T09:02:49","date_gmt":"2026-03-26T08:02:49","guid":{"rendered":"https:\/\/megacase.com\/?post_type=product&#038;p=291654"},"modified":"2026-03-26T13:52:51","modified_gmt":"2026-03-26T12:52:51","slug":"mallette-de-transport-6-en-1-pour-tubes-neon-apelabs","status":"publish","type":"product","link":"https:\/\/megacase.com\/fr\/produit\/mallette-de-transport-6-en-1-pour-tubes-neon-apelabs\/","title":{"rendered":"Mallette de transport 6-en-1 pour tubes n\u00e9on ApeLabs"},"content":{"rendered":"<p>Mallette robuste en polycart noir, \u00e9quip\u00e9e de quatre roulettes pivotantes, dont deux avec freins.<\/p>\n<p>L&rsquo;int\u00e9rieur est dot\u00e9 d&rsquo;un rembourrage en mousse sur mesure pour six tubes n\u00e9on ApeLabs, incluant ApeLabs Connect, les antennes et la t\u00e9l\u00e9commande.<\/p>\n<p>Un compartiment rembourr\u00e9 de 150 mm de large est \u00e9galement pr\u00e9vu sur le c\u00f4t\u00e9 gauche.<\/p>\n<p>Le couvercle est \u00e9quip\u00e9 de quatre logements pour les roues et d&rsquo;un porte-\u00e9tiquette pour les visites guid\u00e9es.<\/p>\n<p>Polcart noir de 7 mm<br \/>\nProfil\u00e9 en aluminium 30 x 30 mm<br \/>\n4 coins en L moyens<br \/>\n3 charni\u00e8res papillon moyennes<br \/>\n4 grandes charni\u00e8res de verrouillage<br \/>\n4 poign\u00e9es pliantes moyennes<br \/>\n8 coins \u00e0 billes en acier moyens<br \/>\n4 logements pour les roues<br \/>\n1 porte-\u00e9tiquette pour les visites guid\u00e9es<br \/>\nMousse de protection<\/p>\n<p>**Remarque : Les appareils pr\u00e9sent\u00e9s sont \u00e0 titre indicatif uniquement et ne sont PAS inclus dans l&rsquo;offre.<\/p>\n<p>Fabriqu\u00e9 en Allemagne<br \/>\nDimensions ext\u00e9rieures : L x P x H 1474 x 553 x 380 mm<br \/>\nPoids : 25 kg<\/p>\n","protected":false},"excerpt":{"rendered":"<p>Mallette robuste en polycart noir, \u00e9quip\u00e9e de quatre roulettes pivotantes, dont deux avec freins. L&rsquo;int\u00e9rieur est dot\u00e9 d&rsquo;un rembourrage en<\/p>\n","protected":false},"featured_media":291651,"template":"","meta":{"_acf_changed":false},"product_brand":[],"product_cat":[16329,16336],"product_tag":[],"class_list":{"0":"post-291654","1":"product","2":"type-product","3":"status-publish","4":"has-post-thumbnail","6":"product_cat-cases-fuer-lichtequipment-fr","7":"product_cat-uncategorized-fr","9":"first","10":"instock","11":"taxable","12":"shipping-taxable","13":"purchasable","14":"product-type-simple"},"acf":[],"_links":{"self":[{"href":"https:\/\/megacase.com\/fr\/wp-json\/wp\/v2\/product\/291654","targetHints":{"allow":["GET"]}}],"collection":[{"href":"https:\/\/megacase.com\/fr\/wp-json\/wp\/v2\/product"}],"about":[{"href":"https:\/\/megacase.com\/fr\/wp-json\/wp\/v2\/types\/product"}],"wp:featuredmedia":[{"embeddable":true,"href":"https:\/\/megacase.com\/fr\/wp-json\/wp\/v2\/media\/291651"}],"wp:attachment":[{"href":"https:\/\/megacase.com\/fr\/wp-json\/wp\/v2\/media?parent=291654"}],"wp:term":[{"taxonomy":"product_brand","embeddable":true,"href":"https:\/\/megacase.com\/fr\/wp-json\/wp\/v2\/product_brand?post=291654"},{"taxonomy":"product_cat","embeddable":true,"href":"https:\/\/megacase.com\/fr\/wp-json\/wp\/v2\/product_cat?post=291654"},{"taxonomy":"product_tag","embeddable":true,"href":"https:\/\/megacase.com\/fr\/wp-json\/wp\/v2\/product_tag?post=291654"}],"curies":[{"name":"wp","href":"https:\/\/api.w.org\/{rel}","templated":true}]}}