{"id":291341,"date":"2026-03-26T09:02:49","date_gmt":"2026-03-26T08:02:49","guid":{"rendered":"https:\/\/megacase.com\/?post_type=product&#038;p=291341"},"modified":"2026-03-26T13:52:50","modified_gmt":"2026-03-26T12:52:50","slug":"flight-case-pour-console-de-mixage-yamaha-ls9-16","status":"publish","type":"product","link":"https:\/\/megacase.com\/fr\/produit\/flight-case-pour-console-de-mixage-yamaha-ls9-16\/","title":{"rendered":"Flight case pour console de mixage Yamaha LS9-16"},"content":{"rendered":"<p>Flight case noir robuste con\u00e7u pour la console de mixage Yamaha LS9-16 (16 canaux).<\/p>\n<p>Pieds antid\u00e9rapants pour une stabilit\u00e9 optimale et station d&rsquo;accueil avec ouvertures \u00e9tanches \u00e0 la poussi\u00e8re pour c\u00e2bles multiconducteurs, de chaque c\u00f4t\u00e9.<\/p>\n<p>Un canal de 17 cm permet une gestion propre et pratique des c\u00e2bles. L&rsquo;int\u00e9rieur est doubl\u00e9 de mousse pour une protection accrue et un maintien s\u00fbr de la console.<\/p>\n<p>Pour faciliter le transport, le flight case est \u00e9quip\u00e9 de quatre roulettes pivotantes, dont deux avec freins.<\/p>\n<p>Contreplaqu\u00e9 noir de 9 mm<br \/>\nProfil\u00e9 aluminium 30 x 30 mm<br \/>\n8 coins en L<br \/>\n4 fermetures papillon moyennes<br \/>\n6 poign\u00e9es pliantes moyennes<br \/>\n8 coins \u00e0 billes larges<br \/>\n2 bandes de glissement<br \/>\n4 roulettes pivotantes de 100 mm, dont 2 avec freins<br \/>\nRembourrage en mousse<\/p>\n<p>Fabriqu\u00e9 en Allemagne<br \/>\nDimensions ext\u00e9rieures (sur roulettes) : env. 565 x 325 x 908 mm (L x P x H)<br \/>\nPoids : env. 27,1 kg<\/p>\n","protected":false},"excerpt":{"rendered":"<p>Flight case noir robuste con\u00e7u pour la console de mixage Yamaha LS9-16 (16 canaux). Pieds antid\u00e9rapants pour une stabilit\u00e9 optimale<\/p>\n","protected":false},"featured_media":291385,"template":"","meta":{"_acf_changed":false},"product_brand":[],"product_cat":[13828],"product_tag":[],"class_list":{"0":"post-291341","1":"product","2":"type-product","3":"status-publish","4":"has-post-thumbnail","6":"product_cat-mischpult-cases-fr","8":"first","9":"instock","10":"taxable","11":"shipping-taxable","12":"purchasable","13":"product-type-simple"},"acf":[],"_links":{"self":[{"href":"https:\/\/megacase.com\/fr\/wp-json\/wp\/v2\/product\/291341","targetHints":{"allow":["GET"]}}],"collection":[{"href":"https:\/\/megacase.com\/fr\/wp-json\/wp\/v2\/product"}],"about":[{"href":"https:\/\/megacase.com\/fr\/wp-json\/wp\/v2\/types\/product"}],"wp:featuredmedia":[{"embeddable":true,"href":"https:\/\/megacase.com\/fr\/wp-json\/wp\/v2\/media\/291385"}],"wp:attachment":[{"href":"https:\/\/megacase.com\/fr\/wp-json\/wp\/v2\/media?parent=291341"}],"wp:term":[{"taxonomy":"product_brand","embeddable":true,"href":"https:\/\/megacase.com\/fr\/wp-json\/wp\/v2\/product_brand?post=291341"},{"taxonomy":"product_cat","embeddable":true,"href":"https:\/\/megacase.com\/fr\/wp-json\/wp\/v2\/product_cat?post=291341"},{"taxonomy":"product_tag","embeddable":true,"href":"https:\/\/megacase.com\/fr\/wp-json\/wp\/v2\/product_tag?post=291341"}],"curies":[{"name":"wp","href":"https:\/\/api.w.org\/{rel}","templated":true}]}}