{"id":291337,"date":"2026-03-26T09:02:49","date_gmt":"2026-03-26T08:02:49","guid":{"rendered":"https:\/\/megacase.com\/?post_type=product&#038;p=291337"},"modified":"2026-03-26T13:52:50","modified_gmt":"2026-03-26T12:52:50","slug":"coffre-pour-extincteur-240-x-150-x-495-mm-avec-chariot","status":"publish","type":"product","link":"https:\/\/megacase.com\/fr\/produit\/coffre-pour-extincteur-240-x-150-x-495-mm-avec-chariot\/","title":{"rendered":"Coffre pour extincteur, 240 \u00d7 150 \u00d7 495 mm, avec chariot"},"content":{"rendered":"<p>Coffret de rangement rouge adapt\u00e9 \u00e0 un extincteur de 6 litres, comme ceux de la marque Protex.<\/p>\n<p>Son transport est ais\u00e9 gr\u00e2ce \u00e0 deux roulettes d&rsquo;angle et une poign\u00e9e t\u00e9lescopique \u00e0 deux positions.<\/p>\n<p>L&rsquo;int\u00e9rieur est dot\u00e9 d&rsquo;un rembourrage en mousse au fond et sur le couvercle pour maintenir l&rsquo;extincteur en toute s\u00e9curit\u00e9.<br \/>\nLa mention \u00ab Extincteur \u00bb est imprim\u00e9e num\u00e9riquement sur la face avant du coffre.<\/p>\n<p>Contreplaqu\u00e9 rouge 6,8 mm RAL 3020<br \/>\nProfil\u00e9 aluminium 30 \u00d7 30 mm<br \/>\n1 charni\u00e8re papillon V4 moyenne, semi-coud\u00e9e<br \/>\n2 grandes charni\u00e8res \u00e0 verrouillage<br \/>\n1 l\u00e8ve-vitre \u00e0 ciseaux<br \/>\n2 roulettes d&rsquo;angle<br \/>\n1 poign\u00e9e t\u00e9lescopique \u00e0 2 positions<br \/>\n2 coins \u00e0 billes moyens<br \/>\n4 coins \u00e0 billes en L moyens<br \/>\n2 pieds en caoutchouc<\/p>\n<p>Fabriqu\u00e9 en Allemagne<br \/>\nDimensions int\u00e9rieures approximatives : Dimensions (L x P x H) : 240 x 151 x 495 mm<br \/>\nDimensions ext\u00e9rieures (L x P x H) : 369 x 237 x 588 mm<br \/>\nPoids : 7 kg<\/p>\n","protected":false},"excerpt":{"rendered":"<p>Coffret de rangement rouge adapt\u00e9 \u00e0 un extincteur de 6 litres, comme ceux de la marque Protex. Son transport est<\/p>\n","protected":false},"featured_media":291258,"template":"","meta":{"_acf_changed":false},"product_brand":[],"product_cat":[13818],"product_tag":[],"class_list":{"0":"post-291337","1":"product","2":"type-product","3":"status-publish","4":"has-post-thumbnail","6":"product_cat-case-zubehoer-fr","8":"first","9":"instock","10":"taxable","11":"shipping-taxable","12":"purchasable","13":"product-type-simple"},"acf":[],"_links":{"self":[{"href":"https:\/\/megacase.com\/fr\/wp-json\/wp\/v2\/product\/291337","targetHints":{"allow":["GET"]}}],"collection":[{"href":"https:\/\/megacase.com\/fr\/wp-json\/wp\/v2\/product"}],"about":[{"href":"https:\/\/megacase.com\/fr\/wp-json\/wp\/v2\/types\/product"}],"wp:featuredmedia":[{"embeddable":true,"href":"https:\/\/megacase.com\/fr\/wp-json\/wp\/v2\/media\/291258"}],"wp:attachment":[{"href":"https:\/\/megacase.com\/fr\/wp-json\/wp\/v2\/media?parent=291337"}],"wp:term":[{"taxonomy":"product_brand","embeddable":true,"href":"https:\/\/megacase.com\/fr\/wp-json\/wp\/v2\/product_brand?post=291337"},{"taxonomy":"product_cat","embeddable":true,"href":"https:\/\/megacase.com\/fr\/wp-json\/wp\/v2\/product_cat?post=291337"},{"taxonomy":"product_tag","embeddable":true,"href":"https:\/\/megacase.com\/fr\/wp-json\/wp\/v2\/product_tag?post=291337"}],"curies":[{"name":"wp","href":"https:\/\/api.w.org\/{rel}","templated":true}]}}