{"id":291026,"date":"2026-03-26T09:02:50","date_gmt":"2026-03-26T08:02:50","guid":{"rendered":"https:\/\/megacase.com\/?post_type=product&#038;p=291026"},"modified":"2026-03-26T13:52:50","modified_gmt":"2026-03-26T12:52:50","slug":"flight-case-2-en-1-db-audiotechnik-e8","status":"publish","type":"product","link":"https:\/\/megacase.com\/fr\/produit\/flight-case-2-en-1-db-audiotechnik-e8\/","title":{"rendered":"Flight case 2-en-1 d&amp;b audiotechnik E8"},"content":{"rendered":"<p>Flight case robuste et sur mesure pour le transport en toute s\u00e9curit\u00e9 de deux enceintes d&amp;b audiotechnik E8.<\/p>\n<p>Le rembourrage en mousse, ajust\u00e9 avec pr\u00e9cision, prot\u00e8ge efficacement les enceintes des chocs, des vibrations et des dommages li\u00e9s au transport.<\/p>\n<p>Une cloison rembourr\u00e9e interne assure la s\u00e9paration des enceintes et emp\u00eache tout contact direct entre elles. Ceci garantit une protection optimale, m\u00eame en cas de chargements et d\u00e9chargements fr\u00e9quents.<\/p>\n<p>Id\u00e9al pour les tourn\u00e9es professionnelles et la location : durable, fonctionnel et parfaitement adapt\u00e9 aux exigences de la sc\u00e8ne.<\/p>\n<p>Contreplaqu\u00e9 ph\u00e9nolique brun 6,8 mm<br \/>\nProfil\u00e9 aluminium 30 x 30 mm<br \/>\n4 \u00e9querres moyennes<br \/>\n2 fermetures papillon moyennes<br \/>\n3 poign\u00e9es pliantes moyennes<br \/>\n8 coins \u00e0 billes en acier moyens<br \/>\nMousse de protection<\/p>\n<p>Fabriqu\u00e9 en Allemagne<br \/>\nDimensions ext\u00e9rieures (L x P x H) : 554 x 298 x 468 mm<br \/>\nPoids : 9 kg<\/p>\n","protected":false},"excerpt":{"rendered":"<p>Flight case robuste et sur mesure pour le transport en toute s\u00e9curit\u00e9 de deux enceintes d&amp;b audiotechnik E8. Le rembourrage<\/p>\n","protected":false},"featured_media":290991,"template":"","meta":{"_acf_changed":false},"product_brand":[],"product_cat":[16320],"product_tag":[],"class_list":{"0":"post-291026","1":"product","2":"type-product","3":"status-publish","4":"has-post-thumbnail","6":"product_cat-audio-cases-fr","8":"first","9":"instock","10":"taxable","11":"shipping-taxable","12":"purchasable","13":"product-type-simple"},"acf":[],"_links":{"self":[{"href":"https:\/\/megacase.com\/fr\/wp-json\/wp\/v2\/product\/291026","targetHints":{"allow":["GET"]}}],"collection":[{"href":"https:\/\/megacase.com\/fr\/wp-json\/wp\/v2\/product"}],"about":[{"href":"https:\/\/megacase.com\/fr\/wp-json\/wp\/v2\/types\/product"}],"wp:featuredmedia":[{"embeddable":true,"href":"https:\/\/megacase.com\/fr\/wp-json\/wp\/v2\/media\/290991"}],"wp:attachment":[{"href":"https:\/\/megacase.com\/fr\/wp-json\/wp\/v2\/media?parent=291026"}],"wp:term":[{"taxonomy":"product_brand","embeddable":true,"href":"https:\/\/megacase.com\/fr\/wp-json\/wp\/v2\/product_brand?post=291026"},{"taxonomy":"product_cat","embeddable":true,"href":"https:\/\/megacase.com\/fr\/wp-json\/wp\/v2\/product_cat?post=291026"},{"taxonomy":"product_tag","embeddable":true,"href":"https:\/\/megacase.com\/fr\/wp-json\/wp\/v2\/product_tag?post=291026"}],"curies":[{"name":"wp","href":"https:\/\/api.w.org\/{rel}","templated":true}]}}