{"id":290950,"date":"2026-02-26T11:09:40","date_gmt":"2026-02-26T10:09:40","guid":{"rendered":"https:\/\/megacase.com\/?post_type=product&#038;p=290950"},"modified":"2026-03-26T13:41:53","modified_gmt":"2026-03-26T12:41:53","slug":"valise-apelight-maxi-v2-6en1","status":"publish","type":"product","link":"https:\/\/megacase.com\/fr\/produit\/valise-apelight-maxi-v2-6en1\/","title":{"rendered":"Valise ApeLight Maxi V2 6en1"},"content":{"rendered":"<p>Protection maximale pour des performances optimales.<\/p>\n<p>Cette valise, fabriqu\u00e9e en polypropyl\u00e8ne noir de d&rsquo;\u00e9paisseur, est sp\u00e9cialement con\u00e7ue pour six unit\u00e9s ApeLight Maxi V2 \u2013 avec un espace d\u00e9di\u00e9 \u00e0 l&rsquo;ApeLabs Connect, aux antennes et \u00e0 la t\u00e9l\u00e9commande.<\/p>\n<p>Un compartiment lat\u00e9ral rembourr\u00e9 de 150 mm de large, situ\u00e9 \u00e0 droite, offre un espace de rangement suppl\u00e9mentaire et une organisation parfaite.<\/p>\n<p>Gr\u00e2ce \u00e0 un insert en mousse sur mesure, chaque composant est maintenu en place et prot\u00e9g\u00e9 des chocs \u2013 pr\u00eat pour la prochaine utilisation.<\/p>\n<p>Sa construction robuste garantit une fiabilit\u00e9 \u00e0 toute \u00e9preuve, adapt\u00e9e aux exigences d&rsquo;une utilisation quotidienne intensive dans le secteur de l&rsquo;\u00e9v\u00e9nementiel et de la location.<\/p>\n<p>Un porte-\u00e9tiquettes int\u00e9gr\u00e9 au couvercle assure une identification claire en entrep\u00f4t ou dans le camion.<\/p>\n<p>Transport en toute s\u00e9curit\u00e9. Organisation parfaite. Pr\u00eat \u00e0 l&#8217;emploi imm\u00e9diatement.<\/p>\n<p>Panneau de particules noir de 6,5 mm<br \/>\nProfil\u00e9 aluminium 25 x 25 mm<br \/>\n4 \u00e9querres moyennes<br \/>\n2 fermetures papillon moyennes<br \/>\n2 grandes charni\u00e8res de verrouillage<br \/>\n1 poign\u00e9e pliante moyenne<br \/>\n8 coins \u00e0 billes en acier moyens<br \/>\n1 porte-\u00e9tiquettes int\u00e9gr\u00e9 au couvercle<br \/>\nRembourrage en mousse<\/p>\n<p>**Remarque : Les appareils pr\u00e9sent\u00e9s sont \u00e0 titre indicatif uniquement et ne sont PAS inclus dans l\u2019offre.<\/p>\n<p>Fabriqu\u00e9 en Allemagne<br \/>\nDimensions ext\u00e9rieures : 630 x 460 x 240 mm<br \/>\nPoids : 8,4 kg<\/p>\n","protected":false},"excerpt":{"rendered":"<p>Protection maximale pour des performances optimales. Cette valise, fabriqu\u00e9e en polypropyl\u00e8ne noir de d&rsquo;\u00e9paisseur, est sp\u00e9cialement con\u00e7ue pour six unit\u00e9s<\/p>\n","protected":false},"featured_media":290903,"template":"","meta":{"_acf_changed":false},"product_brand":[],"product_cat":[16329],"product_tag":[],"class_list":{"0":"post-290950","1":"product","2":"type-product","3":"status-publish","4":"has-post-thumbnail","6":"product_cat-cases-fuer-lichtequipment-fr","8":"first","9":"instock","10":"taxable","11":"shipping-taxable","12":"purchasable","13":"product-type-simple"},"acf":[],"_links":{"self":[{"href":"https:\/\/megacase.com\/fr\/wp-json\/wp\/v2\/product\/290950","targetHints":{"allow":["GET"]}}],"collection":[{"href":"https:\/\/megacase.com\/fr\/wp-json\/wp\/v2\/product"}],"about":[{"href":"https:\/\/megacase.com\/fr\/wp-json\/wp\/v2\/types\/product"}],"wp:featuredmedia":[{"embeddable":true,"href":"https:\/\/megacase.com\/fr\/wp-json\/wp\/v2\/media\/290903"}],"wp:attachment":[{"href":"https:\/\/megacase.com\/fr\/wp-json\/wp\/v2\/media?parent=290950"}],"wp:term":[{"taxonomy":"product_brand","embeddable":true,"href":"https:\/\/megacase.com\/fr\/wp-json\/wp\/v2\/product_brand?post=290950"},{"taxonomy":"product_cat","embeddable":true,"href":"https:\/\/megacase.com\/fr\/wp-json\/wp\/v2\/product_cat?post=290950"},{"taxonomy":"product_tag","embeddable":true,"href":"https:\/\/megacase.com\/fr\/wp-json\/wp\/v2\/product_tag?post=290950"}],"curies":[{"name":"wp","href":"https:\/\/api.w.org\/{rel}","templated":true}]}}