{"id":290755,"date":"2026-02-25T12:05:05","date_gmt":"2026-02-25T11:05:05","guid":{"rendered":"https:\/\/megacase.com\/?post_type=product&#038;p=290755"},"modified":"2026-03-26T13:41:54","modified_gmt":"2026-03-26T12:41:54","slug":"etui-pour-arturia-astrolab-37","status":"publish","type":"product","link":"https:\/\/megacase.com\/fr\/produit\/etui-pour-arturia-astrolab-37\/","title":{"rendered":"\u00c9tui pour Arturia Astrolab 37"},"content":{"rendered":"<p>\u00c9tui rigide \u00e9cologique sur mesure pour l&rsquo;Arturia Astrolab 37 \u2013 l\u00e9ger, robuste et id\u00e9al pour une utilisation nomade en studio, en salle de r\u00e9p\u00e9tition ou sur sc\u00e8ne.<\/p>\n<p>Le rembourrage en mousse int\u00e9gr\u00e9 assure un maintien optimal et prot\u00e8ge efficacement l&rsquo;instrument des chocs, des vibrations et des dommages pendant le transport.<\/p>\n<p>\u00c0 l&rsquo;arri\u00e8re de l&rsquo;instrument se trouve un passage de c\u00e2bles d&rsquo;environ 10 cm de large, offrant un espace suffisant pour les c\u00e2bles d&rsquo;alimentation et de connexion et permettant un c\u00e2blage propre et facile \u00e0 transporter.<\/p>\n<p>L&rsquo;instrument peut \u00eatre jou\u00e9 dans la partie inf\u00e9rieure de l&rsquo;\u00e9tui et peut y rester pour une utilisation imm\u00e9diate.<\/p>\n<p>Ceci garantit une installation rapide et une grande facilit\u00e9 d&rsquo;utilisation au quotidien.<\/p>\n<p>Une solution fonctionnelle et \u00e9conomique pour un transport s\u00fbr et une utilisation flexible en live.<\/p>\n<p>Contreplaqu\u00e9 ph\u00e9nolique brun 6,8 mm<br \/>\nProfil\u00e9 aluminium 22 x 22 mm<br \/>\n4 \u00e9querres d&rsquo;angle moyennes<br \/>\n1 poign\u00e9e de transport<br \/>\n2 mini poign\u00e9es papillon<br \/>\n4 petites \u00e9querres d&rsquo;angle sph\u00e9riques<br \/>\n4 petites \u00e9querres d&rsquo;angle sph\u00e9riques avec \u00e9querres d&rsquo;angle en L<br \/>\n4 pieds en caoutchouc<br \/>\nRembourrage en mousse<\/p>\n<p>**Remarque : Les \u00e9l\u00e9ments pr\u00e9sent\u00e9s sont \u00e0 titre indicatif uniquement et ne sont PAS inclus dans l&rsquo;offre.<\/p>\n<p>Fabriqu\u00e9 en Allemagne<br \/>\nDimensions ext\u00e9rieures : L x P x H 576 x 380 x 134 mm<br \/>\nPoids : 4,4 kg<\/p>\n","protected":false},"excerpt":{"rendered":"<p>\u00c9tui rigide \u00e9cologique sur mesure pour l&rsquo;Arturia Astrolab 37 \u2013 l\u00e9ger, robuste et id\u00e9al pour une utilisation nomade en studio,<\/p>\n","protected":false},"featured_media":290668,"template":"","meta":{"_acf_changed":false},"product_brand":[],"product_cat":[13787,16336],"product_tag":[],"class_list":{"0":"post-290755","1":"product","2":"type-product","3":"status-publish","4":"has-post-thumbnail","6":"product_cat-keyboard-cases-fr","7":"product_cat-uncategorized-fr","9":"first","10":"instock","11":"taxable","12":"shipping-taxable","13":"purchasable","14":"product-type-simple"},"acf":[],"_links":{"self":[{"href":"https:\/\/megacase.com\/fr\/wp-json\/wp\/v2\/product\/290755","targetHints":{"allow":["GET"]}}],"collection":[{"href":"https:\/\/megacase.com\/fr\/wp-json\/wp\/v2\/product"}],"about":[{"href":"https:\/\/megacase.com\/fr\/wp-json\/wp\/v2\/types\/product"}],"wp:featuredmedia":[{"embeddable":true,"href":"https:\/\/megacase.com\/fr\/wp-json\/wp\/v2\/media\/290668"}],"wp:attachment":[{"href":"https:\/\/megacase.com\/fr\/wp-json\/wp\/v2\/media?parent=290755"}],"wp:term":[{"taxonomy":"product_brand","embeddable":true,"href":"https:\/\/megacase.com\/fr\/wp-json\/wp\/v2\/product_brand?post=290755"},{"taxonomy":"product_cat","embeddable":true,"href":"https:\/\/megacase.com\/fr\/wp-json\/wp\/v2\/product_cat?post=290755"},{"taxonomy":"product_tag","embeddable":true,"href":"https:\/\/megacase.com\/fr\/wp-json\/wp\/v2\/product_tag?post=290755"}],"curies":[{"name":"wp","href":"https:\/\/api.w.org\/{rel}","templated":true}]}}