{"id":290367,"date":"2026-02-12T10:54:00","date_gmt":"2026-02-12T09:54:00","guid":{"rendered":"https:\/\/megacase.com\/?post_type=product&#038;p=290367"},"modified":"2026-03-26T13:41:55","modified_gmt":"2026-03-26T12:41:55","slug":"etui-pour-clavier-expressive-e-osmose-61-type-1","status":"publish","type":"product","link":"https:\/\/megacase.com\/fr\/produit\/etui-pour-clavier-expressive-e-osmose-61-type-1\/","title":{"rendered":"\u00c9tui pour clavier Expressive E Osmose 61 (Type 1)"},"content":{"rendered":"<p>\u00c9tui de clavier robuste en plastique alv\u00e9olaire noir, con\u00e7u sur mesure pour l&rsquo;Expressive E Osmose 61. Sa construction \u00e0 la fois solide et l\u00e9g\u00e8re offre une protection optimale pour un transport en toute s\u00e9curit\u00e9 en studio, sur sc\u00e8ne et en tourn\u00e9e.<\/p>\n<p>Le mod\u00e8le Type 1-61, avec son rembourrage en mousse haute densit\u00e9, assure un maintien pr\u00e9cis de l&rsquo;instrument et le prot\u00e8ge efficacement des chocs, de la pression et des vibrations. L&rsquo;instrument est ainsi parfaitement maintenu et reste bien prot\u00e9g\u00e9, m\u00eame en cas de transport fr\u00e9quent.<\/p>\n<p>Plastique alv\u00e9olaire noir 7 mm<br \/>\nProfil\u00e9 aluminium 25 x 25 mm<br \/>\n4 coins en L moyens<br \/>\n2 fermetures \u00e0 pression avec \u0153illets<br \/>\n2 grandes charni\u00e8res de verrouillage<br \/>\n1 poign\u00e9e en cuir<br \/>\n4 coins \u00e0 billes moyens<br \/>\n4 coins \u00e0 billes moyens<br \/>\nCoins en L<br \/>\nRembourrage en mousse<\/p>\n<p>Fabriqu\u00e9 en Allemagne<br \/>\nDimensions ext\u00e9rieures (L x P x H) : 960 x 415 x 170 mm<br \/>\nPoids : 5,5 kg<\/p>\n","protected":false},"excerpt":{"rendered":"<p>\u00c9tui de clavier robuste en plastique alv\u00e9olaire noir, con\u00e7u sur mesure pour l&rsquo;Expressive E Osmose 61. Sa construction \u00e0 la<\/p>\n","protected":false},"featured_media":290328,"template":"","meta":{"_acf_changed":false},"product_brand":[],"product_cat":[13787],"product_tag":[],"class_list":{"0":"post-290367","1":"product","2":"type-product","3":"status-publish","4":"has-post-thumbnail","6":"product_cat-keyboard-cases-fr","8":"first","9":"instock","10":"taxable","11":"shipping-taxable","12":"purchasable","13":"product-type-simple"},"acf":[],"_links":{"self":[{"href":"https:\/\/megacase.com\/fr\/wp-json\/wp\/v2\/product\/290367","targetHints":{"allow":["GET"]}}],"collection":[{"href":"https:\/\/megacase.com\/fr\/wp-json\/wp\/v2\/product"}],"about":[{"href":"https:\/\/megacase.com\/fr\/wp-json\/wp\/v2\/types\/product"}],"wp:featuredmedia":[{"embeddable":true,"href":"https:\/\/megacase.com\/fr\/wp-json\/wp\/v2\/media\/290328"}],"wp:attachment":[{"href":"https:\/\/megacase.com\/fr\/wp-json\/wp\/v2\/media?parent=290367"}],"wp:term":[{"taxonomy":"product_brand","embeddable":true,"href":"https:\/\/megacase.com\/fr\/wp-json\/wp\/v2\/product_brand?post=290367"},{"taxonomy":"product_cat","embeddable":true,"href":"https:\/\/megacase.com\/fr\/wp-json\/wp\/v2\/product_cat?post=290367"},{"taxonomy":"product_tag","embeddable":true,"href":"https:\/\/megacase.com\/fr\/wp-json\/wp\/v2\/product_tag?post=290367"}],"curies":[{"name":"wp","href":"https:\/\/api.w.org\/{rel}","templated":true}]}}