{"id":290265,"date":"2026-03-26T09:02:50","date_gmt":"2026-03-26T08:02:50","guid":{"rendered":"https:\/\/megacase.com\/?post_type=product&#038;p=290265"},"modified":"2026-03-26T13:52:49","modified_gmt":"2026-03-26T12:52:49","slug":"etui-pour-console-de-mixage-numerique-zoom-livetrak-l12next","status":"publish","type":"product","link":"https:\/\/megacase.com\/fr\/produit\/etui-pour-console-de-mixage-numerique-zoom-livetrak-l12next\/","title":{"rendered":"\u00c9tui pour console de mixage num\u00e9rique Zoom LiveTrak L12next"},"content":{"rendered":"<p>\u00c9tui pour console de mixage num\u00e9rique Zoom LiveTrak L12next.<br \/>\nL&rsquo;appareil est accessible par le compartiment inf\u00e9rieur.<br \/>\nUn passe-c\u00e2ble de 10 cm est situ\u00e9 \u00e0 l&rsquo;arri\u00e8re.<\/p>\n<p>Panneau antireflet noir de 6,5 mm<br \/>\nProfil\u00e9 aluminium 22 x 22 mm<br \/>\n4 \u00e9querres de renfort en L<br \/>\n2 mini-fermoirs papillon<br \/>\n1 poign\u00e9e de transport<br \/>\n4 \u00e9querres de renfort sph\u00e9riques<br \/>\n4 \u00e9querres de renfort sph\u00e9riques avec \u00e9querres en L<br \/>\n4 pieds en caoutchouc<br \/>\nRembourrage en mousse<\/p>\n<p>**Remarque : Les appareils pr\u00e9sent\u00e9s sont \u00e0 titre indicatif uniquement et ne sont PAS inclus.<\/p>\n<p>Fabriqu\u00e9 en Allemagne<br \/>\nDimensions ext\u00e9rieures (L x P x H) : 510 x 440 x 136 mm<br \/>\nPoids : 4,6 kg<\/p>\n","protected":false},"excerpt":{"rendered":"<p>\u00c9tui pour console de mixage num\u00e9rique Zoom LiveTrak L12next. L&rsquo;appareil est accessible par le compartiment inf\u00e9rieur. Un passe-c\u00e2ble de 10<\/p>\n","protected":false},"featured_media":290202,"template":"","meta":{"_acf_changed":false},"product_brand":[],"product_cat":[13828,16321],"product_tag":[],"class_list":{"0":"post-290265","1":"product","2":"type-product","3":"status-publish","4":"has-post-thumbnail","6":"product_cat-mischpult-cases-fr","7":"product_cat-case-fuer-pa-equipment-fr","9":"first","10":"instock","11":"taxable","12":"shipping-taxable","13":"purchasable","14":"product-type-simple"},"acf":[],"_links":{"self":[{"href":"https:\/\/megacase.com\/fr\/wp-json\/wp\/v2\/product\/290265","targetHints":{"allow":["GET"]}}],"collection":[{"href":"https:\/\/megacase.com\/fr\/wp-json\/wp\/v2\/product"}],"about":[{"href":"https:\/\/megacase.com\/fr\/wp-json\/wp\/v2\/types\/product"}],"wp:featuredmedia":[{"embeddable":true,"href":"https:\/\/megacase.com\/fr\/wp-json\/wp\/v2\/media\/290202"}],"wp:attachment":[{"href":"https:\/\/megacase.com\/fr\/wp-json\/wp\/v2\/media?parent=290265"}],"wp:term":[{"taxonomy":"product_brand","embeddable":true,"href":"https:\/\/megacase.com\/fr\/wp-json\/wp\/v2\/product_brand?post=290265"},{"taxonomy":"product_cat","embeddable":true,"href":"https:\/\/megacase.com\/fr\/wp-json\/wp\/v2\/product_cat?post=290265"},{"taxonomy":"product_tag","embeddable":true,"href":"https:\/\/megacase.com\/fr\/wp-json\/wp\/v2\/product_tag?post=290265"}],"curies":[{"name":"wp","href":"https:\/\/api.w.org\/{rel}","templated":true}]}}