{"id":290179,"date":"2026-02-09T12:36:03","date_gmt":"2026-02-09T11:36:03","guid":{"rendered":"https:\/\/megacase.com\/?post_type=product&#038;p=290179"},"modified":"2026-03-26T13:41:55","modified_gmt":"2026-03-26T12:41:55","slug":"etui-pour-akai-professional-mpc-xl","status":"publish","type":"product","link":"https:\/\/megacase.com\/fr\/produit\/etui-pour-akai-professional-mpc-xl\/","title":{"rendered":"\u00c9tui pour Akai Professional MPC XL"},"content":{"rendered":"<p>\u00c9tui rigide robuste et de fabrication pr\u00e9cise pour l&rsquo;Akai Professional MPC X.<\/p>\n<p>Sa construction robuste prot\u00e8ge efficacement l&rsquo;appareil des chocs, des rayures et des dommages li\u00e9s au transport \u2013 id\u00e9al pour le studio, les concerts et les tourn\u00e9es.<\/p>\n<p>Le rembourrage en mousse int\u00e9gr\u00e9 assure un maintien s\u00fbr et une fixation optimale de l&rsquo;appareil \u00e0 l&rsquo;int\u00e9rieur de l&rsquo;\u00e9tui. Il prot\u00e8ge ainsi efficacement les composants \u00e9lectroniques sensibles des vibrations et des chocs m\u00e9caniques.<\/p>\n<p>Un passage de c\u00e2bles pratique \u00e0 l&rsquo;arri\u00e8re de l&rsquo;appareil permet un c\u00e2blage propre et offre suffisamment d&rsquo;espace pour les c\u00e2bles d&rsquo;alimentation et de connexion, pour une configuration toujours pr\u00eate \u00e0 transporter.<\/p>\n<p>L&rsquo;appareil est enti\u00e8rement accessible par le dessous de l&rsquo;\u00e9tui et peut rester \u00e0 l&rsquo;int\u00e9rieur pour une utilisation imm\u00e9diate \u2013 pour une installation rapide et une praticit\u00e9 maximale.<\/p>\n<p>Contreplaqu\u00e9 ph\u00e9nolique brun 6,8 mm<br \/>\nProfil\u00e9 aluminium 22 x 22 mm<br \/>\n4 \u00e9querres moyennes en L<br \/>\n4 mini-fermoirs papillon<br \/>\n1 poign\u00e9e en cuir<br \/>\n4 petites \u00e9querres sph\u00e9riques<br \/>\n4 petites \u00e9querres sph\u00e9riques avec \u00e9querres en L<br \/>\n4 pieds en caoutchouc<br \/>\nRembourrage en mousse<\/p>\n<p>**Remarque : Le mat\u00e9riel pr\u00e9sent\u00e9 est uniquement \u00e0 titre d&rsquo;illustration et n&rsquo;est PAS inclus dans l&rsquo;offre.<\/p>\n<p>Fabriqu\u00e9 en Allemagne<br \/>\nDimensions ext\u00e9rieures (L x P x H) : 617 x 610 x 166 mm<br \/>\nPoids : 7,5 kg<\/p>\n","protected":false},"excerpt":{"rendered":"<p>\u00c9tui rigide robuste et de fabrication pr\u00e9cise pour l&rsquo;Akai Professional MPC X. Sa construction robuste prot\u00e8ge efficacement l&rsquo;appareil des chocs,<\/p>\n","protected":false},"featured_media":290104,"template":"","meta":{"_acf_changed":false},"product_brand":[],"product_cat":[13828,16321],"product_tag":[],"class_list":{"0":"post-290179","1":"product","2":"type-product","3":"status-publish","4":"has-post-thumbnail","6":"product_cat-mischpult-cases-fr","7":"product_cat-case-fuer-pa-equipment-fr","9":"first","10":"instock","11":"taxable","12":"shipping-taxable","13":"purchasable","14":"product-type-simple"},"acf":[],"_links":{"self":[{"href":"https:\/\/megacase.com\/fr\/wp-json\/wp\/v2\/product\/290179","targetHints":{"allow":["GET"]}}],"collection":[{"href":"https:\/\/megacase.com\/fr\/wp-json\/wp\/v2\/product"}],"about":[{"href":"https:\/\/megacase.com\/fr\/wp-json\/wp\/v2\/types\/product"}],"wp:featuredmedia":[{"embeddable":true,"href":"https:\/\/megacase.com\/fr\/wp-json\/wp\/v2\/media\/290104"}],"wp:attachment":[{"href":"https:\/\/megacase.com\/fr\/wp-json\/wp\/v2\/media?parent=290179"}],"wp:term":[{"taxonomy":"product_brand","embeddable":true,"href":"https:\/\/megacase.com\/fr\/wp-json\/wp\/v2\/product_brand?post=290179"},{"taxonomy":"product_cat","embeddable":true,"href":"https:\/\/megacase.com\/fr\/wp-json\/wp\/v2\/product_cat?post=290179"},{"taxonomy":"product_tag","embeddable":true,"href":"https:\/\/megacase.com\/fr\/wp-json\/wp\/v2\/product_tag?post=290179"}],"curies":[{"name":"wp","href":"https:\/\/api.w.org\/{rel}","templated":true}]}}