{"id":289919,"date":"2026-01-29T11:46:59","date_gmt":"2026-01-29T10:46:59","guid":{"rendered":"https:\/\/megacase.com\/?post_type=product&#038;p=289919"},"modified":"2026-03-26T13:41:55","modified_gmt":"2026-03-26T12:41:55","slug":"valise-de-transport-avec-fonction-trolley-pour-systeme-de-pompe-masterflex-l-s","status":"publish","type":"product","link":"https:\/\/megacase.com\/fr\/produit\/valise-de-transport-avec-fonction-trolley-pour-systeme-de-pompe-masterflex-l-s\/","title":{"rendered":"Valise de transport avec fonction trolley pour syst\u00e8me de pompe Masterflex L\/S"},"content":{"rendered":"<p>Valise robuste en polyboard noir, sp\u00e9cialement con\u00e7ue pour le transport s\u00e9curis\u00e9 d&rsquo;un syst\u00e8me de pompe Masterflex L\/S. Les unit\u00e9s sont log\u00e9es dans des compartiments rembourr\u00e9s sur mesure et restent facilement accessibles et solidement fix\u00e9es gr\u00e2ce \u00e0 des ouvertures lat\u00e9rales.<\/p>\n<p>Pour un rangement suppl\u00e9mentaire, la valise dispose d&rsquo;un compartiment rembourr\u00e9 de 10 cm de large, id\u00e9al pour les tuyaux, c\u00e2bles et autres accessoires.<\/p>\n<p>Les roulettes d&rsquo;angle int\u00e9gr\u00e9es de 75 mm et la poign\u00e9e t\u00e9lescopique encastr\u00e9e assurent un transport ais\u00e9 et confortable, parfait pour une utilisation professionnelle lors de spectacles, \u00e9v\u00e9nements ou en laboratoire mobile.<\/p>\n<p>Caract\u00e9ristiques :<br \/>\nPolyboard noir 6,5 mm<br \/>\nProfil\u00e9 aluminium 30 x 30 mm<br \/>\n4 coins en L moyens<br \/>\n2 charni\u00e8res papillon moyennes<br \/>\n2 grandes charni\u00e8res verrouillables<br \/>\n3 poign\u00e9es pliantes moyennes<br \/>\n2 coins \u00e0 rotule moyens<br \/>\n4 coins en L \u00e0 rotule moyens<br \/>\n2 roulettes d&rsquo;angle de 75 mm<br \/>\n1 poign\u00e9e t\u00e9lescopique encastr\u00e9e<br \/>\n4 pieds en caoutchouc<br \/>\nRembourrage en mousse<\/p>\n<p>**Remarque : Le mat\u00e9riel pr\u00e9sent\u00e9 est \u00e0 titre indicatif uniquement et n&rsquo;est PAS inclus dans l&rsquo;offre.<\/p>\n<p>Fabriqu\u00e9 en Allemagne<br \/>\nDimensions ext\u00e9rieures approximatives (L x P x H) : 770 x 433 x 398 mm<br \/>\nPoids approximatif : 15,3 kg<\/p>\n","protected":false},"excerpt":{"rendered":"<p>Valise robuste en polyboard noir, sp\u00e9cialement con\u00e7ue pour le transport s\u00e9curis\u00e9 d&rsquo;un syst\u00e8me de pompe Masterflex L\/S. Les unit\u00e9s sont<\/p>\n","protected":false},"featured_media":289868,"template":"","meta":{"_acf_changed":false},"product_brand":[],"product_cat":[13693,13962],"product_tag":[],"class_list":{"0":"post-289919","1":"product","2":"type-product","3":"status-publish","4":"has-post-thumbnail","6":"product_cat-truhen-cases-fr","7":"product_cat-custom-cases-fr","9":"first","10":"instock","11":"taxable","12":"shipping-taxable","13":"purchasable","14":"product-type-simple"},"acf":[],"_links":{"self":[{"href":"https:\/\/megacase.com\/fr\/wp-json\/wp\/v2\/product\/289919","targetHints":{"allow":["GET"]}}],"collection":[{"href":"https:\/\/megacase.com\/fr\/wp-json\/wp\/v2\/product"}],"about":[{"href":"https:\/\/megacase.com\/fr\/wp-json\/wp\/v2\/types\/product"}],"wp:featuredmedia":[{"embeddable":true,"href":"https:\/\/megacase.com\/fr\/wp-json\/wp\/v2\/media\/289868"}],"wp:attachment":[{"href":"https:\/\/megacase.com\/fr\/wp-json\/wp\/v2\/media?parent=289919"}],"wp:term":[{"taxonomy":"product_brand","embeddable":true,"href":"https:\/\/megacase.com\/fr\/wp-json\/wp\/v2\/product_brand?post=289919"},{"taxonomy":"product_cat","embeddable":true,"href":"https:\/\/megacase.com\/fr\/wp-json\/wp\/v2\/product_cat?post=289919"},{"taxonomy":"product_tag","embeddable":true,"href":"https:\/\/megacase.com\/fr\/wp-json\/wp\/v2\/product_tag?post=289919"}],"curies":[{"name":"wp","href":"https:\/\/api.w.org\/{rel}","templated":true}]}}