{"id":289863,"date":"2026-01-29T11:32:54","date_gmt":"2026-01-29T10:32:54","guid":{"rendered":"https:\/\/megacase.com\/?post_type=product&#038;p=289863"},"modified":"2026-03-26T13:41:56","modified_gmt":"2026-03-26T12:41:56","slug":"boitier-de-base-pour-4-rubans-led-eurolite-led-ip-t-pix-12-hcl","status":"publish","type":"product","link":"https:\/\/megacase.com\/fr\/produit\/boitier-de-base-pour-4-rubans-led-eurolite-led-ip-t-pix-12-hcl\/","title":{"rendered":"Bo\u00eetier de base pour 4 rubans LED Eurolite LED IP T-PIX 12 HCL"},"content":{"rendered":"<p>Un flight case robuste \u00e0 roulettes sert de base pour quatre rubans LED Eurolite LED IP T-PIX 12 HCL. Les composants sont soigneusement prot\u00e9g\u00e9s par un rembourrage en mousse sur mesure, assurant une protection optimale lors du transport et de l&rsquo;utilisation sur les lieux d&rsquo;\u00e9v\u00e9nements.<\/p>\n<p>Fabriqu\u00e9 en contreplaqu\u00e9 ph\u00e9nolique r\u00e9sistant, le flight case est \u00e9quip\u00e9 d&rsquo;accessoires de haute qualit\u00e9. Gr\u00e2ce \u00e0 ses quatre roulettes (dont deux avec freins), il se d\u00e9place facilement et se positionne en toute s\u00e9curit\u00e9.<\/p>\n<p>Caract\u00e9ristiques :<br \/>\nContreplaqu\u00e9 ph\u00e9nolique brun de 6,8 mm d&rsquo;\u00e9paisseur<br \/>\nProfil\u00e9 aluminium 30\/30 mm<br \/>\n4 \u00e9querres en L moyennes<br \/>\n4 \u00e9querres papillon moyennes<br \/>\n4 poign\u00e9es pliantes moyennes<br \/>\n4 \u00e9querres sph\u00e9riques moyennes<br \/>\n4 \u00e9querres sph\u00e9riques en L moyennes<br \/>\n4 roulettes pivotantes de 100 mm, dont 2 avec freins<br \/>\nMousse de protection<\/p>\n<p>Fabriqu\u00e9 en Allemagne<br \/>\nDimensions ext\u00e9rieures approximatives : Dimensions (L x P x H) : 1060 x 735 x 438 mm<br \/>\nPoids approximatif : 24,6 kg<\/p>\n","protected":false},"excerpt":{"rendered":"<p>Un flight case robuste \u00e0 roulettes sert de base pour quatre rubans LED Eurolite LED IP T-PIX 12 HCL. Les<\/p>\n","protected":false},"featured_media":289828,"template":"","meta":{"_acf_changed":false},"product_brand":[],"product_cat":[16329],"product_tag":[],"class_list":{"0":"post-289863","1":"product","2":"type-product","3":"status-publish","4":"has-post-thumbnail","6":"product_cat-cases-fuer-lichtequipment-fr","8":"first","9":"instock","10":"taxable","11":"shipping-taxable","12":"purchasable","13":"product-type-simple"},"acf":[],"_links":{"self":[{"href":"https:\/\/megacase.com\/fr\/wp-json\/wp\/v2\/product\/289863","targetHints":{"allow":["GET"]}}],"collection":[{"href":"https:\/\/megacase.com\/fr\/wp-json\/wp\/v2\/product"}],"about":[{"href":"https:\/\/megacase.com\/fr\/wp-json\/wp\/v2\/types\/product"}],"wp:featuredmedia":[{"embeddable":true,"href":"https:\/\/megacase.com\/fr\/wp-json\/wp\/v2\/media\/289828"}],"wp:attachment":[{"href":"https:\/\/megacase.com\/fr\/wp-json\/wp\/v2\/media?parent=289863"}],"wp:term":[{"taxonomy":"product_brand","embeddable":true,"href":"https:\/\/megacase.com\/fr\/wp-json\/wp\/v2\/product_brand?post=289863"},{"taxonomy":"product_cat","embeddable":true,"href":"https:\/\/megacase.com\/fr\/wp-json\/wp\/v2\/product_cat?post=289863"},{"taxonomy":"product_tag","embeddable":true,"href":"https:\/\/megacase.com\/fr\/wp-json\/wp\/v2\/product_tag?post=289863"}],"curies":[{"name":"wp","href":"https:\/\/api.w.org\/{rel}","templated":true}]}}