{"id":289807,"date":"2015-03-31T00:00:00","date_gmt":"2015-03-30T22:00:00","guid":{"rendered":"https:\/\/megacase.com\/product\/etui-miroir-de-maquillage-noir-avec-eclairage\/"},"modified":"2026-03-26T12:21:41","modified_gmt":"2026-03-26T11:21:41","slug":"etui-miroir-de-maquillage-noir-avec-eclairage","status":"publish","type":"product","link":"https:\/\/megacase.com\/fr\/produit\/etui-miroir-de-maquillage-noir-avec-eclairage\/","title":{"rendered":"\u00c9tui miroir de maquillage noir avec \u00e9clairage"},"content":{"rendered":"<p>Miroir de maquillage portable avec \u00e9clairage LED<br \/>\net prises \u00e9lectriques int\u00e9gr\u00e9es.<\/p>\n<p>Panneaux en bois multiplex 6,8 mm<br \/>\nCouleur : Noir RAL 9004<br \/>\nProfil\u00e9 aluminium 25 x 25 mm<br \/>\n4 clips de verrouillage<br \/>\n1 poign\u00e9e bandouli\u00e8re<br \/>\n8 coins plats en acier<br \/>\n4 pieds en caoutchouc<br \/>\n1 miroir avec support pivotant<br \/>\n2 prises 220 V<br \/>\n2 bandes LED<br \/>\n1 prise Neutrik Powercon NAC3 bleue<br \/>\n1 c\u00e2ble d&rsquo;alimentation Powercon bleu (150 cm)<br \/>\n1 interrupteur<\/p>\n<p>Fabriqu\u00e9 en Allemagne<br \/>\nDimensions ext\u00e9rieures : L x P x H 670 x 725 x 190 mm<br \/>\nPoids : 17,3 kg<\/p>\n","protected":false},"excerpt":{"rendered":"<p>Miroir de maquillage portable avec \u00e9clairage LED et prises \u00e9lectriques int\u00e9gr\u00e9es. Panneaux en bois multiplex 6,8 mm Couleur : Noir<\/p>\n","protected":false},"featured_media":244168,"template":"","meta":{"_acf_changed":false},"product_brand":[],"product_cat":[13691],"product_tag":[],"class_list":{"0":"post-289807","1":"product","2":"type-product","3":"status-publish","4":"has-post-thumbnail","6":"product_cat-koffer-cases-fr","8":"first","9":"instock","10":"taxable","11":"shipping-taxable","12":"purchasable","13":"product-type-simple"},"acf":[],"_links":{"self":[{"href":"https:\/\/megacase.com\/fr\/wp-json\/wp\/v2\/product\/289807","targetHints":{"allow":["GET"]}}],"collection":[{"href":"https:\/\/megacase.com\/fr\/wp-json\/wp\/v2\/product"}],"about":[{"href":"https:\/\/megacase.com\/fr\/wp-json\/wp\/v2\/types\/product"}],"wp:featuredmedia":[{"embeddable":true,"href":"https:\/\/megacase.com\/fr\/wp-json\/wp\/v2\/media\/244168"}],"wp:attachment":[{"href":"https:\/\/megacase.com\/fr\/wp-json\/wp\/v2\/media?parent=289807"}],"wp:term":[{"taxonomy":"product_brand","embeddable":true,"href":"https:\/\/megacase.com\/fr\/wp-json\/wp\/v2\/product_brand?post=289807"},{"taxonomy":"product_cat","embeddable":true,"href":"https:\/\/megacase.com\/fr\/wp-json\/wp\/v2\/product_cat?post=289807"},{"taxonomy":"product_tag","embeddable":true,"href":"https:\/\/megacase.com\/fr\/wp-json\/wp\/v2\/product_tag?post=289807"}],"curies":[{"name":"wp","href":"https:\/\/api.w.org\/{rel}","templated":true}]}}