{"id":289803,"date":"2015-10-15T00:00:00","date_gmt":"2015-10-14T22:00:00","guid":{"rendered":"https:\/\/megacase.com\/product\/etui-miroir-de-maquillage-bleu-ciel-avec-eclairage\/"},"modified":"2026-03-26T12:21:39","modified_gmt":"2026-03-26T11:21:39","slug":"etui-miroir-de-maquillage-bleu-ciel-avec-eclairage","status":"publish","type":"product","link":"https:\/\/megacase.com\/fr\/produit\/etui-miroir-de-maquillage-bleu-ciel-avec-eclairage\/","title":{"rendered":"\u00c9tui miroir de maquillage, bleu ciel, avec \u00e9clairage"},"content":{"rendered":"<p>Miroir de maquillage portable avec \u00e9clairage LED<br \/>\net prises \u00e9lectriques, int\u00e9gr\u00e9 dans un \u00e9tui.<\/p>\n<p>Contreplaqu\u00e9 6,8 mm<br \/>\nCouleur bleu ciel RAL 5015<br \/>\nProfil\u00e9 aluminium 25 x 25 mm<br \/>\n4 clips de verrouillage<br \/>\n1 poign\u00e9e bandouli\u00e8re<br \/>\n8 coins plats en acier<br \/>\n4 pieds en caoutchouc<br \/>\n1 miroir avec support pivotant<br \/>\n2 prises 220 V<br \/>\n2 bandes LED<br \/>\n1 prise Neutrik NAC3 Powercon bleue<br \/>\n1 c\u00e2ble d&rsquo;alimentation Powercon bleu, 150 cm<br \/>\n1 interrupteur<\/p>\n<p>Fabriqu\u00e9 en Allemagne<br \/>\nDimensions ext\u00e9rieures : L x P x H 670 x 725 x 190 mm<br \/>\nPoids : 17,3 kg<\/p>\n","protected":false},"excerpt":{"rendered":"<p>Miroir de maquillage portable avec \u00e9clairage LED et prises \u00e9lectriques, int\u00e9gr\u00e9 dans un \u00e9tui. Contreplaqu\u00e9 6,8 mm Couleur bleu ciel<\/p>\n","protected":false},"featured_media":244168,"template":"","meta":{"_acf_changed":false},"product_brand":[],"product_cat":[13691],"product_tag":[],"class_list":{"0":"post-289803","1":"product","2":"type-product","3":"status-publish","4":"has-post-thumbnail","6":"product_cat-koffer-cases-fr","8":"first","9":"instock","10":"taxable","11":"shipping-taxable","12":"purchasable","13":"product-type-simple"},"acf":[],"_links":{"self":[{"href":"https:\/\/megacase.com\/fr\/wp-json\/wp\/v2\/product\/289803","targetHints":{"allow":["GET"]}}],"collection":[{"href":"https:\/\/megacase.com\/fr\/wp-json\/wp\/v2\/product"}],"about":[{"href":"https:\/\/megacase.com\/fr\/wp-json\/wp\/v2\/types\/product"}],"wp:featuredmedia":[{"embeddable":true,"href":"https:\/\/megacase.com\/fr\/wp-json\/wp\/v2\/media\/244168"}],"wp:attachment":[{"href":"https:\/\/megacase.com\/fr\/wp-json\/wp\/v2\/media?parent=289803"}],"wp:term":[{"taxonomy":"product_brand","embeddable":true,"href":"https:\/\/megacase.com\/fr\/wp-json\/wp\/v2\/product_brand?post=289803"},{"taxonomy":"product_cat","embeddable":true,"href":"https:\/\/megacase.com\/fr\/wp-json\/wp\/v2\/product_cat?post=289803"},{"taxonomy":"product_tag","embeddable":true,"href":"https:\/\/megacase.com\/fr\/wp-json\/wp\/v2\/product_tag?post=289803"}],"curies":[{"name":"wp","href":"https:\/\/api.w.org\/{rel}","templated":true}]}}