{"id":288970,"date":"2025-12-18T12:25:21","date_gmt":"2025-12-18T11:25:21","guid":{"rendered":"https:\/\/megacase.com\/?post_type=product&#038;p=288970"},"modified":"2026-03-26T13:41:57","modified_gmt":"2026-03-26T12:41:57","slug":"etui-pour-console-de-mixage-allen-heath-xone-24","status":"publish","type":"product","link":"https:\/\/megacase.com\/fr\/produit\/etui-pour-console-de-mixage-allen-heath-xone-24\/","title":{"rendered":"\u00c9tui pour console de mixage Allen &amp; Heath Xone 24"},"content":{"rendered":"<p>Flight case robuste, con\u00e7u pour accueillir la table de mixage DJ Allen &amp; Heath Xone:24. L&rsquo;appareil repose en toute s\u00e9curit\u00e9 sur un rembourrage en mousse sur mesure, offrant une protection optimale contre les chocs et les dommages pendant le transport.<\/p>\n<p>Un canal de gestion des c\u00e2bles int\u00e9gr\u00e9 \u00e0 l&rsquo;arri\u00e8re de la table de mixage permet un agencement propre et pratique. La construction robuste de ce flight case, en contreplaqu\u00e9 ph\u00e9nolique et avec des accessoires de haute qualit\u00e9, est id\u00e9ale pour les DJ, les \u00e9v\u00e9nements et les tourn\u00e9es.<\/p>\n<p>Caract\u00e9ristiques :<br \/>\nContreplaqu\u00e9 ph\u00e9nolique brun de 6,8 mm<br \/>\nProfil\u00e9 en aluminium 25 x 25 mm<br \/>\n8 coins en L moyens<br \/>\n2 fermetures papillon moyennes<br \/>\n1 poign\u00e9e de transport<br \/>\n8 coins \u00e0 billes moyens<br \/>\n4 pieds en caoutchouc<br \/>\nMousse de protection<\/p>\n<p>**Remarque : Les appareils pr\u00e9sent\u00e9s sur les images sont uniquement \u00e0 titre d&rsquo;illustration et ne sont PAS inclus dans l&rsquo;offre.<\/p>\n<p>Fabriqu\u00e9 en Allemagne<br \/>\nDimensions ext\u00e9rieures (L x P x H) : 270 x 458 x 200 mm<br \/>\nPoids : 4,2 kg<\/p>\n","protected":false},"excerpt":{"rendered":"<p>Flight case robuste, con\u00e7u pour accueillir la table de mixage DJ Allen &amp; Heath Xone:24. L&rsquo;appareil repose en toute s\u00e9curit\u00e9<\/p>\n","protected":false},"featured_media":288891,"template":"","meta":{"_acf_changed":false},"product_brand":[],"product_cat":[16321,13828],"product_tag":[],"class_list":{"0":"post-288970","1":"product","2":"type-product","3":"status-publish","4":"has-post-thumbnail","6":"product_cat-case-fuer-pa-equipment-fr","7":"product_cat-mischpult-cases-fr","9":"first","10":"instock","11":"taxable","12":"shipping-taxable","13":"purchasable","14":"product-type-simple"},"acf":[],"_links":{"self":[{"href":"https:\/\/megacase.com\/fr\/wp-json\/wp\/v2\/product\/288970","targetHints":{"allow":["GET"]}}],"collection":[{"href":"https:\/\/megacase.com\/fr\/wp-json\/wp\/v2\/product"}],"about":[{"href":"https:\/\/megacase.com\/fr\/wp-json\/wp\/v2\/types\/product"}],"wp:featuredmedia":[{"embeddable":true,"href":"https:\/\/megacase.com\/fr\/wp-json\/wp\/v2\/media\/288891"}],"wp:attachment":[{"href":"https:\/\/megacase.com\/fr\/wp-json\/wp\/v2\/media?parent=288970"}],"wp:term":[{"taxonomy":"product_brand","embeddable":true,"href":"https:\/\/megacase.com\/fr\/wp-json\/wp\/v2\/product_brand?post=288970"},{"taxonomy":"product_cat","embeddable":true,"href":"https:\/\/megacase.com\/fr\/wp-json\/wp\/v2\/product_cat?post=288970"},{"taxonomy":"product_tag","embeddable":true,"href":"https:\/\/megacase.com\/fr\/wp-json\/wp\/v2\/product_tag?post=288970"}],"curies":[{"name":"wp","href":"https:\/\/api.w.org\/{rel}","templated":true}]}}