{"id":288886,"date":"2026-03-26T09:02:50","date_gmt":"2026-03-26T08:02:50","guid":{"rendered":"https:\/\/megacase.com\/?post_type=product&#038;p=288886"},"modified":"2026-03-26T13:52:49","modified_gmt":"2026-03-26T12:52:49","slug":"etui-pour-console-de-mixage-mackie-profx10-go","status":"publish","type":"product","link":"https:\/\/megacase.com\/fr\/produit\/etui-pour-console-de-mixage-mackie-profx10-go\/","title":{"rendered":"\u00c9tui pour console de mixage Mackie ProFX10 GO"},"content":{"rendered":"<p>\u00c9tui con\u00e7u pour la console de mixage Mackie ProFX10 Go.<br \/>\nComporte un passage de c\u00e2ble de 10 cm \u00e0 l&rsquo;arri\u00e8re.<br \/>\nLa console peut \u00eatre utilis\u00e9e m\u00eame lorsqu&rsquo;elle est dans l&rsquo;\u00e9tui.<\/p>\n<p>Contreplaqu\u00e9 ph\u00e9nolique brun 6,8 mm<br \/>\nProfil\u00e9 aluminium 25 x 25 mm<br \/>\n4 \u00e9querres d&rsquo;angle moyennes<br \/>\n2 fermetures papillon moyennes<br \/>\n1 poign\u00e9e de transport<br \/>\n8 \u00e9querres d&rsquo;angle \u00e0 billes en acier moyennes<br \/>\n4 pieds en caoutchouc<br \/>\nRembourrage en mousse<\/p>\n<p>**Remarque : Les appareils pr\u00e9sent\u00e9s sur les images sont uniquement \u00e0 titre d&rsquo;illustration et ne sont PAS inclus dans l&rsquo;offre.<\/p>\n<p>Fabriqu\u00e9 en Allemagne<br \/>\nDimensions ext\u00e9rieures (L x P x H) : 342 x 452 x 173 mm<br \/>\nPoids : 4,4 kg<\/p>\n","protected":false},"excerpt":{"rendered":"<p>\u00c9tui con\u00e7u pour la console de mixage Mackie ProFX10 Go. Comporte un passage de c\u00e2ble de 10 cm \u00e0 l&rsquo;arri\u00e8re.<\/p>\n","protected":false},"featured_media":288803,"template":"","meta":{"_acf_changed":false},"product_brand":[],"product_cat":[13828,16321],"product_tag":[],"class_list":{"0":"post-288886","1":"product","2":"type-product","3":"status-publish","4":"has-post-thumbnail","6":"product_cat-mischpult-cases-fr","7":"product_cat-case-fuer-pa-equipment-fr","9":"first","10":"instock","11":"taxable","12":"shipping-taxable","13":"purchasable","14":"product-type-simple"},"acf":[],"_links":{"self":[{"href":"https:\/\/megacase.com\/fr\/wp-json\/wp\/v2\/product\/288886","targetHints":{"allow":["GET"]}}],"collection":[{"href":"https:\/\/megacase.com\/fr\/wp-json\/wp\/v2\/product"}],"about":[{"href":"https:\/\/megacase.com\/fr\/wp-json\/wp\/v2\/types\/product"}],"wp:featuredmedia":[{"embeddable":true,"href":"https:\/\/megacase.com\/fr\/wp-json\/wp\/v2\/media\/288803"}],"wp:attachment":[{"href":"https:\/\/megacase.com\/fr\/wp-json\/wp\/v2\/media?parent=288886"}],"wp:term":[{"taxonomy":"product_brand","embeddable":true,"href":"https:\/\/megacase.com\/fr\/wp-json\/wp\/v2\/product_brand?post=288886"},{"taxonomy":"product_cat","embeddable":true,"href":"https:\/\/megacase.com\/fr\/wp-json\/wp\/v2\/product_cat?post=288886"},{"taxonomy":"product_tag","embeddable":true,"href":"https:\/\/megacase.com\/fr\/wp-json\/wp\/v2\/product_tag?post=288886"}],"curies":[{"name":"wp","href":"https:\/\/api.w.org\/{rel}","templated":true}]}}