{"id":288682,"date":"2025-12-15T13:01:55","date_gmt":"2025-12-15T12:01:55","guid":{"rendered":"https:\/\/megacase.com\/?post_type=product&#038;p=288682"},"modified":"2026-04-09T13:29:53","modified_gmt":"2026-04-09T11:29:53","slug":"boitier-deffet-de-sol-pour-projecteur-de-sol-line-6-helix-stadium-xl","status":"publish","type":"product","link":"https:\/\/megacase.com\/fr\/produit\/boitier-deffet-de-sol-pour-projecteur-de-sol-line-6-helix-stadium-xl\/","title":{"rendered":"Bo\u00eetier d&rsquo;effet de sol pour projecteur de sol Line 6 Helix Stadium XL"},"content":{"rendered":"<p>Bo\u00eetier d&rsquo;effet de sol pour projecteur de sol Line 6 Helix Stadium XL<br \/>\nUn passe-c\u00e2bles est situ\u00e9 \u00e0 l&rsquo;arri\u00e8re de l&rsquo;appareil.<br \/>\nL&rsquo;appareil peut \u00eatre command\u00e9 depuis sa base.<\/p>\n<p>Panneau en polypropyl\u00e8ne noir de 6,5 mm<br \/>\nProfil\u00e9 en aluminium 22 x 22 mm<br \/>\n4 coins en L moyens<br \/>\n2 mini-crochets papillon<br \/>\n1 poign\u00e9e de transport<br \/>\n8 petits coins \u00e0 billes en acier<br \/>\n4 pieds en caoutchouc<br \/>\nRembourrage en mousse dans la base et le couvercle<\/p>\n<p>**Remarque : Les appareils pr\u00e9sent\u00e9s sont \u00e0 titre indicatif uniquement et ne sont PAS inclus dans l&rsquo;offre.<\/p>\n<p>Fabriqu\u00e9 en Allemagne<br \/>\nDimensions ext\u00e9rieures : env. 558 x 395 x 152 mm<br \/>\nPoids : env. 4,8 kg<\/p>\n","protected":false},"excerpt":{"rendered":"<p>Bo\u00eetier d&rsquo;effet de sol pour projecteur de sol Line 6 Helix Stadium XL Un passe-c\u00e2bles est situ\u00e9 \u00e0 l&rsquo;arri\u00e8re de<\/p>\n","protected":false},"featured_media":288595,"template":"","meta":{"_acf_changed":false},"product_brand":[],"product_cat":[16365],"product_tag":[],"class_list":{"0":"post-288682","1":"product","2":"type-product","3":"status-publish","4":"has-post-thumbnail","6":"product_cat-pedalcase-fr","8":"first","9":"instock","10":"taxable","11":"shipping-taxable","12":"purchasable","13":"product-type-simple"},"acf":[],"_links":{"self":[{"href":"https:\/\/megacase.com\/fr\/wp-json\/wp\/v2\/product\/288682","targetHints":{"allow":["GET"]}}],"collection":[{"href":"https:\/\/megacase.com\/fr\/wp-json\/wp\/v2\/product"}],"about":[{"href":"https:\/\/megacase.com\/fr\/wp-json\/wp\/v2\/types\/product"}],"wp:featuredmedia":[{"embeddable":true,"href":"https:\/\/megacase.com\/fr\/wp-json\/wp\/v2\/media\/288595"}],"wp:attachment":[{"href":"https:\/\/megacase.com\/fr\/wp-json\/wp\/v2\/media?parent=288682"}],"wp:term":[{"taxonomy":"product_brand","embeddable":true,"href":"https:\/\/megacase.com\/fr\/wp-json\/wp\/v2\/product_brand?post=288682"},{"taxonomy":"product_cat","embeddable":true,"href":"https:\/\/megacase.com\/fr\/wp-json\/wp\/v2\/product_cat?post=288682"},{"taxonomy":"product_tag","embeddable":true,"href":"https:\/\/megacase.com\/fr\/wp-json\/wp\/v2\/product_tag?post=288682"}],"curies":[{"name":"wp","href":"https:\/\/api.w.org\/{rel}","templated":true}]}}