{"id":288590,"date":"2026-03-26T09:02:51","date_gmt":"2026-03-26T08:02:51","guid":{"rendered":"https:\/\/megacase.com\/?post_type=product&#038;p=288590"},"modified":"2026-03-26T13:52:48","modified_gmt":"2026-03-26T12:52:48","slug":"housse-pour-pied-de-moniteur-electrique-ergo-xs-efk6200z-tv-65","status":"publish","type":"product","link":"https:\/\/megacase.com\/fr\/produit\/housse-pour-pied-de-moniteur-electrique-ergo-xs-efk6200z-tv-65\/","title":{"rendered":"Housse pour pied de moniteur \u00e9lectrique ERGO XS eFK6200Z + TV 65&Prime;"},"content":{"rendered":"<p>Housse de protection robuste en deux parties pour pied de moniteur \u00e9lectrique ERGO XS eFK6200Z Avec \u00e9cran 65&Prime; mont\u00e9 (dimensions max. : 1489 x 891 x 87 mm, L x H x P)<br \/>\nLe pied de l&rsquo;\u00e9cran reste solidement fix\u00e9 \u00e0 la base.<br \/>\nCompartiment pour PC dans la base, avec sangles de fixation.<\/p>\n<p>Contreplaqu\u00e9 multiplex de 9 mm, laqu\u00e9 couleur<br \/>\n&#8211; Couleur au choix dans notre nuancier<br \/>\nProfil\u00e9 aluminium 35\/35 mm<br \/>\n12 \u00e9querres d&rsquo;angle en L<br \/>\n8 poign\u00e9es papillon<br \/>\n8 \u00e9querres \u00e0 rotule<br \/>\n4 roulettes pivotantes de 100 mm, dont 2 avec frein<br \/>\nRembourrage en mousse<\/p>\n<p>** Remarque : Les appareils pr\u00e9sent\u00e9s sont \u00e0 titre indicatif uniquement et ne sont PAS inclus dans l&rsquo;offre.<\/p>\n<p>Attention : Le pied de moniteur doit \u00eatre envoy\u00e9 \u00e0 LT-Cases pour assemblage !<\/p>\n<p>Fabriqu\u00e9 en Allemagne<br \/>\nDimensions ext\u00e9rieures (L x P x H) : 1 558 x 720 x 1 268 mm<br \/>\nPoids : 155 kg (\u00e9cran et pied inclus)<\/p>\n","protected":false},"excerpt":{"rendered":"<p>Housse de protection robuste en deux parties pour pied de moniteur \u00e9lectrique ERGO XS eFK6200Z Avec \u00e9cran 65&Prime; mont\u00e9 (dimensions<\/p>\n","protected":false},"featured_media":288551,"template":"","meta":{"_acf_changed":false},"product_brand":[],"product_cat":[13690],"product_tag":[],"class_list":{"0":"post-288590","1":"product","2":"type-product","3":"status-publish","4":"has-post-thumbnail","6":"product_cat-display-monitor-fr","8":"first","9":"instock","10":"taxable","11":"shipping-taxable","12":"purchasable","13":"product-type-simple"},"acf":[],"_links":{"self":[{"href":"https:\/\/megacase.com\/fr\/wp-json\/wp\/v2\/product\/288590","targetHints":{"allow":["GET"]}}],"collection":[{"href":"https:\/\/megacase.com\/fr\/wp-json\/wp\/v2\/product"}],"about":[{"href":"https:\/\/megacase.com\/fr\/wp-json\/wp\/v2\/types\/product"}],"wp:featuredmedia":[{"embeddable":true,"href":"https:\/\/megacase.com\/fr\/wp-json\/wp\/v2\/media\/288551"}],"wp:attachment":[{"href":"https:\/\/megacase.com\/fr\/wp-json\/wp\/v2\/media?parent=288590"}],"wp:term":[{"taxonomy":"product_brand","embeddable":true,"href":"https:\/\/megacase.com\/fr\/wp-json\/wp\/v2\/product_brand?post=288590"},{"taxonomy":"product_cat","embeddable":true,"href":"https:\/\/megacase.com\/fr\/wp-json\/wp\/v2\/product_cat?post=288590"},{"taxonomy":"product_tag","embeddable":true,"href":"https:\/\/megacase.com\/fr\/wp-json\/wp\/v2\/product_tag?post=288590"}],"curies":[{"name":"wp","href":"https:\/\/api.w.org\/{rel}","templated":true}]}}