{"id":288185,"date":"2026-03-26T09:07:47","date_gmt":"2026-03-26T08:07:47","guid":{"rendered":"https:\/\/megacase.com\/?post_type=product&#038;p=288185"},"modified":"2026-03-27T11:39:51","modified_gmt":"2026-03-27T10:39:51","slug":"etui-pour-clavier-type-3-pour-korg-kronos-88-modele-2025","status":"publish","type":"product","link":"https:\/\/megacase.com\/fr\/produit\/etui-pour-clavier-type-3-pour-korg-kronos-88-modele-2025\/","title":{"rendered":"\u00c9tui pour clavier type 3 pour Korg Kronos 88 (mod\u00e8le 2025)"},"content":{"rendered":"<p>\u00c9tui pour clavier type 3-88 en plastique alv\u00e9olaire noir, compatible avec le clavier Korg Kronos 88 touches (mod\u00e8le 2025).<br \/>\nL&rsquo;instrument est accessible par le compartiment inf\u00e9rieur.<\/p>\n<p>Couverture : plastique alv\u00e9olaire noir de 7 mm,<br \/>\nprofil\u00e9 aluminium 30 x 30 mm,<br \/>\n4 coins en L,<br \/>\n4 fermoirs papillon,<br \/>\n2 poign\u00e9es rabattables,<br \/>\n8 coins \u00e0 billes en acier,<br \/>\nrembourrage en mousse.<\/p>\n<p>**Remarque : les appareils pr\u00e9sent\u00e9s sont \u00e0 titre indicatif uniquement et ne sont pas inclus.<\/p>\n<p>Fabriqu\u00e9 en Allemagne.<br \/>\nDimensions ext\u00e9rieures (L x P x H) : 1520 x 435 x 235 mm<br \/>\nPoids : 10,9 kg<\/p>\n","protected":false},"excerpt":{"rendered":"<p>\u00c9tui pour clavier type 3-88 en plastique alv\u00e9olaire noir, compatible avec le clavier Korg Kronos 88 touches (mod\u00e8le 2025). L&rsquo;instrument<\/p>\n","protected":false},"featured_media":288106,"template":"","meta":{"_acf_changed":false},"product_brand":[],"product_cat":[13787],"product_tag":[],"class_list":{"0":"post-288185","1":"product","2":"type-product","3":"status-publish","4":"has-post-thumbnail","6":"product_cat-keyboard-cases-fr","8":"first","9":"instock","10":"taxable","11":"shipping-taxable","12":"purchasable","13":"product-type-simple"},"acf":[],"_links":{"self":[{"href":"https:\/\/megacase.com\/fr\/wp-json\/wp\/v2\/product\/288185","targetHints":{"allow":["GET"]}}],"collection":[{"href":"https:\/\/megacase.com\/fr\/wp-json\/wp\/v2\/product"}],"about":[{"href":"https:\/\/megacase.com\/fr\/wp-json\/wp\/v2\/types\/product"}],"wp:featuredmedia":[{"embeddable":true,"href":"https:\/\/megacase.com\/fr\/wp-json\/wp\/v2\/media\/288106"}],"wp:attachment":[{"href":"https:\/\/megacase.com\/fr\/wp-json\/wp\/v2\/media?parent=288185"}],"wp:term":[{"taxonomy":"product_brand","embeddable":true,"href":"https:\/\/megacase.com\/fr\/wp-json\/wp\/v2\/product_brand?post=288185"},{"taxonomy":"product_cat","embeddable":true,"href":"https:\/\/megacase.com\/fr\/wp-json\/wp\/v2\/product_cat?post=288185"},{"taxonomy":"product_tag","embeddable":true,"href":"https:\/\/megacase.com\/fr\/wp-json\/wp\/v2\/product_tag?post=288185"}],"curies":[{"name":"wp","href":"https:\/\/api.w.org\/{rel}","templated":true}]}}