{"id":288096,"date":"2026-03-26T09:02:51","date_gmt":"2026-03-26T08:02:51","guid":{"rendered":"https:\/\/megacase.com\/?post_type=product&#038;p=288096"},"modified":"2026-03-26T13:52:48","modified_gmt":"2026-03-26T12:52:48","slug":"insert-en-mousse-pour-microphones-sennheiser-spectera-dad-uhf","status":"publish","type":"product","link":"https:\/\/megacase.com\/fr\/produit\/insert-en-mousse-pour-microphones-sennheiser-spectera-dad-uhf\/","title":{"rendered":"Insert en mousse pour microphones Sennheiser Spectera DAD UHF"},"content":{"rendered":"<p>Insert en mousse noire pour deux microphones UHF \u00e0 antenne drapeau Sennheiser Spectera DAD.<br \/>\nLes deux antennes se chevauchent sans se toucher.<br \/>\nCet insert est compatible avec nos bo\u00eetiers et tiroirs rack 2U.<br \/>\nD\u00e9coupe pour la serrure pr\u00e9-usin\u00e9e.<\/p>\n<p>**Remarque : Les appareils pr\u00e9sent\u00e9s sont \u00e0 titre indicatif uniquement et ne sont PAS inclus.<\/p>\n<p>Fabriqu\u00e9 en Allemagne.<br \/>\nDimensions ext\u00e9rieures : L x P x H 400 x 370 x 60 mm<\/p>\n","protected":false},"excerpt":{"rendered":"<p>Insert en mousse noire pour deux microphones UHF \u00e0 antenne drapeau Sennheiser Spectera DAD. Les deux antennes se chevauchent sans<\/p>\n","protected":false},"featured_media":288085,"template":"","meta":{"_acf_changed":false},"product_brand":[],"product_cat":[15043],"product_tag":[],"class_list":{"0":"post-288096","1":"product","2":"type-product","3":"status-publish","4":"has-post-thumbnail","6":"product_cat-uncategorized-de","8":"first","9":"instock","10":"taxable","11":"shipping-taxable","12":"purchasable","13":"product-type-simple"},"acf":[],"_links":{"self":[{"href":"https:\/\/megacase.com\/fr\/wp-json\/wp\/v2\/product\/288096","targetHints":{"allow":["GET"]}}],"collection":[{"href":"https:\/\/megacase.com\/fr\/wp-json\/wp\/v2\/product"}],"about":[{"href":"https:\/\/megacase.com\/fr\/wp-json\/wp\/v2\/types\/product"}],"wp:featuredmedia":[{"embeddable":true,"href":"https:\/\/megacase.com\/fr\/wp-json\/wp\/v2\/media\/288085"}],"wp:attachment":[{"href":"https:\/\/megacase.com\/fr\/wp-json\/wp\/v2\/media?parent=288096"}],"wp:term":[{"taxonomy":"product_brand","embeddable":true,"href":"https:\/\/megacase.com\/fr\/wp-json\/wp\/v2\/product_brand?post=288096"},{"taxonomy":"product_cat","embeddable":true,"href":"https:\/\/megacase.com\/fr\/wp-json\/wp\/v2\/product_cat?post=288096"},{"taxonomy":"product_tag","embeddable":true,"href":"https:\/\/megacase.com\/fr\/wp-json\/wp\/v2\/product_tag?post=288096"}],"curies":[{"name":"wp","href":"https:\/\/api.w.org\/{rel}","templated":true}]}}