{"id":288068,"date":"2026-03-26T09:02:51","date_gmt":"2026-03-26T08:02:51","guid":{"rendered":"https:\/\/megacase.com\/?post_type=product&#038;p=288068"},"modified":"2026-03-26T13:52:48","modified_gmt":"2026-03-26T12:52:48","slug":"insert-en-mousse-pour-sennheiser-spectera-sek-uhf","status":"publish","type":"product","link":"https:\/\/megacase.com\/fr\/produit\/insert-en-mousse-pour-sennheiser-spectera-sek-uhf\/","title":{"rendered":"Insert en mousse pour Sennheiser Spectera SEK UHF"},"content":{"rendered":"<p>Insert en mousse noir\/rouge pour 12 \u00e9metteurs\/r\u00e9cepteurs de poche Sennheiser Spectera SEK UHF<br \/>\net 12 batteries Sennheiser BA 70.<br \/>\nUn grand compartiment pour accessoires est situ\u00e9 au centre.<br \/>\nL&rsquo;insert est compatible avec nos bo\u00eetiers et tiroirs rack 2U.<br \/>\nLa d\u00e9coupe pour la serrure est pr\u00e9-frais\u00e9e.<\/p>\n<p>**Remarque : Les appareils pr\u00e9sent\u00e9s sont \u00e0 titre indicatif uniquement et ne sont PAS inclus dans l&rsquo;offre.<\/p>\n<p>Fabriqu\u00e9 en Allemagne.<br \/>\nDimensions ext\u00e9rieures : L x P x H 400 x 370 x 60 mm<\/p>\n","protected":false},"excerpt":{"rendered":"<p>Insert en mousse noir\/rouge pour 12 \u00e9metteurs\/r\u00e9cepteurs de poche Sennheiser Spectera SEK UHF et 12 batteries Sennheiser BA 70. Un<\/p>\n","protected":false},"featured_media":288045,"template":"","meta":{"_acf_changed":false},"product_brand":[],"product_cat":[15043],"product_tag":[],"class_list":{"0":"post-288068","1":"product","2":"type-product","3":"status-publish","4":"has-post-thumbnail","6":"product_cat-uncategorized-de","8":"first","9":"instock","10":"taxable","11":"shipping-taxable","12":"purchasable","13":"product-type-simple"},"acf":[],"_links":{"self":[{"href":"https:\/\/megacase.com\/fr\/wp-json\/wp\/v2\/product\/288068","targetHints":{"allow":["GET"]}}],"collection":[{"href":"https:\/\/megacase.com\/fr\/wp-json\/wp\/v2\/product"}],"about":[{"href":"https:\/\/megacase.com\/fr\/wp-json\/wp\/v2\/types\/product"}],"wp:featuredmedia":[{"embeddable":true,"href":"https:\/\/megacase.com\/fr\/wp-json\/wp\/v2\/media\/288045"}],"wp:attachment":[{"href":"https:\/\/megacase.com\/fr\/wp-json\/wp\/v2\/media?parent=288068"}],"wp:term":[{"taxonomy":"product_brand","embeddable":true,"href":"https:\/\/megacase.com\/fr\/wp-json\/wp\/v2\/product_brand?post=288068"},{"taxonomy":"product_cat","embeddable":true,"href":"https:\/\/megacase.com\/fr\/wp-json\/wp\/v2\/product_cat?post=288068"},{"taxonomy":"product_tag","embeddable":true,"href":"https:\/\/megacase.com\/fr\/wp-json\/wp\/v2\/product_tag?post=288068"}],"curies":[{"name":"wp","href":"https:\/\/api.w.org\/{rel}","templated":true}]}}